{"id":1974,"date":"2025-11-20T16:24:03","date_gmt":"2025-11-20T15:24:03","guid":{"rendered":"https:\/\/www.od.dk\/?page_id=1974"},"modified":"2025-11-20T16:24:04","modified_gmt":"2025-11-20T15:24:04","slug":"privatlivspolitik","status":"publish","type":"page","link":"https:\/\/www.od.dk\/?page_id=1974","title":{"rendered":"Privatlivspolitik"},"content":{"rendered":"\n<p><\/p>\n\n\n\n<p>Operation Dagsv\u00e6rk er dataansvarlig for behandlingen af dine personoplysninger.<\/p>\n\n\n\n<p>Operation Dagsv\u00e6rk<br>Adresse: Studiestr\u00e6de 24, 3. th<br>By: 1455 K\u00f8benhavn K<br>CVR\/EAN: 75753217<br>Telefonnr.: 33 11 45 40<br>E-mail.: od@od.dk<\/p>\n\n\n\n<p><br><strong>Vi tager din databeskyttelse alvorligt<\/strong><\/p>\n\n\n\n<p>Vi behandler persondata og har derfor vedtaget denne persondatapolitik, der fort\u00e6ller dig, hvordan vi behandler dine data. N\u00e5r vi beder dig om at stille dine persondata til r\u00e5dighed for os, oplyser vi dig om, hvilke data vi behandler om dig og til hvilket form\u00e5l.<\/p>\n\n\n\n<h3 class=\"wp-block-heading\"><strong>Behandling af personoplysninger i forbindelse med indmeldelse i Operation Dagsv\u00e6rk<\/strong><\/h3>\n\n\n\n<p><strong>Form\u00e5l<\/strong>: Tegning og administration af nuv\u00e6rende og tidligere medlemmer, herunder medlemskontakt og opfordring til yderligere st\u00f8tte.<\/p>\n\n\n\n<p><strong>Hvilken type personoplysninger behandler vi:<br><\/strong>&#8211; Almindelige kontaktoplysninger fx: navn, telefonnummer, e-mailadresse<br>&#8211; Bankoplysninger<\/p>\n\n\n\n<p><strong>Retsgrundlaget for vores behandling af personoplysninger f\u00f8lger af:<\/strong><br>&#8211; Skatteindberetningsloven ift. almennyttige foreningers indberetning af fradragsberettigede gaver og ydelser (hvis der er mulighed for skattefradrag).<br>&#8211; Bogf\u00f8ringsloven (ifbm. fakturering).<br>&#8211; Databeskyttelsesforordningens artikel 6, stk. 1, litra b<br>&#8211; Udover h\u00e5ndtering af din aftale med os, kan vi ogs\u00e5 &#8211; p\u00e5 et senere tidspunkt &#8211; kontakte dig med henblik p\u00e5 at indsamle st\u00f8ttemidler. Retsgrundlaget for behandlingen af dine personoplysninger til dette form\u00e5l er databeskyttelsesforordningen artikel 6, stk. 1, litra f (vores legitime interesse ift. at opfylde vores form\u00e5l som almennyttigforening).<\/p>\n\n\n\n<p><strong>Opbevaring af personoplysninger:<br><\/strong>&#8211; Operation Dagsv\u00e6rk opbevarer personoplysninger indsamlet til brug for indmeldelse s\u00e5 l\u00e6nge medlemskabet er aktivt, hvormed behandlingen er n\u00f8dvendig for, at vi kan overholde forpligtigelser samt s\u00e5 l\u00e6nge, at vi er p\u00e5lagt at skulle opbevare oplysninger i henhold til lovgivningen.<br>&#8211; Vi beholder personoplysninger omfattet af bogf\u00f8ringsloven i fem \u00e5r fra udgangen af det regnskabs\u00e5r, hvor du m\u00e5tte melde dig ud af organisationen.<\/p>\n\n\n\n<p><strong>Videregivelse af personoplysninger :<br><\/strong>Personoplysninger behandles fortroligt og videregives ikke til tredjeparter. Oplysningerne overf\u00f8res ikke til lande udenfor EU\/E\u00d8S.<br><\/p>\n\n\n\n<p><strong>Dine rettigheder<\/strong><br>Du har ret til at f\u00e5 adgang til dine persondata<br>Du har til en enhver tid ret til at f\u00e5 oplyst, hvilke data vi behandler om dig, hvor de stammer fra, og hvad vi anvender dem til. Du kan ogs\u00e5 f\u00e5 oplyst, hvor l\u00e6nge vi opbevarer dine persondata, og hvem, der modtager data om dig, i det omfang vi videregiver data i Danmark og i udlandet. Hvis du anmoder om det, kan vi oplyse dig om de data, vi behandler om dig. Adgangen kan dog v\u00e6re begr\u00e6nset af hensyn til andre personers privatlivsbeskyttelse, til forretningshemmeligheder og immaterielle rettigheder. Du kan g\u00f8re brug af dine rettigheder ved at henvende dig til os. Vores kontaktoplysninger finder du \u00f8verst.<\/p>\n\n\n\n<p><strong>Du har ret til at f\u00e5 un\u00f8jagtige persondata rettet eller slettet<\/strong><br>Hvis du mener, at de persondata, vi behandler om dig, er un\u00f8jagtige, har du ret til at f\u00e5 dem rettet. Du skal henvende dig til os og oplyse os om, hvori un\u00f8jagtighederne best\u00e5r, og hvordan de kan rettes. I nogle tilf\u00e6lde vil vi have en forpligtelse til at slette dine persondata. Hvis du mener, at dine data ikke l\u00e6ngere er n\u00f8dvendige i forhold til det form\u00e5l, som vi indhentede dem til, kan du bede om at f\u00e5 dem slettet. Du kan ogs\u00e5 kontakte os, hvis du mener, at dine persondata bliver behandlet i strid med lovgivningen eller andre retlige forpligtelser. N\u00e5r du henvender dig med en anmodning om at f\u00e5 rettet eller slettet dine persondata, unders\u00f8ger vi, om betingelserne er opfyldt, og gennemf\u00f8rer i s\u00e5 fald \u00e6ndringer eller sletning s\u00e5 hurtigt som muligt.<\/p>\n\n\n\n<p><strong>Du har ret til at g\u00f8re indsigelse mod vores behandling af dine persondata<\/strong><br>Du har ret til at g\u00f8re indsigelse mod vores behandling af dine persondata. Du kan ogs\u00e5 g\u00f8re indsigelse mod vores videregivelse af dine data til markedsf\u00f8ringsform\u00e5l. Du kan bruge kontaktoplysningerne \u00f8verst til at sende en indsigelse. Hvis din indsigelse er berettiget, s\u00f8rger vi for at oph\u00f8re med behandlingen af dine persondata.<\/p>\n\n\n\n<p>Det er ogs\u00e5 muligt at klage til Datatilsynet over vores behandling af dine data.<\/p>\n\n\n\n<p>.<\/p>\n","protected":false},"excerpt":{"rendered":"<p>Operation Dagsv\u00e6rk er dataansvarlig for behandlingen af dine personoplysninger. Operation Dagsv\u00e6rkAdresse: Studiestr\u00e6de 24, 3. thBy: 1455 K\u00f8benhavn KCVR\/EAN: 75753217Telefonnr.: 33 11 45 40E-mail.: od@od.dk Vi tager din databeskyttelse alvorligt Vi behandler persondata og har derfor &hellip;<\/p>\n","protected":false},"author":15,"featured_media":0,"parent":0,"menu_order":0,"comment_status":"closed","ping_status":"closed","template":"","meta":{"footnotes":""},"acf":[],"yoast_head":"<!-- This site is optimized with the Yoast SEO plugin v22.5 - https:\/\/yoast.com\/wordpress\/plugins\/seo\/ -->\n<title>Privatlivspolitik - Operation Dagsv\u00e6rk<\/title>\n<meta name=\"robots\" content=\"index, follow, max-snippet:-1, max-image-preview:large, max-video-preview:-1\" \/>\n<link rel=\"canonical\" href=\"https:\/\/www.od.dk\/?page_id=1974\" \/>\n<meta property=\"og:locale\" content=\"da_DK\" \/>\n<meta property=\"og:type\" content=\"article\" \/>\n<meta property=\"og:title\" content=\"Privatlivspolitik - Operation Dagsv\u00e6rk\" \/>\n<meta property=\"og:description\" content=\"Operation Dagsv\u00e6rk er dataansvarlig for behandlingen af dine personoplysninger. Operation Dagsv\u00e6rkAdresse: Studiestr\u00e6de 24, 3. thBy: 1455 K\u00f8benhavn KCVR\/EAN: 75753217Telefonnr.: 33 11 45 40E-mail.: od@od.dk Vi tager din databeskyttelse alvorligt Vi behandler persondata og har derfor &hellip;\" \/>\n<meta property=\"og:url\" content=\"https:\/\/www.od.dk\/?page_id=1974\" \/>\n<meta property=\"og:site_name\" content=\"Operation Dagsv\u00e6rk\" \/>\n<meta property=\"article:modified_time\" content=\"2025-11-20T15:24:04+00:00\" \/>\n<meta name=\"twitter:card\" content=\"summary_large_image\" \/>\n<meta name=\"twitter:label1\" content=\"Estimeret l\u00e6setid\" \/>\n\t<meta name=\"twitter:data1\" content=\"4 minutter\" \/>\n<script type=\"application\/ld+json\" class=\"yoast-schema-graph\">{\"@context\":\"https:\/\/schema.org\",\"@graph\":[{\"@type\":\"WebPage\",\"@id\":\"https:\/\/www.od.dk\/?page_id=1974\",\"url\":\"https:\/\/www.od.dk\/?page_id=1974\",\"name\":\"Privatlivspolitik - Operation Dagsv\u00e6rk\",\"isPartOf\":{\"@id\":\"https:\/\/www.od.dk\/#website\"},\"datePublished\":\"2025-11-20T15:24:03+00:00\",\"dateModified\":\"2025-11-20T15:24:04+00:00\",\"breadcrumb\":{\"@id\":\"https:\/\/www.od.dk\/?page_id=1974#breadcrumb\"},\"inLanguage\":\"da-DK\",\"potentialAction\":[{\"@type\":\"ReadAction\",\"target\":[\"https:\/\/www.od.dk\/?page_id=1974\"]}]},{\"@type\":\"BreadcrumbList\",\"@id\":\"https:\/\/www.od.dk\/?page_id=1974#breadcrumb\",\"itemListElement\":[{\"@type\":\"ListItem\",\"position\":1,\"name\":\"Forside\",\"item\":\"https:\/\/www.od.dk\/\"},{\"@type\":\"ListItem\",\"position\":2,\"name\":\"Privatlivspolitik\"}]},{\"@type\":\"WebSite\",\"@id\":\"https:\/\/www.od.dk\/#website\",\"url\":\"https:\/\/www.od.dk\/\",\"name\":\"Operation Dagsv\u00e6rk\",\"description\":\"Oplysning, stillingtagen, handling\",\"alternateName\":\"OD\",\"potentialAction\":[{\"@type\":\"SearchAction\",\"target\":{\"@type\":\"EntryPoint\",\"urlTemplate\":\"https:\/\/www.od.dk\/?s={search_term_string}\"},\"query-input\":\"required name=search_term_string\"}],\"inLanguage\":\"da-DK\"}]}<\/script>\n<!-- \/ Yoast SEO plugin. -->","yoast_head_json":{"title":"Privatlivspolitik - Operation Dagsv\u00e6rk","robots":{"index":"index","follow":"follow","max-snippet":"max-snippet:-1","max-image-preview":"max-image-preview:large","max-video-preview":"max-video-preview:-1"},"canonical":"https:\/\/www.od.dk\/?page_id=1974","og_locale":"da_DK","og_type":"article","og_title":"Privatlivspolitik - Operation Dagsv\u00e6rk","og_description":"Operation Dagsv\u00e6rk er dataansvarlig for behandlingen af dine personoplysninger. Operation Dagsv\u00e6rkAdresse: Studiestr\u00e6de 24, 3. thBy: 1455 K\u00f8benhavn KCVR\/EAN: 75753217Telefonnr.: 33 11 45 40E-mail.: od@od.dk Vi tager din databeskyttelse alvorligt Vi behandler persondata og har derfor &hellip;","og_url":"https:\/\/www.od.dk\/?page_id=1974","og_site_name":"Operation Dagsv\u00e6rk","article_modified_time":"2025-11-20T15:24:04+00:00","twitter_card":"summary_large_image","twitter_misc":{"Estimeret l\u00e6setid":"4 minutter"},"schema":{"@context":"https:\/\/schema.org","@graph":[{"@type":"WebPage","@id":"https:\/\/www.od.dk\/?page_id=1974","url":"https:\/\/www.od.dk\/?page_id=1974","name":"Privatlivspolitik - Operation Dagsv\u00e6rk","isPartOf":{"@id":"https:\/\/www.od.dk\/#website"},"datePublished":"2025-11-20T15:24:03+00:00","dateModified":"2025-11-20T15:24:04+00:00","breadcrumb":{"@id":"https:\/\/www.od.dk\/?page_id=1974#breadcrumb"},"inLanguage":"da-DK","potentialAction":[{"@type":"ReadAction","target":["https:\/\/www.od.dk\/?page_id=1974"]}]},{"@type":"BreadcrumbList","@id":"https:\/\/www.od.dk\/?page_id=1974#breadcrumb","itemListElement":[{"@type":"ListItem","position":1,"name":"Forside","item":"https:\/\/www.od.dk\/"},{"@type":"ListItem","position":2,"name":"Privatlivspolitik"}]},{"@type":"WebSite","@id":"https:\/\/www.od.dk\/#website","url":"https:\/\/www.od.dk\/","name":"Operation Dagsv\u00e6rk","description":"Oplysning, stillingtagen, handling","alternateName":"OD","potentialAction":[{"@type":"SearchAction","target":{"@type":"EntryPoint","urlTemplate":"https:\/\/www.od.dk\/?s={search_term_string}"},"query-input":"required name=search_term_string"}],"inLanguage":"da-DK"}]}},"_links":{"self":[{"href":"https:\/\/www.od.dk\/index.php?rest_route=\/wp\/v2\/pages\/1974"}],"collection":[{"href":"https:\/\/www.od.dk\/index.php?rest_route=\/wp\/v2\/pages"}],"about":[{"href":"https:\/\/www.od.dk\/index.php?rest_route=\/wp\/v2\/types\/page"}],"author":[{"embeddable":true,"href":"https:\/\/www.od.dk\/index.php?rest_route=\/wp\/v2\/users\/15"}],"replies":[{"embeddable":true,"href":"https:\/\/www.od.dk\/index.php?rest_route=%2Fwp%2Fv2%2Fcomments&post=1974"}],"version-history":[{"count":1,"href":"https:\/\/www.od.dk\/index.php?rest_route=\/wp\/v2\/pages\/1974\/revisions"}],"predecessor-version":[{"id":1975,"href":"https:\/\/www.od.dk\/index.php?rest_route=\/wp\/v2\/pages\/1974\/revisions\/1975"}],"wp:attachment":[{"href":"https:\/\/www.od.dk\/index.php?rest_route=%2Fwp%2Fv2%2Fmedia&parent=1974"}],"curies":[{"name":"wp","href":"https:\/\/api.w.org\/{rel}","templated":true}]}}