{"id":2185,"date":"2026-03-19T14:27:43","date_gmt":"2026-03-19T13:27:43","guid":{"rendered":"https:\/\/www.od.dk\/?page_id=2185"},"modified":"2026-03-30T14:55:47","modified_gmt":"2026-03-30T12:55:47","slug":"vi-soeger-en-kommunikationspraktikant-til-efteraaret","status":"publish","type":"page","link":"https:\/\/www.od.dk\/?page_id=2185","title":{"rendered":"Vi s\u00f8ger en kommunikationspraktikant til efter\u00e5ret"},"content":{"rendered":"\n<p><strong>Er du en skarp formidler, der vil bruge dine evner til at hj\u00e6lpe unge med at skabe forandring i verden?<\/strong><br><strong>Dr\u00f8mmer du om en fremtid i NGO-verdenen og vil opbygge solid erfaring gennem en praktik med masser af faglig udvikling?<\/strong><\/p>\n\n\n\n<p>S\u00e5 skal du i praktik hos os!<\/p>\n\n\n\n<p>Operation Dagsv\u00e6rk leder efter en praktikant til efter\u00e5ret 2026, der har lyst til at arbejde med kommunikation og unges engagement i globale problemstillinger.<\/p>\n\n\n\n<p>Vi er Danmarks elevbev\u00e6gelse for global solidaritet. Siden 1985 har vi st\u00e5et bag Dagsv\u00e6rkdagen, hvor unge i hele landet tager fri fra skole for at arbejde og donere deres l\u00f8n til et uddannelsesprojekt et sted i verden. Her i 2026 samarbejder vi med Center for Voldsforebyggelse om et kvindeprojekt i Tyrkiet.<\/p>\n\n\n\n<p>Operation Dagsv\u00e6rks sekretariat og organisation er i h\u00f8j grad baseret p\u00e5 unge frivilliges arbejdskraft og engagement, hvilket s\u00e6tter et tydeligt pr\u00e6g p\u00e5 stemningen i hverdagen. Vi er et ungt sekretariat best\u00e5ende af en h\u00e5ndfuld fastansatte medarbejdere og en gruppe kernefrivillige. Som praktikant bliver du en del af vores hverdag med egne ansvarsomr\u00e5der og deltagelse i diverse ad hoc-opgaver.<\/p>\n\n\n\n<p><\/p>\n\n\n\n<h2 class=\"wp-block-heading\"><strong>Praktikant til kommunikation og organisering<\/strong><\/h2>\n\n\n\n<p>Du bliver en del af den del af vores arbejde, der handler om at formidle og synligg\u00f8re vores indsats. Du skal v\u00e6re med til at styrke Operation Dagsv\u00e6rks kommunikation p\u00e5 forskellige platforme og l\u00f8fte vores tilstedev\u00e6relse p\u00e5 sociale medier.<\/p>\n\n\n\n<p>Du skal ogs\u00e5 v\u00e6re med til at videreudvikle organisationens fundraisingstrategi. Vi har for nylig p\u00e5begyndt en m\u00e5lrettet indsats inden for privat fundraising og virksomhedssamarbejder, og her vil du spille en helt central rolle. Du f\u00e5r derfor masser af erfaring med fundraising, hvilket kan v\u00e6re en stor fordel, hvis du planl\u00e6gger en karriere i NGO-verdenen.<\/p>\n\n\n\n<h4 class=\"wp-block-heading\"><strong>Hvem er du?<\/strong><\/h4>\n\n\n\n<p>Vi er egentlig ikke s\u00e5 optaget af, hvad du studere.<br>Det vigtigste er, at du synes kommunikation er sp\u00e6ndende, og at du gerne vil v\u00e6re med til at g\u00f8re en forskel<br><\/p>\n\n\n\n<h4 class=\"wp-block-heading\"><strong>Hvad f\u00e5r du hos os?<\/strong><\/h4>\n\n\n\n<ul>\n<li>En ul\u00f8nnet praktik p\u00e5 30\u201337 timer om ugen (vi tilpasser os selvf\u00f8lgelig dine studieregler)<\/li>\n\n\n\n<li>Et praktikforl\u00f8b p\u00e5 5\u20136 m\u00e5neder fra august\/september med gratis frokost (vigtigt)<\/li>\n\n\n\n<li>Et arbejdsmilj\u00f8, der er ungt, socialt og fyldt med engagerede mennesker, der br\u00e6nder for det de laver<\/li>\n\n\n\n<li>Masser af faglig og personlig udvikling, og reel mulighed for at pr\u00e6ge b\u00e5de dine egne opgaver og OD\u2019s retning<\/li>\n\n\n\n<li>Fleksibilitet i din hverdag (men ogs\u00e5 perioder med tempo: forvent lidt sk\u00e6ve arbejdstider, rejser rundt i Danmark og indimellem aften- og weekendarbejde)<\/li>\n\n\n\n<li>En plads i teamet p\u00e5 lige fod med alle andre. Vi arbejder med flad struktur og kollektiv ledelse, s\u00e5 din stemme t\u00e6ller<\/li>\n<\/ul>\n\n\n\n<h4 class=\"wp-block-heading\"><strong>Ans\u00f8gning og samtaler<\/strong><\/h4>\n\n\n\n<p>Send en motiveret ans\u00f8gning (max 1 side) og CV i \u00e9t samlet dokument til job@od.dk<br>snarest muligt. I emnefeltet skriver du \u201cPraktikant OD\u201d.<br>Samtaler afholdes l\u00f8bende enten online eller p\u00e5 vores sekretariat Studiestr\u00e6de 24, K\u00f8benhavn K.<\/p>\n\n\n\n<h4 class=\"wp-block-heading\"><strong>Mere information?<\/strong><\/h4>\n\n\n\n<p>L\u00e6s mere p\u00e5 <a href=\"https:\/\/www.od.dk\/\" target=\"_blank\" rel=\"noreferrer noopener\">od.dk<\/a>, eller ring og h\u00f8r mere om praktikken:<br>Organizer Molly Koch p\u00e5 tlf.: 23984017<br>Du kan ogs\u00e5 skrive til os p\u00e5 <a href=\"mailto:od@od.dk\" target=\"_blank\" rel=\"noreferrer noopener\">od@od.dk<\/a><\/p>\n","protected":false},"excerpt":{"rendered":"<p>Er du en skarp formidler, der vil bruge dine evner til at hj\u00e6lpe unge med at skabe forandring i verden?Dr\u00f8mmer du om en fremtid i NGO-verdenen og vil opbygge solid erfaring gennem en praktik med &hellip;<\/p>\n","protected":false},"author":18,"featured_media":2066,"parent":0,"menu_order":0,"comment_status":"closed","ping_status":"closed","template":"","meta":{"footnotes":""},"acf":[],"yoast_head":"<!-- This site is optimized with the Yoast SEO plugin v22.5 - https:\/\/yoast.com\/wordpress\/plugins\/seo\/ -->\n<title>Vi s\u00f8ger en kommunikationspraktikant til efter\u00e5ret - Operation Dagsv\u00e6rk<\/title>\n<meta name=\"robots\" content=\"index, follow, max-snippet:-1, max-image-preview:large, max-video-preview:-1\" \/>\n<link rel=\"canonical\" href=\"https:\/\/www.od.dk\/?page_id=2185\" \/>\n<meta property=\"og:locale\" content=\"da_DK\" \/>\n<meta property=\"og:type\" content=\"article\" \/>\n<meta property=\"og:title\" content=\"Vi s\u00f8ger en kommunikationspraktikant til efter\u00e5ret - Operation Dagsv\u00e6rk\" \/>\n<meta property=\"og:description\" content=\"Er du en skarp formidler, der vil bruge dine evner til at hj\u00e6lpe unge med at skabe forandring i verden?Dr\u00f8mmer du om en fremtid i NGO-verdenen og vil opbygge solid erfaring gennem en praktik med &hellip;\" \/>\n<meta property=\"og:url\" content=\"https:\/\/www.od.dk\/?page_id=2185\" \/>\n<meta property=\"og:site_name\" content=\"Operation Dagsv\u00e6rk\" \/>\n<meta property=\"article:modified_time\" content=\"2026-03-30T12:55:47+00:00\" \/>\n<meta property=\"og:image\" content=\"http:\/\/www.od.dk\/wp-content\/uploads\/2026\/01\/Kopi-af-Billede1.png\" \/>\n\t<meta property=\"og:image:width\" content=\"901\" \/>\n\t<meta property=\"og:image:height\" content=\"666\" \/>\n\t<meta property=\"og:image:type\" content=\"image\/png\" \/>\n<meta name=\"twitter:card\" content=\"summary_large_image\" \/>\n<meta name=\"twitter:label1\" content=\"Estimeret l\u00e6setid\" \/>\n\t<meta name=\"twitter:data1\" content=\"3 minutter\" \/>\n<script type=\"application\/ld+json\" class=\"yoast-schema-graph\">{\"@context\":\"https:\/\/schema.org\",\"@graph\":[{\"@type\":\"WebPage\",\"@id\":\"https:\/\/www.od.dk\/?page_id=2185\",\"url\":\"https:\/\/www.od.dk\/?page_id=2185\",\"name\":\"Vi s\u00f8ger en kommunikationspraktikant til efter\u00e5ret - Operation Dagsv\u00e6rk\",\"isPartOf\":{\"@id\":\"https:\/\/www.od.dk\/#website\"},\"primaryImageOfPage\":{\"@id\":\"https:\/\/www.od.dk\/?page_id=2185#primaryimage\"},\"image\":{\"@id\":\"https:\/\/www.od.dk\/?page_id=2185#primaryimage\"},\"thumbnailUrl\":\"https:\/\/www.od.dk\/wp-content\/uploads\/2026\/01\/Kopi-af-Billede1.png\",\"datePublished\":\"2026-03-19T13:27:43+00:00\",\"dateModified\":\"2026-03-30T12:55:47+00:00\",\"breadcrumb\":{\"@id\":\"https:\/\/www.od.dk\/?page_id=2185#breadcrumb\"},\"inLanguage\":\"da-DK\",\"potentialAction\":[{\"@type\":\"ReadAction\",\"target\":[\"https:\/\/www.od.dk\/?page_id=2185\"]}]},{\"@type\":\"ImageObject\",\"inLanguage\":\"da-DK\",\"@id\":\"https:\/\/www.od.dk\/?page_id=2185#primaryimage\",\"url\":\"https:\/\/www.od.dk\/wp-content\/uploads\/2026\/01\/Kopi-af-Billede1.png\",\"contentUrl\":\"https:\/\/www.od.dk\/wp-content\/uploads\/2026\/01\/Kopi-af-Billede1.png\",\"width\":901,\"height\":666},{\"@type\":\"BreadcrumbList\",\"@id\":\"https:\/\/www.od.dk\/?page_id=2185#breadcrumb\",\"itemListElement\":[{\"@type\":\"ListItem\",\"position\":1,\"name\":\"Forside\",\"item\":\"https:\/\/www.od.dk\/\"},{\"@type\":\"ListItem\",\"position\":2,\"name\":\"Vi s\u00f8ger en kommunikationspraktikant til efter\u00e5ret\"}]},{\"@type\":\"WebSite\",\"@id\":\"https:\/\/www.od.dk\/#website\",\"url\":\"https:\/\/www.od.dk\/\",\"name\":\"Operation Dagsv\u00e6rk\",\"description\":\"Oplysning, stillingtagen, handling\",\"alternateName\":\"OD\",\"potentialAction\":[{\"@type\":\"SearchAction\",\"target\":{\"@type\":\"EntryPoint\",\"urlTemplate\":\"https:\/\/www.od.dk\/?s={search_term_string}\"},\"query-input\":\"required name=search_term_string\"}],\"inLanguage\":\"da-DK\"}]}<\/script>\n<!-- \/ Yoast SEO plugin. -->","yoast_head_json":{"title":"Vi s\u00f8ger en kommunikationspraktikant til efter\u00e5ret - Operation Dagsv\u00e6rk","robots":{"index":"index","follow":"follow","max-snippet":"max-snippet:-1","max-image-preview":"max-image-preview:large","max-video-preview":"max-video-preview:-1"},"canonical":"https:\/\/www.od.dk\/?page_id=2185","og_locale":"da_DK","og_type":"article","og_title":"Vi s\u00f8ger en kommunikationspraktikant til efter\u00e5ret - Operation Dagsv\u00e6rk","og_description":"Er du en skarp formidler, der vil bruge dine evner til at hj\u00e6lpe unge med at skabe forandring i verden?Dr\u00f8mmer du om en fremtid i NGO-verdenen og vil opbygge solid erfaring gennem en praktik med &hellip;","og_url":"https:\/\/www.od.dk\/?page_id=2185","og_site_name":"Operation Dagsv\u00e6rk","article_modified_time":"2026-03-30T12:55:47+00:00","og_image":[{"width":901,"height":666,"url":"http:\/\/www.od.dk\/wp-content\/uploads\/2026\/01\/Kopi-af-Billede1.png","type":"image\/png"}],"twitter_card":"summary_large_image","twitter_misc":{"Estimeret l\u00e6setid":"3 minutter"},"schema":{"@context":"https:\/\/schema.org","@graph":[{"@type":"WebPage","@id":"https:\/\/www.od.dk\/?page_id=2185","url":"https:\/\/www.od.dk\/?page_id=2185","name":"Vi s\u00f8ger en kommunikationspraktikant til efter\u00e5ret - Operation Dagsv\u00e6rk","isPartOf":{"@id":"https:\/\/www.od.dk\/#website"},"primaryImageOfPage":{"@id":"https:\/\/www.od.dk\/?page_id=2185#primaryimage"},"image":{"@id":"https:\/\/www.od.dk\/?page_id=2185#primaryimage"},"thumbnailUrl":"https:\/\/www.od.dk\/wp-content\/uploads\/2026\/01\/Kopi-af-Billede1.png","datePublished":"2026-03-19T13:27:43+00:00","dateModified":"2026-03-30T12:55:47+00:00","breadcrumb":{"@id":"https:\/\/www.od.dk\/?page_id=2185#breadcrumb"},"inLanguage":"da-DK","potentialAction":[{"@type":"ReadAction","target":["https:\/\/www.od.dk\/?page_id=2185"]}]},{"@type":"ImageObject","inLanguage":"da-DK","@id":"https:\/\/www.od.dk\/?page_id=2185#primaryimage","url":"https:\/\/www.od.dk\/wp-content\/uploads\/2026\/01\/Kopi-af-Billede1.png","contentUrl":"https:\/\/www.od.dk\/wp-content\/uploads\/2026\/01\/Kopi-af-Billede1.png","width":901,"height":666},{"@type":"BreadcrumbList","@id":"https:\/\/www.od.dk\/?page_id=2185#breadcrumb","itemListElement":[{"@type":"ListItem","position":1,"name":"Forside","item":"https:\/\/www.od.dk\/"},{"@type":"ListItem","position":2,"name":"Vi s\u00f8ger en kommunikationspraktikant til efter\u00e5ret"}]},{"@type":"WebSite","@id":"https:\/\/www.od.dk\/#website","url":"https:\/\/www.od.dk\/","name":"Operation Dagsv\u00e6rk","description":"Oplysning, stillingtagen, handling","alternateName":"OD","potentialAction":[{"@type":"SearchAction","target":{"@type":"EntryPoint","urlTemplate":"https:\/\/www.od.dk\/?s={search_term_string}"},"query-input":"required name=search_term_string"}],"inLanguage":"da-DK"}]}},"_links":{"self":[{"href":"https:\/\/www.od.dk\/index.php?rest_route=\/wp\/v2\/pages\/2185"}],"collection":[{"href":"https:\/\/www.od.dk\/index.php?rest_route=\/wp\/v2\/pages"}],"about":[{"href":"https:\/\/www.od.dk\/index.php?rest_route=\/wp\/v2\/types\/page"}],"author":[{"embeddable":true,"href":"https:\/\/www.od.dk\/index.php?rest_route=\/wp\/v2\/users\/18"}],"replies":[{"embeddable":true,"href":"https:\/\/www.od.dk\/index.php?rest_route=%2Fwp%2Fv2%2Fcomments&post=2185"}],"version-history":[{"count":5,"href":"https:\/\/www.od.dk\/index.php?rest_route=\/wp\/v2\/pages\/2185\/revisions"}],"predecessor-version":[{"id":2192,"href":"https:\/\/www.od.dk\/index.php?rest_route=\/wp\/v2\/pages\/2185\/revisions\/2192"}],"wp:featuredmedia":[{"embeddable":true,"href":"https:\/\/www.od.dk\/index.php?rest_route=\/wp\/v2\/media\/2066"}],"wp:attachment":[{"href":"https:\/\/www.od.dk\/index.php?rest_route=%2Fwp%2Fv2%2Fmedia&parent=2185"}],"curies":[{"name":"wp","href":"https:\/\/api.w.org\/{rel}","templated":true}]}}