{"id":2194,"date":"2026-03-20T14:57:50","date_gmt":"2026-03-20T13:57:50","guid":{"rendered":"https:\/\/www.od.dk\/?page_id=2194"},"modified":"2026-03-31T10:42:46","modified_gmt":"2026-03-31T08:42:46","slug":"hvad-gaar-pengene-til","status":"publish","type":"page","link":"https:\/\/www.od.dk\/?page_id=2194","title":{"rendered":"Hvad g\u00e5r pengene til?"},"content":{"rendered":"\n<p>N\u00e5r man k\u00f8ber et st\u00f8ttemedlemskab, er man med til at st\u00f8tte organisationen Operation Dagsv\u00e6rk. De penge, vi samler ind p\u00e5 selve Dagsv\u00e6rkdagen, <strong>g\u00e5r ubetinget til vores projektpartnere<\/strong>. Det betyder, at de ikke kan bruges til at d\u00e6kke organisationens daglige drift.<\/p>\n\n\n\n<p>Derfor har vi brug for yderligere midler for at f\u00e5 hverdagen til at h\u00e6nge sammen. Organisationen er i h\u00f8j grad drevet af unge frivillige, og vores kontorforhold er mildest talt langt fra luksuri\u00f8se. Vi spiser rigtig meget pasta med pesto, skruer ned for varmen. Sammenlignet med de fleste andre NGO\u2019er er vores driftsomkostninger derfor relativt beskedne. Men vi har stadig udgifter, der skal d\u00e6kkes: l\u00f8n til vores ansatte, husleje, el og andre helt basale omkostninger, der sikrer, at organisationen fungerer.<\/p>\n\n\n\n<figure class=\"wp-block-image size-large\"><img loading=\"lazy\" decoding=\"async\" width=\"933\" height=\"700\" src=\"https:\/\/www.od.dk\/wp-content\/uploads\/2026\/03\/FTB9YGXHY12OEA8.webp\" alt=\"\" class=\"wp-image-2195\" srcset=\"https:\/\/www.od.dk\/wp-content\/uploads\/2026\/03\/FTB9YGXHY12OEA8.webp 933w, https:\/\/www.od.dk\/wp-content\/uploads\/2026\/03\/FTB9YGXHY12OEA8-300x225.webp 300w, https:\/\/www.od.dk\/wp-content\/uploads\/2026\/03\/FTB9YGXHY12OEA8-768x576.webp 768w\" sizes=\"(max-width: 933px) 100vw, 933px\" \/><\/figure>\n\n\n\n<p><\/p>\n\n\n\n<hr class=\"wp-block-separator has-alpha-channel-opacity\"\/>\n\n\n\n<h2 class=\"wp-block-heading\">Hvorfor skal vi finansiere dette gennem jeres donationer?<\/h2>\n\n\n\n<p>I en perfekt verden beh\u00f8vede vi ikke bede dig om penge, og vi kunne udelukkende fokusere vores energi p\u00e5 at engagere gymnasieelever og samarbejde med nogle optur ungdomsorganisationer ude i verden. <\/p>\n\n\n\n<p>Men realiteten er desv\u00e6rre, at vi har mistet st\u00f8rstedelen af vores tidligere statslige bevillinger, alts\u00e5 de faste offentlige tilskud, som f\u00f8r finansierede vores drift. N\u00e5r de forsvinder, er vi n\u00f8dt til at finde midler andre steder, hvilket hidtil har v\u00e6ret gennem fonde. <\/p>\n\n\n\n<p>Fondsans\u00f8gninger tager enormt meget tid og energi, som vi i stedet kunne bruge p\u00e5 vores kernearbejde. Samtidig g\u00f8r de vores \u00f8konomi meget uforudsigelig, fordi vi aldrig ved, om vi rent faktisk f\u00e5r de midler, vi s\u00f8ger.<\/p>\n\n\n\n<p>Det betyder, at vi har sv\u00e6rt ved at planl\u00e6gge langsigtet og l\u00e6gge ordentlige budgetter, og det har ogs\u00e5 medf\u00f8rt, at vi har haft flere situationer, hvor \u00f8konomien har v\u00e6ret kritisk. Derudover ender en stor del af vores finansiering med at komme fra store private fonde, hvilket kan g\u00f8re os s\u00e5rbare og afh\u00e6ngige af st\u00f8rre akt\u00f8rer, som i v\u00e6rste fald kan tr\u00e6kke deres st\u00f8tte af politiske eller strategiske \u00e5rsager.<\/p>\n\n\n\n<p>Hvis vi i h\u00f8jere grad kunne d\u00e6kke dele af vores driftsomkostninger gennem private donationer, ville det give os langt mere frihed, stabilitet og overskud.<\/p>\n\n\n\n<p><\/p>\n","protected":false},"excerpt":{"rendered":"<p>N\u00e5r man k\u00f8ber et st\u00f8ttemedlemskab, er man med til at st\u00f8tte organisationen Operation Dagsv\u00e6rk. De penge, vi samler ind p\u00e5 selve Dagsv\u00e6rkdagen, g\u00e5r ubetinget til vores projektpartnere. Det betyder, at de ikke kan bruges til &hellip;<\/p>\n","protected":false},"author":18,"featured_media":0,"parent":0,"menu_order":0,"comment_status":"closed","ping_status":"closed","template":"","meta":{"footnotes":""},"acf":[],"yoast_head":"<!-- This site is optimized with the Yoast SEO plugin v22.5 - https:\/\/yoast.com\/wordpress\/plugins\/seo\/ -->\n<title>Hvad g\u00e5r pengene til? - Operation Dagsv\u00e6rk<\/title>\n<meta name=\"robots\" content=\"index, follow, max-snippet:-1, max-image-preview:large, max-video-preview:-1\" \/>\n<link rel=\"canonical\" href=\"https:\/\/www.od.dk\/?page_id=2194\" \/>\n<meta property=\"og:locale\" content=\"da_DK\" \/>\n<meta property=\"og:type\" content=\"article\" \/>\n<meta property=\"og:title\" content=\"Hvad g\u00e5r pengene til? - Operation Dagsv\u00e6rk\" \/>\n<meta property=\"og:description\" content=\"N\u00e5r man k\u00f8ber et st\u00f8ttemedlemskab, er man med til at st\u00f8tte organisationen Operation Dagsv\u00e6rk. De penge, vi samler ind p\u00e5 selve Dagsv\u00e6rkdagen, g\u00e5r ubetinget til vores projektpartnere. Det betyder, at de ikke kan bruges til &hellip;\" \/>\n<meta property=\"og:url\" content=\"https:\/\/www.od.dk\/?page_id=2194\" \/>\n<meta property=\"og:site_name\" content=\"Operation Dagsv\u00e6rk\" \/>\n<meta property=\"article:modified_time\" content=\"2026-03-31T08:42:46+00:00\" \/>\n<meta property=\"og:image\" content=\"https:\/\/www.od.dk\/wp-content\/uploads\/2026\/03\/FTB9YGXHY12OEA8.webp\" \/>\n<meta name=\"twitter:card\" content=\"summary_large_image\" \/>\n<meta name=\"twitter:label1\" content=\"Estimeret l\u00e6setid\" \/>\n\t<meta name=\"twitter:data1\" content=\"2 minutter\" \/>\n<script type=\"application\/ld+json\" class=\"yoast-schema-graph\">{\"@context\":\"https:\/\/schema.org\",\"@graph\":[{\"@type\":\"WebPage\",\"@id\":\"https:\/\/www.od.dk\/?page_id=2194\",\"url\":\"https:\/\/www.od.dk\/?page_id=2194\",\"name\":\"Hvad g\u00e5r pengene til? - Operation Dagsv\u00e6rk\",\"isPartOf\":{\"@id\":\"https:\/\/www.od.dk\/#website\"},\"primaryImageOfPage\":{\"@id\":\"https:\/\/www.od.dk\/?page_id=2194#primaryimage\"},\"image\":{\"@id\":\"https:\/\/www.od.dk\/?page_id=2194#primaryimage\"},\"thumbnailUrl\":\"https:\/\/www.od.dk\/wp-content\/uploads\/2026\/03\/FTB9YGXHY12OEA8.webp\",\"datePublished\":\"2026-03-20T13:57:50+00:00\",\"dateModified\":\"2026-03-31T08:42:46+00:00\",\"breadcrumb\":{\"@id\":\"https:\/\/www.od.dk\/?page_id=2194#breadcrumb\"},\"inLanguage\":\"da-DK\",\"potentialAction\":[{\"@type\":\"ReadAction\",\"target\":[\"https:\/\/www.od.dk\/?page_id=2194\"]}]},{\"@type\":\"ImageObject\",\"inLanguage\":\"da-DK\",\"@id\":\"https:\/\/www.od.dk\/?page_id=2194#primaryimage\",\"url\":\"https:\/\/www.od.dk\/wp-content\/uploads\/2026\/03\/FTB9YGXHY12OEA8.webp\",\"contentUrl\":\"https:\/\/www.od.dk\/wp-content\/uploads\/2026\/03\/FTB9YGXHY12OEA8.webp\",\"width\":933,\"height\":700},{\"@type\":\"BreadcrumbList\",\"@id\":\"https:\/\/www.od.dk\/?page_id=2194#breadcrumb\",\"itemListElement\":[{\"@type\":\"ListItem\",\"position\":1,\"name\":\"Forside\",\"item\":\"https:\/\/www.od.dk\/\"},{\"@type\":\"ListItem\",\"position\":2,\"name\":\"Hvad g\u00e5r pengene til?\"}]},{\"@type\":\"WebSite\",\"@id\":\"https:\/\/www.od.dk\/#website\",\"url\":\"https:\/\/www.od.dk\/\",\"name\":\"Operation Dagsv\u00e6rk\",\"description\":\"Oplysning, stillingtagen, handling\",\"alternateName\":\"OD\",\"potentialAction\":[{\"@type\":\"SearchAction\",\"target\":{\"@type\":\"EntryPoint\",\"urlTemplate\":\"https:\/\/www.od.dk\/?s={search_term_string}\"},\"query-input\":\"required name=search_term_string\"}],\"inLanguage\":\"da-DK\"}]}<\/script>\n<!-- \/ Yoast SEO plugin. -->","yoast_head_json":{"title":"Hvad g\u00e5r pengene til? - Operation Dagsv\u00e6rk","robots":{"index":"index","follow":"follow","max-snippet":"max-snippet:-1","max-image-preview":"max-image-preview:large","max-video-preview":"max-video-preview:-1"},"canonical":"https:\/\/www.od.dk\/?page_id=2194","og_locale":"da_DK","og_type":"article","og_title":"Hvad g\u00e5r pengene til? - Operation Dagsv\u00e6rk","og_description":"N\u00e5r man k\u00f8ber et st\u00f8ttemedlemskab, er man med til at st\u00f8tte organisationen Operation Dagsv\u00e6rk. De penge, vi samler ind p\u00e5 selve Dagsv\u00e6rkdagen, g\u00e5r ubetinget til vores projektpartnere. Det betyder, at de ikke kan bruges til &hellip;","og_url":"https:\/\/www.od.dk\/?page_id=2194","og_site_name":"Operation Dagsv\u00e6rk","article_modified_time":"2026-03-31T08:42:46+00:00","og_image":[{"url":"https:\/\/www.od.dk\/wp-content\/uploads\/2026\/03\/FTB9YGXHY12OEA8.webp"}],"twitter_card":"summary_large_image","twitter_misc":{"Estimeret l\u00e6setid":"2 minutter"},"schema":{"@context":"https:\/\/schema.org","@graph":[{"@type":"WebPage","@id":"https:\/\/www.od.dk\/?page_id=2194","url":"https:\/\/www.od.dk\/?page_id=2194","name":"Hvad g\u00e5r pengene til? - Operation Dagsv\u00e6rk","isPartOf":{"@id":"https:\/\/www.od.dk\/#website"},"primaryImageOfPage":{"@id":"https:\/\/www.od.dk\/?page_id=2194#primaryimage"},"image":{"@id":"https:\/\/www.od.dk\/?page_id=2194#primaryimage"},"thumbnailUrl":"https:\/\/www.od.dk\/wp-content\/uploads\/2026\/03\/FTB9YGXHY12OEA8.webp","datePublished":"2026-03-20T13:57:50+00:00","dateModified":"2026-03-31T08:42:46+00:00","breadcrumb":{"@id":"https:\/\/www.od.dk\/?page_id=2194#breadcrumb"},"inLanguage":"da-DK","potentialAction":[{"@type":"ReadAction","target":["https:\/\/www.od.dk\/?page_id=2194"]}]},{"@type":"ImageObject","inLanguage":"da-DK","@id":"https:\/\/www.od.dk\/?page_id=2194#primaryimage","url":"https:\/\/www.od.dk\/wp-content\/uploads\/2026\/03\/FTB9YGXHY12OEA8.webp","contentUrl":"https:\/\/www.od.dk\/wp-content\/uploads\/2026\/03\/FTB9YGXHY12OEA8.webp","width":933,"height":700},{"@type":"BreadcrumbList","@id":"https:\/\/www.od.dk\/?page_id=2194#breadcrumb","itemListElement":[{"@type":"ListItem","position":1,"name":"Forside","item":"https:\/\/www.od.dk\/"},{"@type":"ListItem","position":2,"name":"Hvad g\u00e5r pengene til?"}]},{"@type":"WebSite","@id":"https:\/\/www.od.dk\/#website","url":"https:\/\/www.od.dk\/","name":"Operation Dagsv\u00e6rk","description":"Oplysning, stillingtagen, handling","alternateName":"OD","potentialAction":[{"@type":"SearchAction","target":{"@type":"EntryPoint","urlTemplate":"https:\/\/www.od.dk\/?s={search_term_string}"},"query-input":"required name=search_term_string"}],"inLanguage":"da-DK"}]}},"_links":{"self":[{"href":"https:\/\/www.od.dk\/index.php?rest_route=\/wp\/v2\/pages\/2194"}],"collection":[{"href":"https:\/\/www.od.dk\/index.php?rest_route=\/wp\/v2\/pages"}],"about":[{"href":"https:\/\/www.od.dk\/index.php?rest_route=\/wp\/v2\/types\/page"}],"author":[{"embeddable":true,"href":"https:\/\/www.od.dk\/index.php?rest_route=\/wp\/v2\/users\/18"}],"replies":[{"embeddable":true,"href":"https:\/\/www.od.dk\/index.php?rest_route=%2Fwp%2Fv2%2Fcomments&post=2194"}],"version-history":[{"count":4,"href":"https:\/\/www.od.dk\/index.php?rest_route=\/wp\/v2\/pages\/2194\/revisions"}],"predecessor-version":[{"id":2217,"href":"https:\/\/www.od.dk\/index.php?rest_route=\/wp\/v2\/pages\/2194\/revisions\/2217"}],"wp:attachment":[{"href":"https:\/\/www.od.dk\/index.php?rest_route=%2Fwp%2Fv2%2Fmedia&parent=2194"}],"curies":[{"name":"wp","href":"https:\/\/api.w.org\/{rel}","templated":true}]}}