{"id":2227,"date":"2026-04-08T15:54:53","date_gmt":"2026-04-08T13:54:53","guid":{"rendered":"https:\/\/www.od.dk\/?page_id=2227"},"modified":"2026-04-08T15:56:24","modified_gmt":"2026-04-08T13:56:24","slug":"ungdomsleder-i-zimbabwe","status":"publish","type":"page","link":"https:\/\/www.od.dk\/?page_id=2227","title":{"rendered":"Ungdomsleder i Zimbabwe"},"content":{"rendered":"\n<p class=\"has-medium-font-size\"><strong>Tre m\u00e5neder i Zimbabwe med f\u00e6llesskab, projektarbejde, nye internationale relationer og en masse meningsfuldhed &#8211; Bliv ungdomsleder hos Operation Dagsv\u00e6rk!<\/strong><\/p>\n\n\n\n<p>Operation Dagsv\u00e6rk er en elevbev\u00e6gelse der siden 1985 har lavet engagementskampagner om og afholdt den \u00e5rlige dagsv\u00e6rkdag for et globalt solidaritetsprojekt. Projekterne og kampagnerne laves af frivillige hos Operation Dagsv\u00e6rk i samarbejde med vores partnere og andre unge ude i verden.&nbsp;<\/p>\n\n\n\n<p>I 2024 var vores kampagnefokus p\u00e5 et projekt for unges mentale trivsel i Zimbabwe &#8211; og siden har projektet v\u00e6ret i fuld gang. Gennem kunst, sport og ungef\u00e6llesskaber skal projektet bidrage til at bryde tabuer og styrke den mentale trivsel i Zimbabwes udsatte urbane omr\u00e5der. Til efter\u00e5ret 2026 styrker vi samarbejdet og projektet ved at tilknytte fire ungdomsledere &#8211; to fra Zimbabwe og to fra Danmark &#8211; der skal arbejde fuld tid sammen med vores partner Magamba Network p\u00e5 projektet, og v\u00e6re med til at f\u00e5 de Zimbabweanske frivilliges id\u00e9er og initiativer til at blive til virkelighed. Alt arbejdet foreg\u00e5r alts\u00e5 i samarbejde med en anden dansk ungdomsleder og to fra Zimbabwe &#8211; og I kommer til at f\u00e5 st\u00f8tte fra de involverede organisationer hele vejen igennem.<\/p>\n\n\n\n<p>Som ungdomsleder p\u00e5 projektet deltager man f\u00f8rst i et program p\u00e5 tre uger i Danmark og derefter arbejder man fuldtid p\u00e5 projektet i tre m\u00e5neder i Zimbabwe, prim\u00e6rt i Harare. Ungdomsledernes ophold er finansieret som del af projektet og man f\u00e5r hj\u00e6lp fra organisationerne med alt det praktiske.<\/p>\n\n\n\n<p>S\u00e5 hvis du leder efter en mulighed for at arbejde sammen med nogle virkelig cool organisationer og unge, f\u00e5 erfaring med internationalt arbejde, projektledelse og frivillighed, v\u00e6re med til at st\u00f8tte en vigtig og meningsfuld indsats og bo i tre m\u00e5neder i Zimbabwe(!!) er det her helt sikkert muligheden for dig. Det er ogs\u00e5 en unik erfaring for dig, der dr\u00f8mmer om en fremtid med internationalt organisationsarbejde.<\/p>\n\n\n\n<p><strong>Kort om projektet<\/strong><\/p>\n\n\n\n<p>Det projekt du som ungdomsleder kommer til at arbejde med har til form\u00e5l at skabe og st\u00f8tte en ungedrevet bev\u00e6gelse for mental trivsel i Zimbabwes udsatte urbane omr\u00e5der. En af hovedaktiviteterne er tr\u00e6ning af 50 zimbabwiske unge som \u201cMental Health Ambassadors\u201d gennem et Mentalt Sundhedsakademi, der foreg\u00e5r i for\u00e5ret 2026. Desuden har projektet til m\u00e5l at skabe ungdomsr\u00e5d for OD&#8217;s partnerorganisationer i Zimbabwe.&nbsp;<\/p>\n\n\n\n<p>Ungdomsledernes rolle vil v\u00e6re at udvikle og facilitere tr\u00e6ninger (med sparring fra partnerorganisationerne) i projektstyring og ungeledede demokratiske beslutningsprocesser for de mentale sundhedsambassad\u00f8rer og ungdomsr\u00e5dene. Ungdomslederne vil ogs\u00e5 bidrage til fortalerindsats og interessevaretagelse, ved at v\u00e6re med til at planl\u00e6gge og koordinere budskaber med de mentale sundhedsambassad\u00f8rer og partnerorganisationer til et event for interessenter. Samt at v\u00e6re med til at st\u00f8tte de mentale sundhedsambassad\u00f8rers lokale initiativer og sprede deres budskaber gennem Magambas sociale medier. Endelig vil ungdomslederne spille en rolle i forankring af viden og erfaring fra projektet hos partnerorganisationerne.<\/p>\n\n\n\n<p>Konkrete arbejdsopgaver inkludere: at udvikle og afholde en ung-til-ung workshop om unge-ledelse og unge-ledte projekter; udvikle en h\u00e5ndbog med erfaringer fra projektet om unge-ledet udvikling til partnerne i Zimbabwe og Operation Dagsv\u00e6rk; st\u00f8tte og dokumenterer de aktiviteter de mentale sundhedsambassad\u00f8rer laver; udvikle sm\u00e5 kampagner\/opslag om unges mentale trivsel og projekts fremgang til Magambas sociale medier; v\u00e6re med til at forberede et event om unges mentale trivsel sammen med Magamba og de mentale sundhedsambassad\u00f8rer; lave sm\u00e5 events for Magamba, der s\u00e6tter fokus p\u00e5 unges mentale trivsel.<\/p>\n\n\n\n<p><strong>Helt praktisk:<\/strong><\/p>\n\n\n\n<ul>\n<li>At v\u00e6re ungdomsleder p\u00e5 projektet i efter\u00e5ret 2026 kr\u00e6ver at du har mulighed for at v\u00e6re fuldtidsfrivillig, 37 timer\/ugen, for projektet (alts\u00e5 ikke har andet arbejde eller studie du skal passe i Danmark, det kan dog v\u00e6re det kan indg\u00e5 som praktik p\u00e5 nogle studier)<\/li>\n\n\n\n<li>De f\u00f8rste ca. tre uger af udvekslingen vil der v\u00e6re program i K\u00f8benhavn med start 28. August, herefter vil arbejdet foreg\u00e5 i tre m\u00e5neder i Zimbabwe, vi l\u00e6gger de pr\u00e6cise afrejse og hjemkomst datoer sammen (men forvent fra ca. 21. september til 17. December). Det forventes at man ogs\u00e5 kan indg\u00e5 fuld tid i programmet i Danmark.<\/li>\n\n\n\n<li>Inden og efter udvekslingen forventes man at kunne deltage i et par m\u00f8der i forbindelse med forberedelse og evaluering, samt at v\u00e6re med til at give erfaring og l\u00e6ring videre til andre frivilliggrupper i OD.<\/li>\n\n\n\n<li>Alle udgifter i forbindelse med ungdomslederudvekslingen b\u00e5de i Danmark og Zimbabwe er betalt (dvs. bolig, mad, transport, flyrejse, simkort etc.), herudover f\u00e5r man ogs\u00e5 et m\u00e5nedligt bel\u00f8b som lommepenge i Zimbabwe.<\/li>\n<\/ul>\n\n\n\n<p><strong>Om dig<\/strong><\/p>\n\n\n\n<p>Du beh\u00f8ver ikke have lavet en masse internationalt arbejde f\u00f8r, v\u00e6re i gang med nogen uddannelse eller p\u00e5 anden m\u00e5de have noget fagligt grundlag for at v\u00e6re ungdomsleder, du skal blot have et bankende hjerte for global solidaritet og lyst og mod at l\u00e6re og pr\u00f8ve kr\u00e6fter med nye opgaver.<\/p>\n\n\n\n<p>For at blive ungdomsleder for projektet er det et krav at du:<\/p>\n\n\n\n<ul>\n<li>Er mellem 18 og 30 \u00e5r<\/li>\n\n\n\n<li>Har gode engelskkundskaber (arbejdet kommer til at foreg\u00e5 p\u00e5 engelsk)<\/li>\n\n\n\n<li>Vil forts\u00e6tte dit frivillige engagement hos OD i min. 6 m\u00e5neder (eksempelvis som kampagnefrivillig eller som frivillig i Zimbabwe-gruppen)<\/li>\n<\/ul>\n\n\n\n<p>Herudover ser vi gerne at du lever op til en eller flere af f\u00f8lgende:<\/p>\n\n\n\n<ul>\n<li>Har erfaring med frivilligt arbejde og\/eller organisationsarbejde<\/li>\n\n\n\n<li>Har viden om mental sundhed og m\u00e5ske erfaring med at lave projekter om det<\/li>\n\n\n\n<li>Har erfaring med kommunikations- og kampagnearbejde<\/li>\n\n\n\n<li>Kender til Operation Dagsv\u00e6rk som organisation og vores struktur<\/li>\n\n\n\n<li>Har forst\u00e5else for og erfaring med ungeledelse og demokratiske strukturer<\/li>\n<\/ul>\n\n\n\n<p><strong>Hvordan s\u00f8ger man?<\/strong><\/p>\n\n\n\n<p>For at s\u00f8ge om at blive ungdomsleder skal du 1) sende en kort ans\u00f8gning (maks \u00e9n side), hvori du beskriver:<\/p>\n\n\n\n<ul>\n<li>Din motivation for at blive ungdomsleder&nbsp;<\/li>\n\n\n\n<li>Erfaring med frivilligt arbejde og\/eller organisationsarbejde og\/eller Operation Dagsv\u00e6rk&nbsp; og\/eller mental trivsel og\/eller kommunikation og\/eller ungeledelse og demokrati og\/eller internationalt samarbejde<\/li>\n\n\n\n<li>Hvad du kan bringe til arbejdet som ungdomsleder<\/li>\n<\/ul>\n\n\n\n<p>og 2) sende en kort video (ca.1 minut) hvor du fort\u00e6ller om dig selv som person.<\/p>\n\n\n\n<p>Deadline for ans\u00f8gning til at v\u00e6re ungdomsleder er d. 3. Maj 2026 kl. 23.59. Send din ans\u00f8gning til <a href=\"mailto:projektkoordinator@od.dk\">projektkoordinator@od.dk<\/a>.<\/p>\n\n\n\n<p>Hvis du vil have mere information eller har sp\u00f8rgsm\u00e5l, s\u00e5 skriv til Operation Dagsv\u00e6rks Internationale Projektkoordinator Frida Ravn Rosling p\u00e5 <a href=\"mailto:projektkoordinator@od.dk\">projektkoordinator@od.dk<\/a> eller ring p\u00e5 +45 21 86 97 31.<\/p>\n","protected":false},"excerpt":{"rendered":"<p>Tre m\u00e5neder i Zimbabwe med f\u00e6llesskab, projektarbejde, nye internationale relationer og en masse meningsfuldhed &#8211; Bliv ungdomsleder hos Operation Dagsv\u00e6rk! Operation Dagsv\u00e6rk er en elevbev\u00e6gelse der siden 1985 har lavet engagementskampagner om og afholdt den &hellip;<\/p>\n","protected":false},"author":11,"featured_media":0,"parent":838,"menu_order":1,"comment_status":"closed","ping_status":"closed","template":"","meta":{"footnotes":""},"acf":[],"yoast_head":"<!-- This site is optimized with the Yoast SEO plugin v22.5 - https:\/\/yoast.com\/wordpress\/plugins\/seo\/ -->\n<title>Ungdomsleder i Zimbabwe - Operation Dagsv\u00e6rk<\/title>\n<meta name=\"robots\" content=\"index, follow, max-snippet:-1, max-image-preview:large, max-video-preview:-1\" \/>\n<link rel=\"canonical\" href=\"https:\/\/www.od.dk\/?page_id=2227\" \/>\n<meta property=\"og:locale\" content=\"da_DK\" \/>\n<meta property=\"og:type\" content=\"article\" \/>\n<meta property=\"og:title\" content=\"Ungdomsleder i Zimbabwe - Operation Dagsv\u00e6rk\" \/>\n<meta property=\"og:description\" content=\"Tre m\u00e5neder i Zimbabwe med f\u00e6llesskab, projektarbejde, nye internationale relationer og en masse meningsfuldhed &#8211; Bliv ungdomsleder hos Operation Dagsv\u00e6rk! Operation Dagsv\u00e6rk er en elevbev\u00e6gelse der siden 1985 har lavet engagementskampagner om og afholdt den &hellip;\" \/>\n<meta property=\"og:url\" content=\"https:\/\/www.od.dk\/?page_id=2227\" \/>\n<meta property=\"og:site_name\" content=\"Operation Dagsv\u00e6rk\" \/>\n<meta property=\"article:modified_time\" content=\"2026-04-08T13:56:24+00:00\" \/>\n<meta name=\"twitter:card\" content=\"summary_large_image\" \/>\n<meta name=\"twitter:label1\" content=\"Estimeret l\u00e6setid\" \/>\n\t<meta name=\"twitter:data1\" content=\"6 minutter\" \/>\n<script type=\"application\/ld+json\" class=\"yoast-schema-graph\">{\"@context\":\"https:\/\/schema.org\",\"@graph\":[{\"@type\":\"WebPage\",\"@id\":\"https:\/\/www.od.dk\/?page_id=2227\",\"url\":\"https:\/\/www.od.dk\/?page_id=2227\",\"name\":\"Ungdomsleder i Zimbabwe - Operation Dagsv\u00e6rk\",\"isPartOf\":{\"@id\":\"https:\/\/www.od.dk\/#website\"},\"datePublished\":\"2026-04-08T13:54:53+00:00\",\"dateModified\":\"2026-04-08T13:56:24+00:00\",\"breadcrumb\":{\"@id\":\"https:\/\/www.od.dk\/?page_id=2227#breadcrumb\"},\"inLanguage\":\"da-DK\",\"potentialAction\":[{\"@type\":\"ReadAction\",\"target\":[\"https:\/\/www.od.dk\/?page_id=2227\"]}]},{\"@type\":\"BreadcrumbList\",\"@id\":\"https:\/\/www.od.dk\/?page_id=2227#breadcrumb\",\"itemListElement\":[{\"@type\":\"ListItem\",\"position\":1,\"name\":\"Forside\",\"item\":\"https:\/\/www.od.dk\/\"},{\"@type\":\"ListItem\",\"position\":2,\"name\":\"Ledige stillinger\",\"item\":\"https:\/\/www.od.dk\/?page_id=838\"},{\"@type\":\"ListItem\",\"position\":3,\"name\":\"Ungdomsleder i Zimbabwe\"}]},{\"@type\":\"WebSite\",\"@id\":\"https:\/\/www.od.dk\/#website\",\"url\":\"https:\/\/www.od.dk\/\",\"name\":\"Operation Dagsv\u00e6rk\",\"description\":\"Oplysning, stillingtagen, handling\",\"alternateName\":\"OD\",\"potentialAction\":[{\"@type\":\"SearchAction\",\"target\":{\"@type\":\"EntryPoint\",\"urlTemplate\":\"https:\/\/www.od.dk\/?s={search_term_string}\"},\"query-input\":\"required name=search_term_string\"}],\"inLanguage\":\"da-DK\"}]}<\/script>\n<!-- \/ Yoast SEO plugin. -->","yoast_head_json":{"title":"Ungdomsleder i Zimbabwe - Operation Dagsv\u00e6rk","robots":{"index":"index","follow":"follow","max-snippet":"max-snippet:-1","max-image-preview":"max-image-preview:large","max-video-preview":"max-video-preview:-1"},"canonical":"https:\/\/www.od.dk\/?page_id=2227","og_locale":"da_DK","og_type":"article","og_title":"Ungdomsleder i Zimbabwe - Operation Dagsv\u00e6rk","og_description":"Tre m\u00e5neder i Zimbabwe med f\u00e6llesskab, projektarbejde, nye internationale relationer og en masse meningsfuldhed &#8211; Bliv ungdomsleder hos Operation Dagsv\u00e6rk! Operation Dagsv\u00e6rk er en elevbev\u00e6gelse der siden 1985 har lavet engagementskampagner om og afholdt den &hellip;","og_url":"https:\/\/www.od.dk\/?page_id=2227","og_site_name":"Operation Dagsv\u00e6rk","article_modified_time":"2026-04-08T13:56:24+00:00","twitter_card":"summary_large_image","twitter_misc":{"Estimeret l\u00e6setid":"6 minutter"},"schema":{"@context":"https:\/\/schema.org","@graph":[{"@type":"WebPage","@id":"https:\/\/www.od.dk\/?page_id=2227","url":"https:\/\/www.od.dk\/?page_id=2227","name":"Ungdomsleder i Zimbabwe - Operation Dagsv\u00e6rk","isPartOf":{"@id":"https:\/\/www.od.dk\/#website"},"datePublished":"2026-04-08T13:54:53+00:00","dateModified":"2026-04-08T13:56:24+00:00","breadcrumb":{"@id":"https:\/\/www.od.dk\/?page_id=2227#breadcrumb"},"inLanguage":"da-DK","potentialAction":[{"@type":"ReadAction","target":["https:\/\/www.od.dk\/?page_id=2227"]}]},{"@type":"BreadcrumbList","@id":"https:\/\/www.od.dk\/?page_id=2227#breadcrumb","itemListElement":[{"@type":"ListItem","position":1,"name":"Forside","item":"https:\/\/www.od.dk\/"},{"@type":"ListItem","position":2,"name":"Ledige stillinger","item":"https:\/\/www.od.dk\/?page_id=838"},{"@type":"ListItem","position":3,"name":"Ungdomsleder i Zimbabwe"}]},{"@type":"WebSite","@id":"https:\/\/www.od.dk\/#website","url":"https:\/\/www.od.dk\/","name":"Operation Dagsv\u00e6rk","description":"Oplysning, stillingtagen, handling","alternateName":"OD","potentialAction":[{"@type":"SearchAction","target":{"@type":"EntryPoint","urlTemplate":"https:\/\/www.od.dk\/?s={search_term_string}"},"query-input":"required name=search_term_string"}],"inLanguage":"da-DK"}]}},"_links":{"self":[{"href":"https:\/\/www.od.dk\/index.php?rest_route=\/wp\/v2\/pages\/2227"}],"collection":[{"href":"https:\/\/www.od.dk\/index.php?rest_route=\/wp\/v2\/pages"}],"about":[{"href":"https:\/\/www.od.dk\/index.php?rest_route=\/wp\/v2\/types\/page"}],"author":[{"embeddable":true,"href":"https:\/\/www.od.dk\/index.php?rest_route=\/wp\/v2\/users\/11"}],"replies":[{"embeddable":true,"href":"https:\/\/www.od.dk\/index.php?rest_route=%2Fwp%2Fv2%2Fcomments&post=2227"}],"version-history":[{"count":3,"href":"https:\/\/www.od.dk\/index.php?rest_route=\/wp\/v2\/pages\/2227\/revisions"}],"predecessor-version":[{"id":2231,"href":"https:\/\/www.od.dk\/index.php?rest_route=\/wp\/v2\/pages\/2227\/revisions\/2231"}],"up":[{"embeddable":true,"href":"https:\/\/www.od.dk\/index.php?rest_route=\/wp\/v2\/pages\/838"}],"wp:attachment":[{"href":"https:\/\/www.od.dk\/index.php?rest_route=%2Fwp%2Fv2%2Fmedia&parent=2227"}],"curies":[{"name":"wp","href":"https:\/\/api.w.org\/{rel}","templated":true}]}}