{"id":274,"date":"2022-06-30T12:31:08","date_gmt":"2022-06-30T12:31:08","guid":{"rendered":"http:\/\/www.od.dk\/?page_id=274"},"modified":"2024-11-20T15:58:24","modified_gmt":"2024-11-20T15:58:24","slug":"betaling","status":"publish","type":"page","link":"https:\/\/www.od.dk\/?page_id=274","title":{"rendered":"Betaling for arbejde p\u00e5 Dagsv\u00e6rksdagen!"},"content":{"rendered":"\n<p>L\u00f8nnen for et arbejde p\u00e5 Dagsv\u00e6rkdagen er minimum 400 kr. for 5 timers arbejde og minimum 80 kr. i timen for arbejde udover de 5 timer og kan kun indbetales elektronisk til Operation Dagsv\u00e6rk.\u00a0<\/p>\n\n\n\n<p>Vi opfordrer arbejdsgivere til at betale direkte til Operation Dagsv\u00e6rk. Husk at det er vigtigt at huske at skrive elevens ID i beskeden p\u00e5 overf\u00f8rslen.<\/p>\n\n\n\n<p><\/p>\n\n\n\n<p>Der kan betales p\u00e5 f\u00f8lgende m\u00e5der:<\/p>\n\n\n\n<ul>\n<li>MobilePay: 54345<\/li>\n\n\n\n<li>Bankoverf\u00f8rsel: 8401-1056664 (Operation Dagsv\u00e6rks indsamlingskonto)<\/li>\n\n\n\n<li>Faktura: generer en faktura via <a href=\"https:\/\/jobbank.od.dk\/\">jobbanken<\/a> eller skriv en email til <a href=\"mailto:od@od.dk\">od@od.dk<\/a><\/li>\n\n\n\n<li>Elektronisk faktura (EAN): send en mail til <a href=\"mailto:od@od.dk\">od@od.dk<\/a> med elevens ID, samt institutionens\/organisationens\/virksomhedens navn, adresse, attention\/kontaktperson, CVR.-nr og EAN-nr<\/li>\n<\/ul>\n\n\n\n<p><\/p>\n\n\n\n<p>Dagsv\u00e6rksgrupperne og Operation Dagsv\u00e6rks sekretariat tager ikke imod kontanter, s\u00e5 hvis du som elev har f\u00e5et kontanter i h\u00e5nden af din arbejdsgiver, kan du overf\u00f8re dem til OD p\u00e5 MobilePay (54345) &#8211; husk at skrive dit ID i beskeden p\u00e5 overf\u00f8rslen.&nbsp;<\/p>\n\n\n\n<p><\/p>\n\n\n\n<p>Er der behov for en kvittering? Dagsv\u00e6rkeren og arbejdsgiveren kan sammen udfylde vores arbejdskort &#8211; det er en tredelt kvittering: en til arbejdsgiveren, en til eleven, en til Dagsv\u00e6rksgruppen p\u00e5 elevens skole. Alle elever, der er tilmeldt Dagsv\u00e6rkdagen, f\u00e5r tilsendt en mail med arbejdskortet og deres ID, men I kan ogs\u00e5 finde <a href=\"https:\/\/medlem.od.dk\/arbejdskort.pdf\">arbejdskortet her.<\/a><\/p>\n","protected":false},"excerpt":{"rendered":"<p>L\u00f8nnen for et arbejde p\u00e5 Dagsv\u00e6rkdagen er minimum 400 kr. for 5 timers arbejde og minimum 80 kr. i timen for arbejde udover de 5 timer og kan kun indbetales elektronisk til Operation Dagsv\u00e6rk.\u00a0 Vi &hellip;<\/p>\n","protected":false},"author":1,"featured_media":457,"parent":260,"menu_order":3,"comment_status":"closed","ping_status":"closed","template":"","meta":{"footnotes":""},"acf":[],"yoast_head":"<!-- This site is optimized with the Yoast SEO plugin v22.5 - https:\/\/yoast.com\/wordpress\/plugins\/seo\/ -->\n<title>Betaling for arbejde p\u00e5 Dagsv\u00e6rksdagen! - Operation Dagsv\u00e6rk<\/title>\n<meta name=\"robots\" content=\"index, follow, max-snippet:-1, max-image-preview:large, max-video-preview:-1\" \/>\n<link rel=\"canonical\" href=\"https:\/\/www.od.dk\/?page_id=274\" \/>\n<meta property=\"og:locale\" content=\"da_DK\" \/>\n<meta property=\"og:type\" content=\"article\" \/>\n<meta property=\"og:title\" content=\"Betaling for arbejde p\u00e5 Dagsv\u00e6rksdagen! - Operation Dagsv\u00e6rk\" \/>\n<meta property=\"og:description\" content=\"L\u00f8nnen for et arbejde p\u00e5 Dagsv\u00e6rkdagen er minimum 400 kr. for 5 timers arbejde og minimum 80 kr. i timen for arbejde udover de 5 timer og kan kun indbetales elektronisk til Operation Dagsv\u00e6rk.\u00a0 Vi &hellip;\" \/>\n<meta property=\"og:url\" content=\"https:\/\/www.od.dk\/?page_id=274\" \/>\n<meta property=\"og:site_name\" content=\"Operation Dagsv\u00e6rk\" \/>\n<meta property=\"article:modified_time\" content=\"2024-11-20T15:58:24+00:00\" \/>\n<meta property=\"og:image\" content=\"https:\/\/www.od.dk\/wp-content\/uploads\/2022\/09\/251873580_307359244453135_4021461251695304697_n-e1664545921674.jpg\" \/>\n\t<meta property=\"og:image:width\" content=\"4032\" \/>\n\t<meta property=\"og:image:height\" content=\"1784\" \/>\n\t<meta property=\"og:image:type\" content=\"image\/jpeg\" \/>\n<meta name=\"twitter:card\" content=\"summary_large_image\" \/>\n<meta name=\"twitter:label1\" content=\"Estimeret l\u00e6setid\" \/>\n\t<meta name=\"twitter:data1\" content=\"2 minutter\" \/>\n<script type=\"application\/ld+json\" class=\"yoast-schema-graph\">{\"@context\":\"https:\/\/schema.org\",\"@graph\":[{\"@type\":\"WebPage\",\"@id\":\"https:\/\/www.od.dk\/?page_id=274\",\"url\":\"https:\/\/www.od.dk\/?page_id=274\",\"name\":\"Betaling for arbejde p\u00e5 Dagsv\u00e6rksdagen! - Operation Dagsv\u00e6rk\",\"isPartOf\":{\"@id\":\"https:\/\/www.od.dk\/#website\"},\"primaryImageOfPage\":{\"@id\":\"https:\/\/www.od.dk\/?page_id=274#primaryimage\"},\"image\":{\"@id\":\"https:\/\/www.od.dk\/?page_id=274#primaryimage\"},\"thumbnailUrl\":\"https:\/\/www.od.dk\/wp-content\/uploads\/2022\/09\/251873580_307359244453135_4021461251695304697_n-e1664545921674.jpg\",\"datePublished\":\"2022-06-30T12:31:08+00:00\",\"dateModified\":\"2024-11-20T15:58:24+00:00\",\"breadcrumb\":{\"@id\":\"https:\/\/www.od.dk\/?page_id=274#breadcrumb\"},\"inLanguage\":\"da-DK\",\"potentialAction\":[{\"@type\":\"ReadAction\",\"target\":[\"https:\/\/www.od.dk\/?page_id=274\"]}]},{\"@type\":\"ImageObject\",\"inLanguage\":\"da-DK\",\"@id\":\"https:\/\/www.od.dk\/?page_id=274#primaryimage\",\"url\":\"https:\/\/www.od.dk\/wp-content\/uploads\/2022\/09\/251873580_307359244453135_4021461251695304697_n-e1664545921674.jpg\",\"contentUrl\":\"https:\/\/www.od.dk\/wp-content\/uploads\/2022\/09\/251873580_307359244453135_4021461251695304697_n-e1664545921674.jpg\",\"width\":4032,\"height\":1784},{\"@type\":\"BreadcrumbList\",\"@id\":\"https:\/\/www.od.dk\/?page_id=274#breadcrumb\",\"itemListElement\":[{\"@type\":\"ListItem\",\"position\":1,\"name\":\"Forside\",\"item\":\"https:\/\/www.od.dk\/\"},{\"@type\":\"ListItem\",\"position\":2,\"name\":\"Arbejd eller hyr en elev p\u00e5 Dagsv\u00e6rkdagen\",\"item\":\"https:\/\/www.od.dk\/?page_id=260\"},{\"@type\":\"ListItem\",\"position\":3,\"name\":\"Betaling for arbejde p\u00e5 Dagsv\u00e6rksdagen!\"}]},{\"@type\":\"WebSite\",\"@id\":\"https:\/\/www.od.dk\/#website\",\"url\":\"https:\/\/www.od.dk\/\",\"name\":\"Operation Dagsv\u00e6rk\",\"description\":\"Oplysning, stillingtagen, handling\",\"alternateName\":\"OD\",\"potentialAction\":[{\"@type\":\"SearchAction\",\"target\":{\"@type\":\"EntryPoint\",\"urlTemplate\":\"https:\/\/www.od.dk\/?s={search_term_string}\"},\"query-input\":\"required name=search_term_string\"}],\"inLanguage\":\"da-DK\"}]}<\/script>\n<!-- \/ Yoast SEO plugin. -->","yoast_head_json":{"title":"Betaling for arbejde p\u00e5 Dagsv\u00e6rksdagen! - Operation Dagsv\u00e6rk","robots":{"index":"index","follow":"follow","max-snippet":"max-snippet:-1","max-image-preview":"max-image-preview:large","max-video-preview":"max-video-preview:-1"},"canonical":"https:\/\/www.od.dk\/?page_id=274","og_locale":"da_DK","og_type":"article","og_title":"Betaling for arbejde p\u00e5 Dagsv\u00e6rksdagen! - Operation Dagsv\u00e6rk","og_description":"L\u00f8nnen for et arbejde p\u00e5 Dagsv\u00e6rkdagen er minimum 400 kr. for 5 timers arbejde og minimum 80 kr. i timen for arbejde udover de 5 timer og kan kun indbetales elektronisk til Operation Dagsv\u00e6rk.\u00a0 Vi &hellip;","og_url":"https:\/\/www.od.dk\/?page_id=274","og_site_name":"Operation Dagsv\u00e6rk","article_modified_time":"2024-11-20T15:58:24+00:00","og_image":[{"width":4032,"height":1784,"url":"https:\/\/www.od.dk\/wp-content\/uploads\/2022\/09\/251873580_307359244453135_4021461251695304697_n-e1664545921674.jpg","type":"image\/jpeg"}],"twitter_card":"summary_large_image","twitter_misc":{"Estimeret l\u00e6setid":"2 minutter"},"schema":{"@context":"https:\/\/schema.org","@graph":[{"@type":"WebPage","@id":"https:\/\/www.od.dk\/?page_id=274","url":"https:\/\/www.od.dk\/?page_id=274","name":"Betaling for arbejde p\u00e5 Dagsv\u00e6rksdagen! - Operation Dagsv\u00e6rk","isPartOf":{"@id":"https:\/\/www.od.dk\/#website"},"primaryImageOfPage":{"@id":"https:\/\/www.od.dk\/?page_id=274#primaryimage"},"image":{"@id":"https:\/\/www.od.dk\/?page_id=274#primaryimage"},"thumbnailUrl":"https:\/\/www.od.dk\/wp-content\/uploads\/2022\/09\/251873580_307359244453135_4021461251695304697_n-e1664545921674.jpg","datePublished":"2022-06-30T12:31:08+00:00","dateModified":"2024-11-20T15:58:24+00:00","breadcrumb":{"@id":"https:\/\/www.od.dk\/?page_id=274#breadcrumb"},"inLanguage":"da-DK","potentialAction":[{"@type":"ReadAction","target":["https:\/\/www.od.dk\/?page_id=274"]}]},{"@type":"ImageObject","inLanguage":"da-DK","@id":"https:\/\/www.od.dk\/?page_id=274#primaryimage","url":"https:\/\/www.od.dk\/wp-content\/uploads\/2022\/09\/251873580_307359244453135_4021461251695304697_n-e1664545921674.jpg","contentUrl":"https:\/\/www.od.dk\/wp-content\/uploads\/2022\/09\/251873580_307359244453135_4021461251695304697_n-e1664545921674.jpg","width":4032,"height":1784},{"@type":"BreadcrumbList","@id":"https:\/\/www.od.dk\/?page_id=274#breadcrumb","itemListElement":[{"@type":"ListItem","position":1,"name":"Forside","item":"https:\/\/www.od.dk\/"},{"@type":"ListItem","position":2,"name":"Arbejd eller hyr en elev p\u00e5 Dagsv\u00e6rkdagen","item":"https:\/\/www.od.dk\/?page_id=260"},{"@type":"ListItem","position":3,"name":"Betaling for arbejde p\u00e5 Dagsv\u00e6rksdagen!"}]},{"@type":"WebSite","@id":"https:\/\/www.od.dk\/#website","url":"https:\/\/www.od.dk\/","name":"Operation Dagsv\u00e6rk","description":"Oplysning, stillingtagen, handling","alternateName":"OD","potentialAction":[{"@type":"SearchAction","target":{"@type":"EntryPoint","urlTemplate":"https:\/\/www.od.dk\/?s={search_term_string}"},"query-input":"required name=search_term_string"}],"inLanguage":"da-DK"}]}},"_links":{"self":[{"href":"https:\/\/www.od.dk\/index.php?rest_route=\/wp\/v2\/pages\/274"}],"collection":[{"href":"https:\/\/www.od.dk\/index.php?rest_route=\/wp\/v2\/pages"}],"about":[{"href":"https:\/\/www.od.dk\/index.php?rest_route=\/wp\/v2\/types\/page"}],"author":[{"embeddable":true,"href":"https:\/\/www.od.dk\/index.php?rest_route=\/wp\/v2\/users\/1"}],"replies":[{"embeddable":true,"href":"https:\/\/www.od.dk\/index.php?rest_route=%2Fwp%2Fv2%2Fcomments&post=274"}],"version-history":[{"count":13,"href":"https:\/\/www.od.dk\/index.php?rest_route=\/wp\/v2\/pages\/274\/revisions"}],"predecessor-version":[{"id":1894,"href":"https:\/\/www.od.dk\/index.php?rest_route=\/wp\/v2\/pages\/274\/revisions\/1894"}],"up":[{"embeddable":true,"href":"https:\/\/www.od.dk\/index.php?rest_route=\/wp\/v2\/pages\/260"}],"wp:featuredmedia":[{"embeddable":true,"href":"https:\/\/www.od.dk\/index.php?rest_route=\/wp\/v2\/media\/457"}],"wp:attachment":[{"href":"https:\/\/www.od.dk\/index.php?rest_route=%2Fwp%2Fv2%2Fmedia&parent=274"}],"curies":[{"name":"wp","href":"https:\/\/api.w.org\/{rel}","templated":true}]}}