{"id":283,"date":"2022-06-30T13:13:47","date_gmt":"2022-06-30T13:13:47","guid":{"rendered":"http:\/\/www.od.dk\/?page_id=283"},"modified":"2022-10-02T13:35:09","modified_gmt":"2022-10-02T13:35:09","slug":"faellestimer","status":"publish","type":"page","link":"https:\/\/www.od.dk\/?page_id=283","title":{"rendered":"F\u00e6llestimer"},"content":{"rendered":"\n<p>Vores opl\u00e6g kalder vi for &#8220;F\u00e6llestimer&#8221;. Dette fordi vi fokuserer p\u00e5 en dialogbaseret, interaktiv og engageret opl\u00e6gsform, hvor vores opl\u00e6gsholdere vil inddrage og involvere jeres elever i emnet.<\/p>\n\n\n\n<p>N\u00e5r I booker en F\u00e6llestime hos os, vil to frivillige fra vores sekretariat tage ud til jeres skole og holde et opl\u00e6g om \u00e5rets projekt. Vores F\u00e6llestime er et levende og interaktivt opl\u00e6g, hvor unge stemmer fra \u00e5rets projekt pr\u00e6senteres i film, lyd, billeder, facts og fort\u00e6llinger.<\/p>\n\n\n\n<p>F\u00e6llestimen har som kerneelementer, at eleverne skal oplyses, inddrages og engageres aktivt i \u00e5rets projekt og problemstillinger. Uanset det \u00e5rlige tema og projekt, er det udgangspunktet, at eleverne f\u00e5r indblik i globale problemstillinger samt inspiration og redskaber til, hvordan de kan v\u00e6re med til at skabe en forandring som en del af Danmarks globale elevbev\u00e6gelse. <\/p>\n\n\n\n<p>Book en f\u00e6llestime her &#8211; og hvis I har andre \u00f8nsker til indhold eller form, s\u00e5 skriv dem herunder, s\u00e5 vil vi se, om vi kan im\u00f8dekomme dem.<\/p>\n\n\n\n<div class=\"wp-block-contact-form-7-contact-form-selector\">\n<div class=\"wpcf7 no-js\" id=\"wpcf7-f33-o1\" lang=\"da-DK\" dir=\"ltr\">\n<div class=\"screen-reader-response\"><p role=\"status\" aria-live=\"polite\" aria-atomic=\"true\"><\/p> <ul><\/ul><\/div>\n<form action=\"\/index.php?rest_route=%2Fwp%2Fv2%2Fpages%2F283#wpcf7-f33-o1\" method=\"post\" class=\"wpcf7-form init\" aria-label=\"Kontaktformular\" novalidate=\"novalidate\" data-status=\"init\">\n<div style=\"display: none;\">\n<input type=\"hidden\" name=\"_wpcf7\" value=\"33\" \/>\n<input type=\"hidden\" name=\"_wpcf7_version\" value=\"5.9.3\" \/>\n<input type=\"hidden\" name=\"_wpcf7_locale\" value=\"da_DK\" \/>\n<input type=\"hidden\" name=\"_wpcf7_unit_tag\" value=\"wpcf7-f33-o1\" \/>\n<input type=\"hidden\" name=\"_wpcf7_container_post\" value=\"0\" \/>\n<input type=\"hidden\" name=\"_wpcf7_posted_data_hash\" value=\"\" \/>\n<\/div>\n<div class=\"row\">\n\t<div class=\"col-md-6\">\n\t\t<p><span class=\"wpcf7-form-control-wrap\" data-name=\"fornavn\"><input size=\"40\" class=\"wpcf7-form-control wpcf7-text wpcf7-validates-as-required\" aria-required=\"true\" aria-invalid=\"false\" placeholder=\"Navn\" value=\"\" type=\"text\" name=\"fornavn\" \/><\/span>\n\t\t<\/p>\n\t<\/div>\n\t<div class=\"col-md-6\">\n\t\t<p><span class=\"wpcf7-form-control-wrap\" data-name=\"efternavn\"><input size=\"40\" class=\"wpcf7-form-control wpcf7-text wpcf7-validates-as-required\" aria-required=\"true\" aria-invalid=\"false\" placeholder=\"Efternavn\" value=\"\" type=\"text\" name=\"efternavn\" \/><\/span>\n\t\t<\/p>\n\t<\/div>\n<\/div>\n<div class=\"row\">\n\t<div class=\"col-md-6\">\n\t\t<p><span class=\"wpcf7-form-control-wrap\" data-name=\"skole\"><input size=\"40\" class=\"wpcf7-form-control wpcf7-text wpcf7-validates-as-required\" aria-required=\"true\" aria-invalid=\"false\" placeholder=\"Skole\" value=\"\" type=\"text\" name=\"skole\" \/><\/span>\n\t\t<\/p>\n\t<\/div>\n\t<div class=\"col-md-6\">\n\t\t<p><span class=\"wpcf7-form-control-wrap\" data-name=\"e-mail\"><input size=\"40\" class=\"wpcf7-form-control wpcf7-email wpcf7-validates-as-required wpcf7-text wpcf7-validates-as-email\" aria-required=\"true\" aria-invalid=\"false\" placeholder=\"Email\" value=\"\" type=\"email\" name=\"e-mail\" \/><\/span>\n\t\t<\/p>\n\t<\/div>\n<\/div>\n<div class=\"row\">\n\t<div class=\"col-md-6\">\n\t\t<p><span class=\"wpcf7-form-control-wrap\" data-name=\"telefonnummer\"><input size=\"40\" class=\"wpcf7-form-control wpcf7-tel wpcf7-validates-as-required wpcf7-text wpcf7-validates-as-tel\" aria-required=\"true\" aria-invalid=\"false\" placeholder=\"Telefon\" value=\"\" type=\"tel\" name=\"telefonnummer\" \/><\/span>\n\t\t<\/p>\n\t<\/div>\n\t<div class=\"col-md-6\">\n\t\t<p><span class=\"wpcf7-form-control-wrap\" data-name=\"dato\"><input class=\"wpcf7-form-control wpcf7-date wpcf7-validates-as-required wpcf7-validates-as-date\" min=\"2025-09-22\" max=\"2025-11-14\" aria-required=\"true\" aria-invalid=\"false\" placeholder=\"Dato for opl\u00e6g\" value=\"\" type=\"date\" name=\"dato\" \/><\/span>\n\t\t<\/p>\n\t<\/div>\n<\/div>\n<p><span class=\"wpcf7-form-control-wrap\" data-name=\"hvem\"><span class=\"wpcf7-form-control wpcf7-radio\"><span class=\"wpcf7-list-item first\"><label><input type=\"radio\" name=\"hvem\" value=\"Elev\" checked=\"checked\" \/><span class=\"wpcf7-list-item-label\">Elev<\/span><\/label><\/span><span class=\"wpcf7-list-item last\"><label><input type=\"radio\" name=\"hvem\" value=\"Ansat\" \/><span class=\"wpcf7-list-item-label\">Ansat<\/span><\/label><\/span><\/span><\/span>\n<\/p>\n<p><span class=\"wpcf7-form-control-wrap\" data-name=\"besked\"><textarea cols=\"40\" rows=\"10\" class=\"wpcf7-form-control wpcf7-textarea wpcf7-validates-as-required\" aria-required=\"true\" aria-invalid=\"false\" placeholder=\"Fort\u00e6l os lidt mere om jeres \u00f8nsker for f\u00e6llestimen. Hvor mange elever kommer til at deltage? Og hvilket tidsrum \u00f8nsker I? S\u00e5 vender vi tilbage med en bekr\u00e6ftelse.\" name=\"besked\"><\/textarea><\/span>\n<\/p>\n<p><input class=\"wpcf7-form-control wpcf7-submit has-spinner\" type=\"submit\" value=\"Send\" \/>\n<\/p><div class=\"wpcf7-response-output\" aria-hidden=\"true\"><\/div>\n<\/form>\n<\/div>\n<\/div>\n","protected":false},"excerpt":{"rendered":"<p>Vores opl\u00e6g kalder vi for &#8220;F\u00e6llestimer&#8221;. Dette fordi vi fokuserer p\u00e5 en dialogbaseret, interaktiv og engageret opl\u00e6gsform, hvor vores opl\u00e6gsholdere vil inddrage og involvere jeres elever i emnet. N\u00e5r I booker en F\u00e6llestime hos os, &hellip;<\/p>\n","protected":false},"author":1,"featured_media":481,"parent":0,"menu_order":0,"comment_status":"closed","ping_status":"closed","template":"","meta":{"footnotes":""},"acf":[],"yoast_head":"<!-- This site is optimized with the Yoast SEO plugin v22.5 - https:\/\/yoast.com\/wordpress\/plugins\/seo\/ -->\n<title>F\u00e6llestimer - Operation Dagsv\u00e6rk<\/title>\n<meta name=\"robots\" content=\"index, follow, max-snippet:-1, max-image-preview:large, max-video-preview:-1\" \/>\n<link rel=\"canonical\" href=\"https:\/\/www.od.dk\/?page_id=283\" \/>\n<meta property=\"og:locale\" content=\"da_DK\" \/>\n<meta property=\"og:type\" content=\"article\" \/>\n<meta property=\"og:title\" content=\"F\u00e6llestimer - Operation Dagsv\u00e6rk\" \/>\n<meta property=\"og:description\" content=\"Vores opl\u00e6g kalder vi for &#8220;F\u00e6llestimer&#8221;. Dette fordi vi fokuserer p\u00e5 en dialogbaseret, interaktiv og engageret opl\u00e6gsform, hvor vores opl\u00e6gsholdere vil inddrage og involvere jeres elever i emnet. N\u00e5r I booker en F\u00e6llestime hos os, &hellip;\" \/>\n<meta property=\"og:url\" content=\"https:\/\/www.od.dk\/?page_id=283\" \/>\n<meta property=\"og:site_name\" content=\"Operation Dagsv\u00e6rk\" \/>\n<meta property=\"article:modified_time\" content=\"2022-10-02T13:35:09+00:00\" \/>\n<meta property=\"og:image\" content=\"https:\/\/www.od.dk\/wp-content\/uploads\/2022\/09\/IMG_1806-e1664582840466.jpg\" \/>\n\t<meta property=\"og:image:width\" content=\"4032\" \/>\n\t<meta property=\"og:image:height\" content=\"1068\" \/>\n\t<meta property=\"og:image:type\" content=\"image\/jpeg\" \/>\n<meta name=\"twitter:card\" content=\"summary_large_image\" \/>\n<meta name=\"twitter:label1\" content=\"Estimeret l\u00e6setid\" \/>\n\t<meta name=\"twitter:data1\" content=\"1 minut\" \/>\n<script type=\"application\/ld+json\" class=\"yoast-schema-graph\">{\"@context\":\"https:\/\/schema.org\",\"@graph\":[{\"@type\":\"WebPage\",\"@id\":\"https:\/\/www.od.dk\/?page_id=283\",\"url\":\"https:\/\/www.od.dk\/?page_id=283\",\"name\":\"F\u00e6llestimer - Operation Dagsv\u00e6rk\",\"isPartOf\":{\"@id\":\"https:\/\/www.od.dk\/#website\"},\"primaryImageOfPage\":{\"@id\":\"https:\/\/www.od.dk\/?page_id=283#primaryimage\"},\"image\":{\"@id\":\"https:\/\/www.od.dk\/?page_id=283#primaryimage\"},\"thumbnailUrl\":\"https:\/\/www.od.dk\/wp-content\/uploads\/2022\/09\/IMG_1806-e1664582840466.jpg\",\"datePublished\":\"2022-06-30T13:13:47+00:00\",\"dateModified\":\"2022-10-02T13:35:09+00:00\",\"breadcrumb\":{\"@id\":\"https:\/\/www.od.dk\/?page_id=283#breadcrumb\"},\"inLanguage\":\"da-DK\",\"potentialAction\":[{\"@type\":\"ReadAction\",\"target\":[\"https:\/\/www.od.dk\/?page_id=283\"]}]},{\"@type\":\"ImageObject\",\"inLanguage\":\"da-DK\",\"@id\":\"https:\/\/www.od.dk\/?page_id=283#primaryimage\",\"url\":\"https:\/\/www.od.dk\/wp-content\/uploads\/2022\/09\/IMG_1806-e1664582840466.jpg\",\"contentUrl\":\"https:\/\/www.od.dk\/wp-content\/uploads\/2022\/09\/IMG_1806-e1664582840466.jpg\",\"width\":4032,\"height\":1068},{\"@type\":\"BreadcrumbList\",\"@id\":\"https:\/\/www.od.dk\/?page_id=283#breadcrumb\",\"itemListElement\":[{\"@type\":\"ListItem\",\"position\":1,\"name\":\"Forside\",\"item\":\"https:\/\/www.od.dk\/\"},{\"@type\":\"ListItem\",\"position\":2,\"name\":\"F\u00e6llestimer\"}]},{\"@type\":\"WebSite\",\"@id\":\"https:\/\/www.od.dk\/#website\",\"url\":\"https:\/\/www.od.dk\/\",\"name\":\"Operation Dagsv\u00e6rk\",\"description\":\"Oplysning, stillingtagen, handling\",\"alternateName\":\"OD\",\"potentialAction\":[{\"@type\":\"SearchAction\",\"target\":{\"@type\":\"EntryPoint\",\"urlTemplate\":\"https:\/\/www.od.dk\/?s={search_term_string}\"},\"query-input\":\"required name=search_term_string\"}],\"inLanguage\":\"da-DK\"}]}<\/script>\n<!-- \/ Yoast SEO plugin. -->","yoast_head_json":{"title":"F\u00e6llestimer - Operation Dagsv\u00e6rk","robots":{"index":"index","follow":"follow","max-snippet":"max-snippet:-1","max-image-preview":"max-image-preview:large","max-video-preview":"max-video-preview:-1"},"canonical":"https:\/\/www.od.dk\/?page_id=283","og_locale":"da_DK","og_type":"article","og_title":"F\u00e6llestimer - Operation Dagsv\u00e6rk","og_description":"Vores opl\u00e6g kalder vi for &#8220;F\u00e6llestimer&#8221;. Dette fordi vi fokuserer p\u00e5 en dialogbaseret, interaktiv og engageret opl\u00e6gsform, hvor vores opl\u00e6gsholdere vil inddrage og involvere jeres elever i emnet. N\u00e5r I booker en F\u00e6llestime hos os, &hellip;","og_url":"https:\/\/www.od.dk\/?page_id=283","og_site_name":"Operation Dagsv\u00e6rk","article_modified_time":"2022-10-02T13:35:09+00:00","og_image":[{"width":4032,"height":1068,"url":"https:\/\/www.od.dk\/wp-content\/uploads\/2022\/09\/IMG_1806-e1664582840466.jpg","type":"image\/jpeg"}],"twitter_card":"summary_large_image","twitter_misc":{"Estimeret l\u00e6setid":"1 minut"},"schema":{"@context":"https:\/\/schema.org","@graph":[{"@type":"WebPage","@id":"https:\/\/www.od.dk\/?page_id=283","url":"https:\/\/www.od.dk\/?page_id=283","name":"F\u00e6llestimer - Operation Dagsv\u00e6rk","isPartOf":{"@id":"https:\/\/www.od.dk\/#website"},"primaryImageOfPage":{"@id":"https:\/\/www.od.dk\/?page_id=283#primaryimage"},"image":{"@id":"https:\/\/www.od.dk\/?page_id=283#primaryimage"},"thumbnailUrl":"https:\/\/www.od.dk\/wp-content\/uploads\/2022\/09\/IMG_1806-e1664582840466.jpg","datePublished":"2022-06-30T13:13:47+00:00","dateModified":"2022-10-02T13:35:09+00:00","breadcrumb":{"@id":"https:\/\/www.od.dk\/?page_id=283#breadcrumb"},"inLanguage":"da-DK","potentialAction":[{"@type":"ReadAction","target":["https:\/\/www.od.dk\/?page_id=283"]}]},{"@type":"ImageObject","inLanguage":"da-DK","@id":"https:\/\/www.od.dk\/?page_id=283#primaryimage","url":"https:\/\/www.od.dk\/wp-content\/uploads\/2022\/09\/IMG_1806-e1664582840466.jpg","contentUrl":"https:\/\/www.od.dk\/wp-content\/uploads\/2022\/09\/IMG_1806-e1664582840466.jpg","width":4032,"height":1068},{"@type":"BreadcrumbList","@id":"https:\/\/www.od.dk\/?page_id=283#breadcrumb","itemListElement":[{"@type":"ListItem","position":1,"name":"Forside","item":"https:\/\/www.od.dk\/"},{"@type":"ListItem","position":2,"name":"F\u00e6llestimer"}]},{"@type":"WebSite","@id":"https:\/\/www.od.dk\/#website","url":"https:\/\/www.od.dk\/","name":"Operation Dagsv\u00e6rk","description":"Oplysning, stillingtagen, handling","alternateName":"OD","potentialAction":[{"@type":"SearchAction","target":{"@type":"EntryPoint","urlTemplate":"https:\/\/www.od.dk\/?s={search_term_string}"},"query-input":"required name=search_term_string"}],"inLanguage":"da-DK"}]}},"_links":{"self":[{"href":"https:\/\/www.od.dk\/index.php?rest_route=\/wp\/v2\/pages\/283"}],"collection":[{"href":"https:\/\/www.od.dk\/index.php?rest_route=\/wp\/v2\/pages"}],"about":[{"href":"https:\/\/www.od.dk\/index.php?rest_route=\/wp\/v2\/types\/page"}],"author":[{"embeddable":true,"href":"https:\/\/www.od.dk\/index.php?rest_route=\/wp\/v2\/users\/1"}],"replies":[{"embeddable":true,"href":"https:\/\/www.od.dk\/index.php?rest_route=%2Fwp%2Fv2%2Fcomments&post=283"}],"version-history":[{"count":4,"href":"https:\/\/www.od.dk\/index.php?rest_route=\/wp\/v2\/pages\/283\/revisions"}],"predecessor-version":[{"id":506,"href":"https:\/\/www.od.dk\/index.php?rest_route=\/wp\/v2\/pages\/283\/revisions\/506"}],"wp:featuredmedia":[{"embeddable":true,"href":"https:\/\/www.od.dk\/index.php?rest_route=\/wp\/v2\/media\/481"}],"wp:attachment":[{"href":"https:\/\/www.od.dk\/index.php?rest_route=%2Fwp%2Fv2%2Fmedia&parent=283"}],"curies":[{"name":"wp","href":"https:\/\/api.w.org\/{rel}","templated":true}]}}