{"id":31,"date":"2022-02-11T08:23:13","date_gmt":"2022-02-11T08:23:13","guid":{"rendered":"http:\/\/www.od.dk\/?page_id=31"},"modified":"2026-04-22T13:16:12","modified_gmt":"2026-04-22T11:16:12","slug":"forside","status":"publish","type":"page","link":"https:\/\/www.od.dk\/","title":{"rendered":"Forside"},"content":{"rendered":"","protected":false},"excerpt":{"rendered":"","protected":false},"author":1,"featured_media":0,"parent":0,"menu_order":0,"comment_status":"closed","ping_status":"closed","template":"templates\/frontpage_tempalte.php","meta":{"footnotes":""},"acf":[],"yoast_head":"<!-- This site is optimized with the Yoast SEO plugin v22.5 - https:\/\/yoast.com\/wordpress\/plugins\/seo\/ -->\n<title>Operation Dagsv\u00e6rk<\/title>\n<meta name=\"description\" content=\"Danmarks eneste globale elevbev\u00e6gelse, som hvert \u00e5r siden 1985 st\u00e5r bag den unikke Dagsv\u00e6rkdag hvor unge samler ind til globale projekter.\" \/>\n<meta name=\"robots\" content=\"index, follow, max-snippet:-1, max-image-preview:large, max-video-preview:-1\" \/>\n<link rel=\"canonical\" href=\"https:\/\/www.od.dk\/\" \/>\n<meta property=\"og:locale\" content=\"da_DK\" \/>\n<meta property=\"og:type\" content=\"article\" \/>\n<meta property=\"og:title\" content=\"Operation Dagsv\u00e6rk\" \/>\n<meta property=\"og:description\" content=\"Danmarks eneste globale elevbev\u00e6gelse, som hvert \u00e5r siden 1985 st\u00e5r bag den unikke Dagsv\u00e6rkdag hvor unge samler ind til globale projekter.\" \/>\n<meta property=\"og:url\" content=\"https:\/\/www.od.dk\/\" \/>\n<meta property=\"og:site_name\" content=\"Operation Dagsv\u00e6rk\" \/>\n<meta property=\"article:modified_time\" content=\"2026-04-22T11:16:12+00:00\" \/>\n<meta name=\"twitter:card\" content=\"summary_large_image\" \/>\n<script type=\"application\/ld+json\" class=\"yoast-schema-graph\">{\"@context\":\"https:\/\/schema.org\",\"@graph\":[{\"@type\":\"WebPage\",\"@id\":\"https:\/\/www.od.dk\/\",\"url\":\"https:\/\/www.od.dk\/\",\"name\":\"Operation Dagsv\u00e6rk\",\"isPartOf\":{\"@id\":\"https:\/\/www.od.dk\/#website\"},\"datePublished\":\"2022-02-11T08:23:13+00:00\",\"dateModified\":\"2026-04-22T11:16:12+00:00\",\"description\":\"Danmarks eneste globale elevbev\u00e6gelse, som hvert \u00e5r siden 1985 st\u00e5r bag den unikke Dagsv\u00e6rkdag hvor unge samler ind til globale projekter.\",\"breadcrumb\":{\"@id\":\"https:\/\/www.od.dk\/#breadcrumb\"},\"inLanguage\":\"da-DK\",\"potentialAction\":[{\"@type\":\"ReadAction\",\"target\":[\"https:\/\/www.od.dk\/\"]}]},{\"@type\":\"BreadcrumbList\",\"@id\":\"https:\/\/www.od.dk\/#breadcrumb\",\"itemListElement\":[{\"@type\":\"ListItem\",\"position\":1,\"name\":\"Forside\",\"item\":\"https:\/\/www.od.dk\/\"},{\"@type\":\"ListItem\",\"position\":2,\"name\":\"Forside\"}]},{\"@type\":\"WebSite\",\"@id\":\"https:\/\/www.od.dk\/#website\",\"url\":\"https:\/\/www.od.dk\/\",\"name\":\"Operation Dagsv\u00e6rk\",\"description\":\"Oplysning, stillingtagen, handling\",\"alternateName\":\"OD\",\"potentialAction\":[{\"@type\":\"SearchAction\",\"target\":{\"@type\":\"EntryPoint\",\"urlTemplate\":\"https:\/\/www.od.dk\/?s={search_term_string}\"},\"query-input\":\"required name=search_term_string\"}],\"inLanguage\":\"da-DK\"}]}<\/script>\n<!-- \/ Yoast SEO plugin. -->","yoast_head_json":{"title":"Operation Dagsv\u00e6rk","description":"Danmarks eneste globale elevbev\u00e6gelse, som hvert \u00e5r siden 1985 st\u00e5r bag den unikke Dagsv\u00e6rkdag hvor unge samler ind til globale projekter.","robots":{"index":"index","follow":"follow","max-snippet":"max-snippet:-1","max-image-preview":"max-image-preview:large","max-video-preview":"max-video-preview:-1"},"canonical":"https:\/\/www.od.dk\/","og_locale":"da_DK","og_type":"article","og_title":"Operation Dagsv\u00e6rk","og_description":"Danmarks eneste globale elevbev\u00e6gelse, som hvert \u00e5r siden 1985 st\u00e5r bag den unikke Dagsv\u00e6rkdag hvor unge samler ind til globale projekter.","og_url":"https:\/\/www.od.dk\/","og_site_name":"Operation Dagsv\u00e6rk","article_modified_time":"2026-04-22T11:16:12+00:00","twitter_card":"summary_large_image","schema":{"@context":"https:\/\/schema.org","@graph":[{"@type":"WebPage","@id":"https:\/\/www.od.dk\/","url":"https:\/\/www.od.dk\/","name":"Operation Dagsv\u00e6rk","isPartOf":{"@id":"https:\/\/www.od.dk\/#website"},"datePublished":"2022-02-11T08:23:13+00:00","dateModified":"2026-04-22T11:16:12+00:00","description":"Danmarks eneste globale elevbev\u00e6gelse, som hvert \u00e5r siden 1985 st\u00e5r bag den unikke Dagsv\u00e6rkdag hvor unge samler ind til globale projekter.","breadcrumb":{"@id":"https:\/\/www.od.dk\/#breadcrumb"},"inLanguage":"da-DK","potentialAction":[{"@type":"ReadAction","target":["https:\/\/www.od.dk\/"]}]},{"@type":"BreadcrumbList","@id":"https:\/\/www.od.dk\/#breadcrumb","itemListElement":[{"@type":"ListItem","position":1,"name":"Forside","item":"https:\/\/www.od.dk\/"},{"@type":"ListItem","position":2,"name":"Forside"}]},{"@type":"WebSite","@id":"https:\/\/www.od.dk\/#website","url":"https:\/\/www.od.dk\/","name":"Operation Dagsv\u00e6rk","description":"Oplysning, stillingtagen, handling","alternateName":"OD","potentialAction":[{"@type":"SearchAction","target":{"@type":"EntryPoint","urlTemplate":"https:\/\/www.od.dk\/?s={search_term_string}"},"query-input":"required name=search_term_string"}],"inLanguage":"da-DK"}]}},"_links":{"self":[{"href":"https:\/\/www.od.dk\/index.php?rest_route=\/wp\/v2\/pages\/31"}],"collection":[{"href":"https:\/\/www.od.dk\/index.php?rest_route=\/wp\/v2\/pages"}],"about":[{"href":"https:\/\/www.od.dk\/index.php?rest_route=\/wp\/v2\/types\/page"}],"author":[{"embeddable":true,"href":"https:\/\/www.od.dk\/index.php?rest_route=\/wp\/v2\/users\/1"}],"replies":[{"embeddable":true,"href":"https:\/\/www.od.dk\/index.php?rest_route=%2Fwp%2Fv2%2Fcomments&post=31"}],"version-history":[{"count":143,"href":"https:\/\/www.od.dk\/index.php?rest_route=\/wp\/v2\/pages\/31\/revisions"}],"predecessor-version":[{"id":2235,"href":"https:\/\/www.od.dk\/index.php?rest_route=\/wp\/v2\/pages\/31\/revisions\/2235"}],"wp:attachment":[{"href":"https:\/\/www.od.dk\/index.php?rest_route=%2Fwp%2Fv2%2Fmedia&parent=31"}],"curies":[{"name":"wp","href":"https:\/\/api.w.org\/{rel}","templated":true}]}}