{"id":323,"date":"2022-07-03T14:17:59","date_gmt":"2022-07-03T14:17:59","guid":{"rendered":"http:\/\/www.od.dk\/?page_id=323"},"modified":"2025-11-03T11:47:26","modified_gmt":"2025-11-03T10:47:26","slug":"projektvalg","status":"publish","type":"page","link":"https:\/\/www.od.dk\/?page_id=323","title":{"rendered":"Projektvalg"},"content":{"rendered":"\n<div class=\"faktaboks\">\n  <div class=\"color-box\"><\/div>\n  <p><!-- wp:paragraph --><\/p>\n<h4>Det er tid til projektvalget for projektet 2026!<\/h4>\n<p><span style=\"font-weight: 400;\">Det er nu tid til at v\u00e6lge det projekt Operation Dagsv\u00e6rk skal lave kampagne for og arbejde for p\u00e5 Dagsv\u00e6rkdagen 2026.<\/span><\/p>\n<p><span style=\"font-weight: 400;\">Hvert \u00e5r skal vi hos Operation Dagsv\u00e6rk v\u00e6lge det solidaritetsprojekt, vi skal arbejde for n\u00e6ste \u00e5r, og det g\u00f8r vi igennem to valgrunder. Den f\u00f8rste finder sted p\u00e5 vores storm\u00f8de, her udv\u00e6lges tre projekter, der g\u00e5r videre til den n\u00e6ste runde af projektvalg p\u00e5 alle OD\u2019s medlemsskoler. Alle projekterne er stillet af danske civilsamfundsorganisationer i samarbejde med lokale partnere i projektlandene.<\/span><\/p>\n<p><b><i>S\u00e5 nu skal vi i gang med anden runde af projektvalget. Det betyder, at I p\u00e5 jeres skole skal v\u00e6re med til at tr\u00e6ffe den endelige afg\u00f8relse for hvilket projekt og hvilken samarbejdspartner, OD skal have i 2026.<\/i><\/b><\/p>\n<p><b>Hver skole har \u00e9n stemme<\/b><span style=\"font-weight: 400;\">. I skal afholde valg p\u00e5 jeres skole for at finde ud af hvilket projekt, jeres skole skal stemme p\u00e5. Det er op til jer i dagsv\u00e6rkgruppen hvordan I gerne vil afholde valget p\u00e5 jeres skole.\u00a0<\/span><\/p>\n<p><span style=\"font-weight: 400;\">I kan sende jeres skoles stemme ind til os mellem d. 24. november og 5. december p\u00e5 <\/span><a href=\"https:\/\/afstemning.od.dk\/\"><span style=\"font-weight: 400;\">https:\/\/afstemning.od.dk<\/span><\/a><\/p>\n<p><span style=\"font-weight: 400;\">I kan l\u00e6se mere om de tre projekter I kan v\u00e6lge imellem i \u00e5r i menuen til h\u00f8jre.<\/span><\/p>\n<p><span style=\"font-weight: 400;\">Yderligere information og materialer til projektvalget kan findes i <\/span><a href=\"https:\/\/drive.google.com\/drive\/u\/1\/folders\/1Vq-a0fSxiqhsumAz-XAgEeISKug8G6Ge\"><span style=\"font-weight: 400;\">Dagsv\u00e6rksgruppernes Ressourcemappe<\/span><\/a><\/p>\n<p><br style=\"font-weight: 400;\" \/><br style=\"font-weight: 400;\" \/><br \/>\n&nbsp;<\/p>\n<p><!-- \/wp:paragraph --><\/p>\n<\/div>\n\n\n\n<h2 class=\"wp-block-heading\">Om projektvalg i Operation Dagsv\u00e6rk<\/h2>\n\n\n\n<p>Operation Dagsv\u00e6rks m\u00e5de at arbejde med \u00f8konomisk st\u00f8tte til ungeledede udviklingsprojekter er helt unik. Ikke kun fordi vi prioriterer det lokalt forankrede samarbejde i projektlandene, men ogs\u00e5 fordi vores organisation er elevdrevet.<\/p>\n\n\n\n<p>Det er elever p\u00e5 de danske uddannelsesinstitutioner, der i sidste ende bestemmer hvilke projekter, vi skal st\u00f8tte &#8211; vores organisation og beslutningsprocesser er nemlig elevdemokratiske.<\/p>\n\n\n\n<p>De projekter, der v\u00e6lges af eleverne p\u00e5 danske uddannelsesinstitutioner, er alle lokalt forankret i de samfund og kontekster, de foreg\u00e5r i, og skal aktivt modarbejde diskrimination, have et fokus p\u00e5 uddannelse af unge, og sikre ligestilling i dets udf\u00f8relse. Vi tror nemlig p\u00e5 gr\u00e6nsel\u00f8s solidaritet, og p\u00e5 at direkte medbestemmelse, aktiv involvering og nuanceret oplysning er med til at skabe reel forandring. <\/p>\n\n\n\n<p>Projektvalget i Operation Dagsv\u00e6rk er en proces, der str\u00e6kker sig hvert \u00e5r fra oktober til maj. Herunder kan du l\u00e6se mere om processen med projektvalget, og hvilken vigtig rolle Dagsv\u00e6rksgruppen spiller i denne.<\/p>\n\n\n\n<h2 class=\"wp-block-heading\">Projektforslag<\/h2>\n\n\n\n<p>N\u00e5r Operation Dagsv\u00e6rk v\u00e6lger, hvilket projekt foreningen skal st\u00f8tte, sker det gennem en proces, der str\u00e6kker sig fra efter\u00e5r til for\u00e5r, og beslutningen g\u00e5r gennem mange led.<\/p>\n\n\n\n<p>Danske udviklingsorganisationer, der opfylder en r\u00e6kke krav vedtaget af elever p\u00e5 Operation Dagsv\u00e6rks Storm\u00f8de, kan opstille projektforslag. For at komme i betragtning skal organisationerne i f\u00f8rste omgang aflevere et projektforslag, hvor deres projektid\u00e9, hovedaktiviteter osv. kort pr\u00e6senteres. Deadline for projektforslaget er hvert \u00e5r i efter\u00e5ret.<\/p>\n\n\n\n<p>P\u00e5 baggrund af Operation Dagsv\u00e6rks politiske papir behandler bestyrelsen de indsendte projektforslag og godkender dem, der lever op til retningslinjerne.<\/p>\n\n\n\n<h2 class=\"wp-block-heading\">1. Runde af projektvalget: Behandling p\u00e5 Storm\u00f8det<\/h2>\n\n\n\n<p>De 3 godkendte projektforslag bliver behandlet p\u00e5 Operation Dagsv\u00e6rks Storm\u00f8de i slutningen af januar. Projektforslagene sendes ud til Dagsv\u00e6rksgrupperne et par uger f\u00f8r Storm\u00f8det sammen med resten af Storm\u00f8deposten. <\/p>\n\n\n\n<p>P\u00e5 Storm\u00f8det l\u00e6ser de deltagende elever projektforslagene og reflekterer f\u00e6lles over dem. Projekterne g\u00e5r videre til anden runde af projektvalget, der ligger i for\u00e5ret. Behandlingen p\u00e5 storm\u00f8det omfatter visning af film fra projektstillerne, l\u00e6sning af projektforslag, gruppearbejde og plenumdiskussion. <\/p>\n\n\n\n<h2 class=\"wp-block-heading\">2. Runde af projektvalget: skolerne v\u00e6lger<\/h2>\n\n\n\n<p>De tre projekter, der f\u00e5r flest stemmer p\u00e5 Storm\u00f8det g\u00e5r videre til afstemning blandt eleverne gennem lokale valg p\u00e5 Operation Dagsv\u00e6rks medlemsskoler. <\/p>\n\n\n\n<p>For at sikre en god proces for de lokale valg, holder Operation Dagsv\u00e6rk hvert \u00e5r en projektweekend for Dagsv\u00e6rkgrupperne, hvor de bliver kl\u00e6dt p\u00e5 til forskellige m\u00e5der at afholde valg p\u00e5 deres skole, og kan p\u00e5begynde planl\u00e6gning af valgene, samt m\u00f8de projektstillerne, s\u00e5 de kan l\u00e6re projekterne endnu bedre at kende og stille sp\u00f8rgsm\u00e5l.<\/p>\n\n\n\n<p>Det er op til Dagsv\u00e6rkgrupperne, hvordan de vil afholde valget p\u00e5 deres skole. N\u00e5r valget p\u00e5 skolen er afholdt, indsender Dagsv\u00e6rksgruppen skolens stemme til OD. Hver skole har en stemme og skal alts\u00e5 stemme p\u00e5 det projekt, de \u00f8nsker OD skal lave kampagne og arbejde for kalender\u00e5ret efter.<\/p>\n\n\n\n<div class=\"faktaboks\">\n  <div class=\"color-box\"><\/div>\n  <h2>Operation Dagsv\u00e6rks krav til projekter<\/h2>\n<p>Kravene til indholdet af projektet er beskrevet i princippapiret &#8220;OD\u2019s Holdninger og Krav til Projekter og Projektstillere&#8221; vedtaget p\u00e5 OD&#8217;s Storm\u00f8de. Disse krav indeholder blandt andet, at projektet skal adressere og handle om f\u00f8lgende emner og tematikker:<\/p>\n<p>&nbsp;<\/p>\n<ul>\n<li><strong>Uddannelse<\/strong>: Projektet skal handle om uddannelse af unge i projektlandet<\/li>\n<li><strong>Lokal forankring<\/strong>: Projektet skal tage udgangspunkt i lokale behov, have lokale samarbejdspartnere, og modtagerne skal selv definere deres behov<\/li>\n<li><strong>Fortalervirksomhed<\/strong>: Projektet skal indt\u00e6nke fortalervirksomhed som et centralt element, da projektet som form\u00e5l skal stile efter strukturelle forandringer fremfor isolerede effekter<\/li>\n<li><strong>Diskrimination og ligestilling<\/strong>: Projektet skal aktivt medt\u00e6nke indsatser der forebygger og modarbejder diskrimination af enhver art, og klart vise hvordan det tackler inklusion af minoriteter samt disses aktive og ligev\u00e6rdige deltagelse i projektet samt i de \u00f8nskede resultater af projektet.<\/li>\n<li><strong>B\u00e6redygtighed<\/strong>: Projektet skal kunne leve videre i egen ret efter det er afsluttet. Derudover skal der, hvis det er relevant, indt\u00e6nkes eventuel milj\u00f8belastning ifbm. projektets udf\u00f8relse.<\/li>\n<li><strong>Samh\u00f8righed og ligev\u00e6rd<\/strong>: Projektet skal skabe f\u00e6llesskab, organisering og solidaritet b\u00e5de internt mellem unge i projektlandet og mellem danske unge og unge i projektlandet<\/li>\n<\/ul>\n<\/div>\n\n\n\n<p><\/p>\n","protected":false},"excerpt":{"rendered":"<p>Om projektvalg i Operation Dagsv\u00e6rk Operation Dagsv\u00e6rks m\u00e5de at arbejde med \u00f8konomisk st\u00f8tte til ungeledede udviklingsprojekter er helt unik. Ikke kun fordi vi prioriterer det lokalt forankrede samarbejde i projektlandene, men ogs\u00e5 fordi vores organisation &hellip;<\/p>\n","protected":false},"author":1,"featured_media":545,"parent":0,"menu_order":0,"comment_status":"closed","ping_status":"closed","template":"","meta":{"footnotes":""},"acf":[],"yoast_head":"<!-- This site is optimized with the Yoast SEO plugin v22.5 - https:\/\/yoast.com\/wordpress\/plugins\/seo\/ -->\n<title>Projektvalg - Operation Dagsv\u00e6rk<\/title>\n<meta name=\"robots\" content=\"index, follow, max-snippet:-1, max-image-preview:large, max-video-preview:-1\" \/>\n<link rel=\"canonical\" href=\"https:\/\/www.od.dk\/?page_id=323\" \/>\n<meta property=\"og:locale\" content=\"da_DK\" \/>\n<meta property=\"og:type\" content=\"article\" \/>\n<meta property=\"og:title\" content=\"Projektvalg - Operation Dagsv\u00e6rk\" \/>\n<meta property=\"og:description\" content=\"Om projektvalg i Operation Dagsv\u00e6rk Operation Dagsv\u00e6rks m\u00e5de at arbejde med \u00f8konomisk st\u00f8tte til ungeledede udviklingsprojekter er helt unik. Ikke kun fordi vi prioriterer det lokalt forankrede samarbejde i projektlandene, men ogs\u00e5 fordi vores organisation &hellip;\" \/>\n<meta property=\"og:url\" content=\"https:\/\/www.od.dk\/?page_id=323\" \/>\n<meta property=\"og:site_name\" content=\"Operation Dagsv\u00e6rk\" \/>\n<meta property=\"article:modified_time\" content=\"2025-11-03T10:47:26+00:00\" \/>\n<meta property=\"og:image\" content=\"https:\/\/www.od.dk\/wp-content\/uploads\/2022\/10\/IMG_6941-e1664789535346.jpg\" \/>\n\t<meta property=\"og:image:width\" content=\"5184\" \/>\n\t<meta property=\"og:image:height\" content=\"2838\" \/>\n\t<meta property=\"og:image:type\" content=\"image\/jpeg\" \/>\n<meta name=\"twitter:card\" content=\"summary_large_image\" \/>\n<meta name=\"twitter:label1\" content=\"Estimeret l\u00e6setid\" \/>\n\t<meta name=\"twitter:data1\" content=\"3 minutter\" \/>\n<script type=\"application\/ld+json\" class=\"yoast-schema-graph\">{\"@context\":\"https:\/\/schema.org\",\"@graph\":[{\"@type\":\"WebPage\",\"@id\":\"https:\/\/www.od.dk\/?page_id=323\",\"url\":\"https:\/\/www.od.dk\/?page_id=323\",\"name\":\"Projektvalg - Operation Dagsv\u00e6rk\",\"isPartOf\":{\"@id\":\"https:\/\/www.od.dk\/#website\"},\"primaryImageOfPage\":{\"@id\":\"https:\/\/www.od.dk\/?page_id=323#primaryimage\"},\"image\":{\"@id\":\"https:\/\/www.od.dk\/?page_id=323#primaryimage\"},\"thumbnailUrl\":\"https:\/\/www.od.dk\/wp-content\/uploads\/2022\/10\/IMG_6941-e1664789535346.jpg\",\"datePublished\":\"2022-07-03T14:17:59+00:00\",\"dateModified\":\"2025-11-03T10:47:26+00:00\",\"breadcrumb\":{\"@id\":\"https:\/\/www.od.dk\/?page_id=323#breadcrumb\"},\"inLanguage\":\"da-DK\",\"potentialAction\":[{\"@type\":\"ReadAction\",\"target\":[\"https:\/\/www.od.dk\/?page_id=323\"]}]},{\"@type\":\"ImageObject\",\"inLanguage\":\"da-DK\",\"@id\":\"https:\/\/www.od.dk\/?page_id=323#primaryimage\",\"url\":\"https:\/\/www.od.dk\/wp-content\/uploads\/2022\/10\/IMG_6941-e1664789535346.jpg\",\"contentUrl\":\"https:\/\/www.od.dk\/wp-content\/uploads\/2022\/10\/IMG_6941-e1664789535346.jpg\",\"width\":5184,\"height\":2838},{\"@type\":\"BreadcrumbList\",\"@id\":\"https:\/\/www.od.dk\/?page_id=323#breadcrumb\",\"itemListElement\":[{\"@type\":\"ListItem\",\"position\":1,\"name\":\"Forside\",\"item\":\"https:\/\/www.od.dk\/\"},{\"@type\":\"ListItem\",\"position\":2,\"name\":\"Projektvalg\"}]},{\"@type\":\"WebSite\",\"@id\":\"https:\/\/www.od.dk\/#website\",\"url\":\"https:\/\/www.od.dk\/\",\"name\":\"Operation Dagsv\u00e6rk\",\"description\":\"Oplysning, stillingtagen, handling\",\"alternateName\":\"OD\",\"potentialAction\":[{\"@type\":\"SearchAction\",\"target\":{\"@type\":\"EntryPoint\",\"urlTemplate\":\"https:\/\/www.od.dk\/?s={search_term_string}\"},\"query-input\":\"required name=search_term_string\"}],\"inLanguage\":\"da-DK\"}]}<\/script>\n<!-- \/ Yoast SEO plugin. -->","yoast_head_json":{"title":"Projektvalg - Operation Dagsv\u00e6rk","robots":{"index":"index","follow":"follow","max-snippet":"max-snippet:-1","max-image-preview":"max-image-preview:large","max-video-preview":"max-video-preview:-1"},"canonical":"https:\/\/www.od.dk\/?page_id=323","og_locale":"da_DK","og_type":"article","og_title":"Projektvalg - Operation Dagsv\u00e6rk","og_description":"Om projektvalg i Operation Dagsv\u00e6rk Operation Dagsv\u00e6rks m\u00e5de at arbejde med \u00f8konomisk st\u00f8tte til ungeledede udviklingsprojekter er helt unik. Ikke kun fordi vi prioriterer det lokalt forankrede samarbejde i projektlandene, men ogs\u00e5 fordi vores organisation &hellip;","og_url":"https:\/\/www.od.dk\/?page_id=323","og_site_name":"Operation Dagsv\u00e6rk","article_modified_time":"2025-11-03T10:47:26+00:00","og_image":[{"width":5184,"height":2838,"url":"https:\/\/www.od.dk\/wp-content\/uploads\/2022\/10\/IMG_6941-e1664789535346.jpg","type":"image\/jpeg"}],"twitter_card":"summary_large_image","twitter_misc":{"Estimeret l\u00e6setid":"3 minutter"},"schema":{"@context":"https:\/\/schema.org","@graph":[{"@type":"WebPage","@id":"https:\/\/www.od.dk\/?page_id=323","url":"https:\/\/www.od.dk\/?page_id=323","name":"Projektvalg - Operation Dagsv\u00e6rk","isPartOf":{"@id":"https:\/\/www.od.dk\/#website"},"primaryImageOfPage":{"@id":"https:\/\/www.od.dk\/?page_id=323#primaryimage"},"image":{"@id":"https:\/\/www.od.dk\/?page_id=323#primaryimage"},"thumbnailUrl":"https:\/\/www.od.dk\/wp-content\/uploads\/2022\/10\/IMG_6941-e1664789535346.jpg","datePublished":"2022-07-03T14:17:59+00:00","dateModified":"2025-11-03T10:47:26+00:00","breadcrumb":{"@id":"https:\/\/www.od.dk\/?page_id=323#breadcrumb"},"inLanguage":"da-DK","potentialAction":[{"@type":"ReadAction","target":["https:\/\/www.od.dk\/?page_id=323"]}]},{"@type":"ImageObject","inLanguage":"da-DK","@id":"https:\/\/www.od.dk\/?page_id=323#primaryimage","url":"https:\/\/www.od.dk\/wp-content\/uploads\/2022\/10\/IMG_6941-e1664789535346.jpg","contentUrl":"https:\/\/www.od.dk\/wp-content\/uploads\/2022\/10\/IMG_6941-e1664789535346.jpg","width":5184,"height":2838},{"@type":"BreadcrumbList","@id":"https:\/\/www.od.dk\/?page_id=323#breadcrumb","itemListElement":[{"@type":"ListItem","position":1,"name":"Forside","item":"https:\/\/www.od.dk\/"},{"@type":"ListItem","position":2,"name":"Projektvalg"}]},{"@type":"WebSite","@id":"https:\/\/www.od.dk\/#website","url":"https:\/\/www.od.dk\/","name":"Operation Dagsv\u00e6rk","description":"Oplysning, stillingtagen, handling","alternateName":"OD","potentialAction":[{"@type":"SearchAction","target":{"@type":"EntryPoint","urlTemplate":"https:\/\/www.od.dk\/?s={search_term_string}"},"query-input":"required name=search_term_string"}],"inLanguage":"da-DK"}]}},"_links":{"self":[{"href":"https:\/\/www.od.dk\/index.php?rest_route=\/wp\/v2\/pages\/323"}],"collection":[{"href":"https:\/\/www.od.dk\/index.php?rest_route=\/wp\/v2\/pages"}],"about":[{"href":"https:\/\/www.od.dk\/index.php?rest_route=\/wp\/v2\/types\/page"}],"author":[{"embeddable":true,"href":"https:\/\/www.od.dk\/index.php?rest_route=\/wp\/v2\/users\/1"}],"replies":[{"embeddable":true,"href":"https:\/\/www.od.dk\/index.php?rest_route=%2Fwp%2Fv2%2Fcomments&post=323"}],"version-history":[{"count":38,"href":"https:\/\/www.od.dk\/index.php?rest_route=\/wp\/v2\/pages\/323\/revisions"}],"predecessor-version":[{"id":1948,"href":"https:\/\/www.od.dk\/index.php?rest_route=\/wp\/v2\/pages\/323\/revisions\/1948"}],"wp:featuredmedia":[{"embeddable":true,"href":"https:\/\/www.od.dk\/index.php?rest_route=\/wp\/v2\/media\/545"}],"wp:attachment":[{"href":"https:\/\/www.od.dk\/index.php?rest_route=%2Fwp%2Fv2%2Fmedia&parent=323"}],"curies":[{"name":"wp","href":"https:\/\/api.w.org\/{rel}","templated":true}]}}