{"id":424,"date":"2022-09-30T09:17:05","date_gmt":"2022-09-30T09:17:05","guid":{"rendered":"http:\/\/www.od.dk\/?page_id=424"},"modified":"2023-03-29T12:11:07","modified_gmt":"2023-03-29T12:11:07","slug":"bliv-aktiv-i-operation-dagsvaerk","status":"publish","type":"page","link":"https:\/\/www.od.dk\/?page_id=424","title":{"rendered":"V\u00e6r med i Operation Dagsv\u00e6rk"},"content":{"rendered":"\n<p><\/p>\n\n\n\n<p>I Operation Dagsv\u00e6rk mener vi, at alle mennesker har ret til de samme rettigheder og muligheder i livet. B\u00e5de i Danmark og globalt.<\/p>\n\n\n\n<p>Vi arbejder for at skabe solidaritet mellem unge i Danmark og unge i resten af verden.&nbsp;Med vores projekter \u00f8nsker vi at skabe langsigtet og b\u00e6redygtig udvikling, som er med til at skabe strukturelle forandringer og give unge flere muligheder i livet.<\/p>\n\n\n\n<h2 class=\"wp-block-heading\">Vores metoder er helt s\u00e6rlige og adskiller sig fra andre udviklingsorganisationers<\/h2>\n\n\n\n<p><\/p>\n\n\n\n<p>Operation Dagsv\u00e6rk er nemlig en organisation for globalt interesserede unge &#8211; og en organisation, der er drevet af unge. I OD tror vi p\u00e5, at unge faktisk har holdninger til hvilke forandringer, der skal ske i verden, og vi giver unge muligheden for at f\u00e5 indflydelse p\u00e5 globale sp\u00f8rgsm\u00e5l.&nbsp;<\/p>\n\n\n\n<p>Hvert \u00e5r v\u00e6lger elever p\u00e5 fra ungdomsuddannelser, efterskoler og udskolinger i hele landet et nyt udviklingsprojekt i det globale syd, som arbejdet i OD skal fokusere p\u00e5 \u00e5ret efter. <\/p>\n\n\n\n<p>Alle de udviklingsprojekter, vi arbejder for, lever op til krav, som elever fra hele landet sammen har formuleret p\u00e5 vores storm\u00f8de. Kravene er bl.a., at udviklingsprojekterne skal handle om unge og uddannelse, at m\u00e5lgruppen for udviklingsprojekterne selv skal v\u00e6re involveret i udarbejdelsen af udviklingsprojekterne, og at udviklingsprojekterne skal skabe langvarige og b\u00e6redygtige forandringer. <\/p>\n\n\n\n<h2 class=\"wp-block-heading\">Faktisk er hele OD drevet af unge<\/h2>\n\n\n\n<p><\/p>\n\n\n\n<p>De vigtigste beslutninger om OD\u2019s holdninger og arbejde bliver taget p\u00e5 vores \u00e5rlige storm\u00f8de, hvor unge fra skoler i hele landet samles og sammen bestemmer OD\u2019s retning for det n\u00e6ste \u00e5r. <\/p>\n\n\n\n<p>P\u00e5 storm\u00f8det v\u00e6lges ogs\u00e5 en bestyrelse, der kun best\u00e5r af elever, som m\u00f8des mindst en gang om m\u00e5neden og arbejder for at udf\u00f8re de beslutninger, som storm\u00f8det har taget.<\/p>\n\n\n\n<p>Og p\u00e5 skoler i hele landet laver elever i Dagsv\u00e6rksgrupper aktiviteter, der oplyser om \u00e5rets udviklingsprojekt, bidrager til et godt socialt milj\u00f8 p\u00e5 skolen, og giver alle skolens elever mulighed for at handle p\u00e5 globale problemstillinger og i solidaritet med andre unge i verden.&nbsp;<\/p>\n\n\n\n<h2 class=\"wp-block-heading\">P\u00e5 den m\u00e5de er alt i OD for, af og med unge. Det er unge som dig, der i f\u00e6llesskab med andre unge bestemmer over OD.<\/h2>\n\n\n\n<p><\/p>\n","protected":false},"excerpt":{"rendered":"<p>I Operation Dagsv\u00e6rk mener vi, at alle mennesker har ret til de samme rettigheder og muligheder i livet. B\u00e5de i Danmark og globalt. Vi arbejder for at skabe solidaritet mellem unge i Danmark og unge &hellip;<\/p>\n","protected":false},"author":1,"featured_media":440,"parent":0,"menu_order":0,"comment_status":"closed","ping_status":"closed","template":"","meta":{"footnotes":""},"acf":[],"yoast_head":"<!-- This site is optimized with the Yoast SEO plugin v22.5 - https:\/\/yoast.com\/wordpress\/plugins\/seo\/ -->\n<title>V\u00e6r med i Operation Dagsv\u00e6rk - Operation Dagsv\u00e6rk<\/title>\n<meta name=\"robots\" content=\"index, follow, max-snippet:-1, max-image-preview:large, max-video-preview:-1\" \/>\n<link rel=\"canonical\" href=\"https:\/\/www.od.dk\/?page_id=424\" \/>\n<meta property=\"og:locale\" content=\"da_DK\" \/>\n<meta property=\"og:type\" content=\"article\" \/>\n<meta property=\"og:title\" content=\"V\u00e6r med i Operation Dagsv\u00e6rk - Operation Dagsv\u00e6rk\" \/>\n<meta property=\"og:description\" content=\"I Operation Dagsv\u00e6rk mener vi, at alle mennesker har ret til de samme rettigheder og muligheder i livet. B\u00e5de i Danmark og globalt. Vi arbejder for at skabe solidaritet mellem unge i Danmark og unge &hellip;\" \/>\n<meta property=\"og:url\" content=\"https:\/\/www.od.dk\/?page_id=424\" \/>\n<meta property=\"og:site_name\" content=\"Operation Dagsv\u00e6rk\" \/>\n<meta property=\"article:modified_time\" content=\"2023-03-29T12:11:07+00:00\" \/>\n<meta property=\"og:image\" content=\"https:\/\/www.od.dk\/wp-content\/uploads\/2022\/09\/IMG_2055-e1664542520179.jpg\" \/>\n\t<meta property=\"og:image:width\" content=\"4032\" \/>\n\t<meta property=\"og:image:height\" content=\"1673\" \/>\n\t<meta property=\"og:image:type\" content=\"image\/jpeg\" \/>\n<meta name=\"twitter:card\" content=\"summary_large_image\" \/>\n<meta name=\"twitter:label1\" content=\"Estimeret l\u00e6setid\" \/>\n\t<meta name=\"twitter:data1\" content=\"2 minutter\" \/>\n<script type=\"application\/ld+json\" class=\"yoast-schema-graph\">{\"@context\":\"https:\/\/schema.org\",\"@graph\":[{\"@type\":\"WebPage\",\"@id\":\"https:\/\/www.od.dk\/?page_id=424\",\"url\":\"https:\/\/www.od.dk\/?page_id=424\",\"name\":\"V\u00e6r med i Operation Dagsv\u00e6rk - Operation Dagsv\u00e6rk\",\"isPartOf\":{\"@id\":\"https:\/\/www.od.dk\/#website\"},\"primaryImageOfPage\":{\"@id\":\"https:\/\/www.od.dk\/?page_id=424#primaryimage\"},\"image\":{\"@id\":\"https:\/\/www.od.dk\/?page_id=424#primaryimage\"},\"thumbnailUrl\":\"https:\/\/www.od.dk\/wp-content\/uploads\/2022\/09\/IMG_2055-e1664542520179.jpg\",\"datePublished\":\"2022-09-30T09:17:05+00:00\",\"dateModified\":\"2023-03-29T12:11:07+00:00\",\"breadcrumb\":{\"@id\":\"https:\/\/www.od.dk\/?page_id=424#breadcrumb\"},\"inLanguage\":\"da-DK\",\"potentialAction\":[{\"@type\":\"ReadAction\",\"target\":[\"https:\/\/www.od.dk\/?page_id=424\"]}]},{\"@type\":\"ImageObject\",\"inLanguage\":\"da-DK\",\"@id\":\"https:\/\/www.od.dk\/?page_id=424#primaryimage\",\"url\":\"https:\/\/www.od.dk\/wp-content\/uploads\/2022\/09\/IMG_2055-e1664542520179.jpg\",\"contentUrl\":\"https:\/\/www.od.dk\/wp-content\/uploads\/2022\/09\/IMG_2055-e1664542520179.jpg\",\"width\":4032,\"height\":1673},{\"@type\":\"BreadcrumbList\",\"@id\":\"https:\/\/www.od.dk\/?page_id=424#breadcrumb\",\"itemListElement\":[{\"@type\":\"ListItem\",\"position\":1,\"name\":\"Forside\",\"item\":\"https:\/\/www.od.dk\/\"},{\"@type\":\"ListItem\",\"position\":2,\"name\":\"V\u00e6r med i Operation Dagsv\u00e6rk\"}]},{\"@type\":\"WebSite\",\"@id\":\"https:\/\/www.od.dk\/#website\",\"url\":\"https:\/\/www.od.dk\/\",\"name\":\"Operation Dagsv\u00e6rk\",\"description\":\"Oplysning, stillingtagen, handling\",\"alternateName\":\"OD\",\"potentialAction\":[{\"@type\":\"SearchAction\",\"target\":{\"@type\":\"EntryPoint\",\"urlTemplate\":\"https:\/\/www.od.dk\/?s={search_term_string}\"},\"query-input\":\"required name=search_term_string\"}],\"inLanguage\":\"da-DK\"}]}<\/script>\n<!-- \/ Yoast SEO plugin. -->","yoast_head_json":{"title":"V\u00e6r med i Operation Dagsv\u00e6rk - Operation Dagsv\u00e6rk","robots":{"index":"index","follow":"follow","max-snippet":"max-snippet:-1","max-image-preview":"max-image-preview:large","max-video-preview":"max-video-preview:-1"},"canonical":"https:\/\/www.od.dk\/?page_id=424","og_locale":"da_DK","og_type":"article","og_title":"V\u00e6r med i Operation Dagsv\u00e6rk - Operation Dagsv\u00e6rk","og_description":"I Operation Dagsv\u00e6rk mener vi, at alle mennesker har ret til de samme rettigheder og muligheder i livet. B\u00e5de i Danmark og globalt. Vi arbejder for at skabe solidaritet mellem unge i Danmark og unge &hellip;","og_url":"https:\/\/www.od.dk\/?page_id=424","og_site_name":"Operation Dagsv\u00e6rk","article_modified_time":"2023-03-29T12:11:07+00:00","og_image":[{"width":4032,"height":1673,"url":"https:\/\/www.od.dk\/wp-content\/uploads\/2022\/09\/IMG_2055-e1664542520179.jpg","type":"image\/jpeg"}],"twitter_card":"summary_large_image","twitter_misc":{"Estimeret l\u00e6setid":"2 minutter"},"schema":{"@context":"https:\/\/schema.org","@graph":[{"@type":"WebPage","@id":"https:\/\/www.od.dk\/?page_id=424","url":"https:\/\/www.od.dk\/?page_id=424","name":"V\u00e6r med i Operation Dagsv\u00e6rk - Operation Dagsv\u00e6rk","isPartOf":{"@id":"https:\/\/www.od.dk\/#website"},"primaryImageOfPage":{"@id":"https:\/\/www.od.dk\/?page_id=424#primaryimage"},"image":{"@id":"https:\/\/www.od.dk\/?page_id=424#primaryimage"},"thumbnailUrl":"https:\/\/www.od.dk\/wp-content\/uploads\/2022\/09\/IMG_2055-e1664542520179.jpg","datePublished":"2022-09-30T09:17:05+00:00","dateModified":"2023-03-29T12:11:07+00:00","breadcrumb":{"@id":"https:\/\/www.od.dk\/?page_id=424#breadcrumb"},"inLanguage":"da-DK","potentialAction":[{"@type":"ReadAction","target":["https:\/\/www.od.dk\/?page_id=424"]}]},{"@type":"ImageObject","inLanguage":"da-DK","@id":"https:\/\/www.od.dk\/?page_id=424#primaryimage","url":"https:\/\/www.od.dk\/wp-content\/uploads\/2022\/09\/IMG_2055-e1664542520179.jpg","contentUrl":"https:\/\/www.od.dk\/wp-content\/uploads\/2022\/09\/IMG_2055-e1664542520179.jpg","width":4032,"height":1673},{"@type":"BreadcrumbList","@id":"https:\/\/www.od.dk\/?page_id=424#breadcrumb","itemListElement":[{"@type":"ListItem","position":1,"name":"Forside","item":"https:\/\/www.od.dk\/"},{"@type":"ListItem","position":2,"name":"V\u00e6r med i Operation Dagsv\u00e6rk"}]},{"@type":"WebSite","@id":"https:\/\/www.od.dk\/#website","url":"https:\/\/www.od.dk\/","name":"Operation Dagsv\u00e6rk","description":"Oplysning, stillingtagen, handling","alternateName":"OD","potentialAction":[{"@type":"SearchAction","target":{"@type":"EntryPoint","urlTemplate":"https:\/\/www.od.dk\/?s={search_term_string}"},"query-input":"required name=search_term_string"}],"inLanguage":"da-DK"}]}},"_links":{"self":[{"href":"https:\/\/www.od.dk\/index.php?rest_route=\/wp\/v2\/pages\/424"}],"collection":[{"href":"https:\/\/www.od.dk\/index.php?rest_route=\/wp\/v2\/pages"}],"about":[{"href":"https:\/\/www.od.dk\/index.php?rest_route=\/wp\/v2\/types\/page"}],"author":[{"embeddable":true,"href":"https:\/\/www.od.dk\/index.php?rest_route=\/wp\/v2\/users\/1"}],"replies":[{"embeddable":true,"href":"https:\/\/www.od.dk\/index.php?rest_route=%2Fwp%2Fv2%2Fcomments&post=424"}],"version-history":[{"count":9,"href":"https:\/\/www.od.dk\/index.php?rest_route=\/wp\/v2\/pages\/424\/revisions"}],"predecessor-version":[{"id":956,"href":"https:\/\/www.od.dk\/index.php?rest_route=\/wp\/v2\/pages\/424\/revisions\/956"}],"wp:featuredmedia":[{"embeddable":true,"href":"https:\/\/www.od.dk\/index.php?rest_route=\/wp\/v2\/media\/440"}],"wp:attachment":[{"href":"https:\/\/www.od.dk\/index.php?rest_route=%2Fwp%2Fv2%2Fmedia&parent=424"}],"curies":[{"name":"wp","href":"https:\/\/api.w.org\/{rel}","templated":true}]}}