{"id":429,"date":"2022-09-30T09:42:48","date_gmt":"2022-09-30T09:42:48","guid":{"rendered":"http:\/\/www.od.dk\/?page_id=429"},"modified":"2022-09-30T13:01:38","modified_gmt":"2022-09-30T13:01:38","slug":"vaer-med-i-en-dagsvaerksgruppe","status":"publish","type":"page","link":"https:\/\/www.od.dk\/?page_id=429","title":{"rendered":"V\u00e6r med i en Dagsv\u00e6rksgruppe"},"content":{"rendered":"\n<p>Dagsv\u00e6rksgrupperne er fundamentet i OD. Det er her du som elev kan arbejde for solidaritet med andre unge i verden og f\u00e5 indflydelse p\u00e5 OD&#8217;s arbejde. <\/p>\n\n\n\n<p>Der findes Dagsv\u00e6rksgrupper p\u00e5 skoler i hele landet. Sammen skaber de opm\u00e6rksomhed om \u00e5rets projekt og Dagsv\u00e6rkdagen p\u00e5 deres skoler. De deltager i vores storm\u00f8de, hvor de sammen med andre Dagsv\u00e6rksgrupper tager beslutninger om OD&#8217;s arbejde, holdninger og prioriteringer. Og de er med til at tage det endelige valg om, hvilke udviklingsprojekter vi skal arbejde for p\u00e5 Dagsv\u00e6rkdagen. <\/p>\n\n\n\n<p>Dagsv\u00e6rksgruppen er b\u00e5de en mulighed for at lave ting, du selv synes er hyggelige, sjove og sp\u00e6ndende &#8211; og en mulighed for at bidrage til et godt socialt milj\u00f8 p\u00e5 din skole. Dagsv\u00e6rksgrupper holder caf\u00e9er og fester. De faciliterer debatter og quizzer. De maler bannere og tager til demonstrationer. De s\u00e6lger kage, laver t\u00f8j- og plantebyttedage, m\u00f8des til krea- og br\u00e6tspilshygge og deltager p\u00e5 morgensamlinger. Der findes ikke kun \u00e9n m\u00e5de at v\u00e6re Dagsv\u00e6rksgruppe p\u00e5 &#8211; det er jer, der bestemmer!<\/p>\n\n\n\n<p>Hvis du har holdninger til globale sp\u00f8rgm\u00e5l, vil arbejde for lige muligheder for unge i hele verden eller har gode id\u00e9er til fede og hyggelige aktiviteter p\u00e5 din skole &#8211; s\u00e5 skal du da v\u00e6re med i en Dagsv\u00e6rksgruppe!<\/p>\n\n\n\n<p>Kontakt os p\u00e5 od@od.dk eller 33 11 45 40 s\u00e5 hj\u00e6lper vi dig i gang. <\/p>\n\n\n\n<p>Hvis du vil have inspiration til aktiviteter i din Dagsv\u00e6rksgruppe, s\u00e5 tjek <a href=\"https:\/\/drive.google.com\/drive\/folders\/0Bx8SZB_GRnvJTDJFblNCNzl5bm8?resourcekey=0-tiea5zsR4K_z6zqenVl8-A&amp;usp=sharing\" target=\"_blank\" rel=\"noreferrer noopener nofollow\">Dagsv\u00e6rksgruppernes Ressourcemappe<\/a> ud.<\/p>\n","protected":false},"excerpt":{"rendered":"<p>Dagsv\u00e6rksgrupperne er fundamentet i OD. Det er her du som elev kan arbejde for solidaritet med andre unge i verden og f\u00e5 indflydelse p\u00e5 OD&#8217;s arbejde. Der findes Dagsv\u00e6rksgrupper p\u00e5 skoler i hele landet. Sammen &hellip;<\/p>\n","protected":false},"author":1,"featured_media":440,"parent":424,"menu_order":1,"comment_status":"closed","ping_status":"closed","template":"","meta":{"footnotes":""},"acf":[],"yoast_head":"<!-- This site is optimized with the Yoast SEO plugin v22.5 - https:\/\/yoast.com\/wordpress\/plugins\/seo\/ -->\n<title>V\u00e6r med i en Dagsv\u00e6rksgruppe - Operation Dagsv\u00e6rk<\/title>\n<meta name=\"robots\" content=\"index, follow, max-snippet:-1, max-image-preview:large, max-video-preview:-1\" \/>\n<link rel=\"canonical\" href=\"https:\/\/www.od.dk\/?page_id=429\" \/>\n<meta property=\"og:locale\" content=\"da_DK\" \/>\n<meta property=\"og:type\" content=\"article\" \/>\n<meta property=\"og:title\" content=\"V\u00e6r med i en Dagsv\u00e6rksgruppe - Operation Dagsv\u00e6rk\" \/>\n<meta property=\"og:description\" content=\"Dagsv\u00e6rksgrupperne er fundamentet i OD. Det er her du som elev kan arbejde for solidaritet med andre unge i verden og f\u00e5 indflydelse p\u00e5 OD&#8217;s arbejde. Der findes Dagsv\u00e6rksgrupper p\u00e5 skoler i hele landet. Sammen &hellip;\" \/>\n<meta property=\"og:url\" content=\"https:\/\/www.od.dk\/?page_id=429\" \/>\n<meta property=\"og:site_name\" content=\"Operation Dagsv\u00e6rk\" \/>\n<meta property=\"article:modified_time\" content=\"2022-09-30T13:01:38+00:00\" \/>\n<meta property=\"og:image\" content=\"https:\/\/www.od.dk\/wp-content\/uploads\/2022\/09\/IMG_2055-e1664542520179.jpg\" \/>\n\t<meta property=\"og:image:width\" content=\"4032\" \/>\n\t<meta property=\"og:image:height\" content=\"1673\" \/>\n\t<meta property=\"og:image:type\" content=\"image\/jpeg\" \/>\n<meta name=\"twitter:card\" content=\"summary_large_image\" \/>\n<meta name=\"twitter:label1\" content=\"Estimeret l\u00e6setid\" \/>\n\t<meta name=\"twitter:data1\" content=\"2 minutter\" \/>\n<script type=\"application\/ld+json\" class=\"yoast-schema-graph\">{\"@context\":\"https:\/\/schema.org\",\"@graph\":[{\"@type\":\"WebPage\",\"@id\":\"https:\/\/www.od.dk\/?page_id=429\",\"url\":\"https:\/\/www.od.dk\/?page_id=429\",\"name\":\"V\u00e6r med i en Dagsv\u00e6rksgruppe - Operation Dagsv\u00e6rk\",\"isPartOf\":{\"@id\":\"https:\/\/www.od.dk\/#website\"},\"primaryImageOfPage\":{\"@id\":\"https:\/\/www.od.dk\/?page_id=429#primaryimage\"},\"image\":{\"@id\":\"https:\/\/www.od.dk\/?page_id=429#primaryimage\"},\"thumbnailUrl\":\"https:\/\/www.od.dk\/wp-content\/uploads\/2022\/09\/IMG_2055-e1664542520179.jpg\",\"datePublished\":\"2022-09-30T09:42:48+00:00\",\"dateModified\":\"2022-09-30T13:01:38+00:00\",\"breadcrumb\":{\"@id\":\"https:\/\/www.od.dk\/?page_id=429#breadcrumb\"},\"inLanguage\":\"da-DK\",\"potentialAction\":[{\"@type\":\"ReadAction\",\"target\":[\"https:\/\/www.od.dk\/?page_id=429\"]}]},{\"@type\":\"ImageObject\",\"inLanguage\":\"da-DK\",\"@id\":\"https:\/\/www.od.dk\/?page_id=429#primaryimage\",\"url\":\"https:\/\/www.od.dk\/wp-content\/uploads\/2022\/09\/IMG_2055-e1664542520179.jpg\",\"contentUrl\":\"https:\/\/www.od.dk\/wp-content\/uploads\/2022\/09\/IMG_2055-e1664542520179.jpg\",\"width\":4032,\"height\":1673},{\"@type\":\"BreadcrumbList\",\"@id\":\"https:\/\/www.od.dk\/?page_id=429#breadcrumb\",\"itemListElement\":[{\"@type\":\"ListItem\",\"position\":1,\"name\":\"Forside\",\"item\":\"https:\/\/www.od.dk\/\"},{\"@type\":\"ListItem\",\"position\":2,\"name\":\"V\u00e6r med i Operation Dagsv\u00e6rk\",\"item\":\"https:\/\/www.od.dk\/?page_id=424\"},{\"@type\":\"ListItem\",\"position\":3,\"name\":\"V\u00e6r med i en Dagsv\u00e6rksgruppe\"}]},{\"@type\":\"WebSite\",\"@id\":\"https:\/\/www.od.dk\/#website\",\"url\":\"https:\/\/www.od.dk\/\",\"name\":\"Operation Dagsv\u00e6rk\",\"description\":\"Oplysning, stillingtagen, handling\",\"alternateName\":\"OD\",\"potentialAction\":[{\"@type\":\"SearchAction\",\"target\":{\"@type\":\"EntryPoint\",\"urlTemplate\":\"https:\/\/www.od.dk\/?s={search_term_string}\"},\"query-input\":\"required name=search_term_string\"}],\"inLanguage\":\"da-DK\"}]}<\/script>\n<!-- \/ Yoast SEO plugin. -->","yoast_head_json":{"title":"V\u00e6r med i en Dagsv\u00e6rksgruppe - Operation Dagsv\u00e6rk","robots":{"index":"index","follow":"follow","max-snippet":"max-snippet:-1","max-image-preview":"max-image-preview:large","max-video-preview":"max-video-preview:-1"},"canonical":"https:\/\/www.od.dk\/?page_id=429","og_locale":"da_DK","og_type":"article","og_title":"V\u00e6r med i en Dagsv\u00e6rksgruppe - Operation Dagsv\u00e6rk","og_description":"Dagsv\u00e6rksgrupperne er fundamentet i OD. Det er her du som elev kan arbejde for solidaritet med andre unge i verden og f\u00e5 indflydelse p\u00e5 OD&#8217;s arbejde. Der findes Dagsv\u00e6rksgrupper p\u00e5 skoler i hele landet. Sammen &hellip;","og_url":"https:\/\/www.od.dk\/?page_id=429","og_site_name":"Operation Dagsv\u00e6rk","article_modified_time":"2022-09-30T13:01:38+00:00","og_image":[{"width":4032,"height":1673,"url":"https:\/\/www.od.dk\/wp-content\/uploads\/2022\/09\/IMG_2055-e1664542520179.jpg","type":"image\/jpeg"}],"twitter_card":"summary_large_image","twitter_misc":{"Estimeret l\u00e6setid":"2 minutter"},"schema":{"@context":"https:\/\/schema.org","@graph":[{"@type":"WebPage","@id":"https:\/\/www.od.dk\/?page_id=429","url":"https:\/\/www.od.dk\/?page_id=429","name":"V\u00e6r med i en Dagsv\u00e6rksgruppe - Operation Dagsv\u00e6rk","isPartOf":{"@id":"https:\/\/www.od.dk\/#website"},"primaryImageOfPage":{"@id":"https:\/\/www.od.dk\/?page_id=429#primaryimage"},"image":{"@id":"https:\/\/www.od.dk\/?page_id=429#primaryimage"},"thumbnailUrl":"https:\/\/www.od.dk\/wp-content\/uploads\/2022\/09\/IMG_2055-e1664542520179.jpg","datePublished":"2022-09-30T09:42:48+00:00","dateModified":"2022-09-30T13:01:38+00:00","breadcrumb":{"@id":"https:\/\/www.od.dk\/?page_id=429#breadcrumb"},"inLanguage":"da-DK","potentialAction":[{"@type":"ReadAction","target":["https:\/\/www.od.dk\/?page_id=429"]}]},{"@type":"ImageObject","inLanguage":"da-DK","@id":"https:\/\/www.od.dk\/?page_id=429#primaryimage","url":"https:\/\/www.od.dk\/wp-content\/uploads\/2022\/09\/IMG_2055-e1664542520179.jpg","contentUrl":"https:\/\/www.od.dk\/wp-content\/uploads\/2022\/09\/IMG_2055-e1664542520179.jpg","width":4032,"height":1673},{"@type":"BreadcrumbList","@id":"https:\/\/www.od.dk\/?page_id=429#breadcrumb","itemListElement":[{"@type":"ListItem","position":1,"name":"Forside","item":"https:\/\/www.od.dk\/"},{"@type":"ListItem","position":2,"name":"V\u00e6r med i Operation Dagsv\u00e6rk","item":"https:\/\/www.od.dk\/?page_id=424"},{"@type":"ListItem","position":3,"name":"V\u00e6r med i en Dagsv\u00e6rksgruppe"}]},{"@type":"WebSite","@id":"https:\/\/www.od.dk\/#website","url":"https:\/\/www.od.dk\/","name":"Operation Dagsv\u00e6rk","description":"Oplysning, stillingtagen, handling","alternateName":"OD","potentialAction":[{"@type":"SearchAction","target":{"@type":"EntryPoint","urlTemplate":"https:\/\/www.od.dk\/?s={search_term_string}"},"query-input":"required name=search_term_string"}],"inLanguage":"da-DK"}]}},"_links":{"self":[{"href":"https:\/\/www.od.dk\/index.php?rest_route=\/wp\/v2\/pages\/429"}],"collection":[{"href":"https:\/\/www.od.dk\/index.php?rest_route=\/wp\/v2\/pages"}],"about":[{"href":"https:\/\/www.od.dk\/index.php?rest_route=\/wp\/v2\/types\/page"}],"author":[{"embeddable":true,"href":"https:\/\/www.od.dk\/index.php?rest_route=\/wp\/v2\/users\/1"}],"replies":[{"embeddable":true,"href":"https:\/\/www.od.dk\/index.php?rest_route=%2Fwp%2Fv2%2Fcomments&post=429"}],"version-history":[{"count":2,"href":"https:\/\/www.od.dk\/index.php?rest_route=\/wp\/v2\/pages\/429\/revisions"}],"predecessor-version":[{"id":431,"href":"https:\/\/www.od.dk\/index.php?rest_route=\/wp\/v2\/pages\/429\/revisions\/431"}],"up":[{"embeddable":true,"href":"https:\/\/www.od.dk\/index.php?rest_route=\/wp\/v2\/pages\/424"}],"wp:featuredmedia":[{"embeddable":true,"href":"https:\/\/www.od.dk\/index.php?rest_route=\/wp\/v2\/media\/440"}],"wp:attachment":[{"href":"https:\/\/www.od.dk\/index.php?rest_route=%2Fwp%2Fv2%2Fmedia&parent=429"}],"curies":[{"name":"wp","href":"https:\/\/api.w.org\/{rel}","templated":true}]}}