{"id":568,"date":"2022-10-03T10:37:33","date_gmt":"2022-10-03T10:37:33","guid":{"rendered":"http:\/\/www.od.dk\/?page_id=568"},"modified":"2026-01-28T15:19:48","modified_gmt":"2026-01-28T14:19:48","slug":"meld-din-skole-ind-i-operation-dagsvaerk","status":"publish","type":"page","link":"https:\/\/www.od.dk\/?page_id=568","title":{"rendered":"Meld din skole ind i Operation Dagsv\u00e6rk"},"content":{"rendered":"\n<p>Ungdomsuddannelser, efterskoler og folkeskoler (udskolinger) i hele landet er medlem af Operation Dagsv\u00e6rk &#8211; skal din skole ogs\u00e5 v\u00e6re det?<\/p>\n\n\n\n<p>I Operation Dagsv\u00e6rk er det hele skoler, der er medlemmer af vores organisation. Vi er nemlig en elevorganisation hvor elevdemokrati og -engagement er fundamentet i vores arbejde. Vi er for, af og med unge.<\/p>\n\n\n\n<p>Det betyder, at det er elever p\u00e5 vores medlemsskoler, der bestemmer retningen for Operation Dagsv\u00e6rks arbejde og fremtiden for organisationen, herunder hvilke projekter, vi skal samle ind til p\u00e5 Dagsv\u00e6rkdagen. Eleverne p\u00e5 en medlemsskole har alts\u00e5 mulighed for at deltage i vores storm\u00f8de og projektvalg.<\/p>\n\n\n\n<p>Som medlem af Operation Dagsv\u00e6rk, kommer I med i et f\u00e6llesskab, der laver udviklings- og solidaritetsarbejde med udgangspunkt i unges eget initiativ og engagement &#8211; b\u00e5de p\u00e5 jeres egen skole og ude i verden. <\/p>\n\n\n\n<h2 class=\"wp-block-heading\">Dagsv\u00e6rksgruppe og Dagsv\u00e6rkdag p\u00e5 din skole<\/h2>\n\n\n\n<p>Medlemsskoler kan f\u00e5 hj\u00e6lp af vores sekretariat til at opbygge og underst\u00f8tte en Dagsv\u00e6rksgruppe og afholde en Dagsv\u00e6rkdag p\u00e5 deres skole. B\u00e5de vores ansatte og kampagnefrivillige er klar til at komme forbi eller tage en snak med skoles elever, l\u00e6rere eller ledelse.<\/p>\n\n\n\n<p>Dagsv\u00e6rksgrupper kan derudover f\u00e5 viden, inspiration og redskaber til at afholde projektvalg og Dagsv\u00e6rkdag p\u00e5 vores Kampagneweekend og Tr\u00e6ningsdag for projektvalget.<\/p>\n\n\n\n<p>Derudover sender vi hver sommer en pakke til alle medlemsskoler med plakater, klisterm\u00e6rker og andre materialer om \u00e5rets kampagne, samt aktivitetsforslag og anden hj\u00e6lp til Dagsv\u00e6rksgrupper. Og i september og oktober hvert \u00e5r bes\u00f8ger vores kampagnefrivillige medlemsskoler i hele landet for at fort\u00e6lle skolens elever om \u00e5rets projekt og m\u00f8des med Dagsv\u00e6rksgruppen og give dem inspiration til kampagnearbejdet op til Dagsv\u00e6rkdagen. <\/p>\n\n\n\n<p><\/p>\n\n\n\n<div class=\"faktaboks\">\n  <div class=\"color-box\"><\/div>\n  <h2>Medlemskab af Operation Dagsv\u00e6rk<\/h2>\n<p>&nbsp;<\/p>\n<ul>\n<li>Ungdomsuddannelser, efterskoler og folkeskoler (udskolinger) kan v\u00e6re medlem af Operation Dagsv\u00e6rk<\/li>\n<li>Det koster 1000 kr om \u00e5ret at v\u00e6re medlem. Vi sender en faktura hvert \u00e5r i slutningen af skole\u00e5ret<\/li>\n<li>Kontakt os p\u00e5 od@od.dk eller 33 11 45 40 og h\u00f8r mere<\/li>\n<\/ul>\n<\/div>\n","protected":false},"excerpt":{"rendered":"<p>Ungdomsuddannelser, efterskoler og folkeskoler (udskolinger) i hele landet er medlem af Operation Dagsv\u00e6rk &#8211; skal din skole ogs\u00e5 v\u00e6re det? I Operation Dagsv\u00e6rk er det hele skoler, der er medlemmer af vores organisation. Vi er &hellip;<\/p>\n","protected":false},"author":1,"featured_media":578,"parent":0,"menu_order":0,"comment_status":"closed","ping_status":"closed","template":"","meta":{"footnotes":""},"acf":[],"yoast_head":"<!-- This site is optimized with the Yoast SEO plugin v22.5 - https:\/\/yoast.com\/wordpress\/plugins\/seo\/ -->\n<title>Meld din skole ind i Operation Dagsv\u00e6rk - Operation Dagsv\u00e6rk<\/title>\n<meta name=\"description\" content=\"Ungdomsuddannelser, efterskoler og folkeskoler i hele landet er medlem af Operation Dagsv\u00e6rk - skal din skole ogs\u00e5 v\u00e6re det? L\u00e6s mere her.\" \/>\n<meta name=\"robots\" content=\"index, follow, max-snippet:-1, max-image-preview:large, max-video-preview:-1\" \/>\n<link rel=\"canonical\" href=\"https:\/\/www.od.dk\/?page_id=568\" \/>\n<meta property=\"og:locale\" content=\"da_DK\" \/>\n<meta property=\"og:type\" content=\"article\" \/>\n<meta property=\"og:title\" content=\"Meld din skole ind i Operation Dagsv\u00e6rk - Operation Dagsv\u00e6rk\" \/>\n<meta property=\"og:description\" content=\"Ungdomsuddannelser, efterskoler og folkeskoler i hele landet er medlem af Operation Dagsv\u00e6rk - skal din skole ogs\u00e5 v\u00e6re det? L\u00e6s mere her.\" \/>\n<meta property=\"og:url\" content=\"https:\/\/www.od.dk\/?page_id=568\" \/>\n<meta property=\"og:site_name\" content=\"Operation Dagsv\u00e6rk\" \/>\n<meta property=\"article:modified_time\" content=\"2026-01-28T14:19:48+00:00\" \/>\n<meta property=\"og:image\" content=\"https:\/\/www.od.dk\/wp-content\/uploads\/2022\/10\/IMG_2064-1024x768.jpg\" \/>\n\t<meta property=\"og:image:width\" content=\"1024\" \/>\n\t<meta property=\"og:image:height\" content=\"768\" \/>\n\t<meta property=\"og:image:type\" content=\"image\/jpeg\" \/>\n<meta name=\"twitter:card\" content=\"summary_large_image\" \/>\n<meta name=\"twitter:label1\" content=\"Estimeret l\u00e6setid\" \/>\n\t<meta name=\"twitter:data1\" content=\"2 minutter\" \/>\n<script type=\"application\/ld+json\" class=\"yoast-schema-graph\">{\"@context\":\"https:\/\/schema.org\",\"@graph\":[{\"@type\":\"WebPage\",\"@id\":\"https:\/\/www.od.dk\/?page_id=568\",\"url\":\"https:\/\/www.od.dk\/?page_id=568\",\"name\":\"Meld din skole ind i Operation Dagsv\u00e6rk - Operation Dagsv\u00e6rk\",\"isPartOf\":{\"@id\":\"https:\/\/www.od.dk\/#website\"},\"primaryImageOfPage\":{\"@id\":\"https:\/\/www.od.dk\/?page_id=568#primaryimage\"},\"image\":{\"@id\":\"https:\/\/www.od.dk\/?page_id=568#primaryimage\"},\"thumbnailUrl\":\"https:\/\/www.od.dk\/wp-content\/uploads\/2022\/10\/IMG_2064-e1664795840711.jpg\",\"datePublished\":\"2022-10-03T10:37:33+00:00\",\"dateModified\":\"2026-01-28T14:19:48+00:00\",\"description\":\"Ungdomsuddannelser, efterskoler og folkeskoler i hele landet er medlem af Operation Dagsv\u00e6rk - skal din skole ogs\u00e5 v\u00e6re det? L\u00e6s mere her.\",\"breadcrumb\":{\"@id\":\"https:\/\/www.od.dk\/?page_id=568#breadcrumb\"},\"inLanguage\":\"da-DK\",\"potentialAction\":[{\"@type\":\"ReadAction\",\"target\":[\"https:\/\/www.od.dk\/?page_id=568\"]}]},{\"@type\":\"ImageObject\",\"inLanguage\":\"da-DK\",\"@id\":\"https:\/\/www.od.dk\/?page_id=568#primaryimage\",\"url\":\"https:\/\/www.od.dk\/wp-content\/uploads\/2022\/10\/IMG_2064-e1664795840711.jpg\",\"contentUrl\":\"https:\/\/www.od.dk\/wp-content\/uploads\/2022\/10\/IMG_2064-e1664795840711.jpg\",\"width\":4032,\"height\":1632},{\"@type\":\"BreadcrumbList\",\"@id\":\"https:\/\/www.od.dk\/?page_id=568#breadcrumb\",\"itemListElement\":[{\"@type\":\"ListItem\",\"position\":1,\"name\":\"Forside\",\"item\":\"https:\/\/www.od.dk\/\"},{\"@type\":\"ListItem\",\"position\":2,\"name\":\"Meld din skole ind i Operation Dagsv\u00e6rk\"}]},{\"@type\":\"WebSite\",\"@id\":\"https:\/\/www.od.dk\/#website\",\"url\":\"https:\/\/www.od.dk\/\",\"name\":\"Operation Dagsv\u00e6rk\",\"description\":\"Oplysning, stillingtagen, handling\",\"alternateName\":\"OD\",\"potentialAction\":[{\"@type\":\"SearchAction\",\"target\":{\"@type\":\"EntryPoint\",\"urlTemplate\":\"https:\/\/www.od.dk\/?s={search_term_string}\"},\"query-input\":\"required name=search_term_string\"}],\"inLanguage\":\"da-DK\"}]}<\/script>\n<!-- \/ Yoast SEO plugin. -->","yoast_head_json":{"title":"Meld din skole ind i Operation Dagsv\u00e6rk - Operation Dagsv\u00e6rk","description":"Ungdomsuddannelser, efterskoler og folkeskoler i hele landet er medlem af Operation Dagsv\u00e6rk - skal din skole ogs\u00e5 v\u00e6re det? L\u00e6s mere her.","robots":{"index":"index","follow":"follow","max-snippet":"max-snippet:-1","max-image-preview":"max-image-preview:large","max-video-preview":"max-video-preview:-1"},"canonical":"https:\/\/www.od.dk\/?page_id=568","og_locale":"da_DK","og_type":"article","og_title":"Meld din skole ind i Operation Dagsv\u00e6rk - Operation Dagsv\u00e6rk","og_description":"Ungdomsuddannelser, efterskoler og folkeskoler i hele landet er medlem af Operation Dagsv\u00e6rk - skal din skole ogs\u00e5 v\u00e6re det? L\u00e6s mere her.","og_url":"https:\/\/www.od.dk\/?page_id=568","og_site_name":"Operation Dagsv\u00e6rk","article_modified_time":"2026-01-28T14:19:48+00:00","og_image":[{"width":1024,"height":768,"url":"https:\/\/www.od.dk\/wp-content\/uploads\/2022\/10\/IMG_2064-1024x768.jpg","type":"image\/jpeg"}],"twitter_card":"summary_large_image","twitter_misc":{"Estimeret l\u00e6setid":"2 minutter"},"schema":{"@context":"https:\/\/schema.org","@graph":[{"@type":"WebPage","@id":"https:\/\/www.od.dk\/?page_id=568","url":"https:\/\/www.od.dk\/?page_id=568","name":"Meld din skole ind i Operation Dagsv\u00e6rk - Operation Dagsv\u00e6rk","isPartOf":{"@id":"https:\/\/www.od.dk\/#website"},"primaryImageOfPage":{"@id":"https:\/\/www.od.dk\/?page_id=568#primaryimage"},"image":{"@id":"https:\/\/www.od.dk\/?page_id=568#primaryimage"},"thumbnailUrl":"https:\/\/www.od.dk\/wp-content\/uploads\/2022\/10\/IMG_2064-e1664795840711.jpg","datePublished":"2022-10-03T10:37:33+00:00","dateModified":"2026-01-28T14:19:48+00:00","description":"Ungdomsuddannelser, efterskoler og folkeskoler i hele landet er medlem af Operation Dagsv\u00e6rk - skal din skole ogs\u00e5 v\u00e6re det? L\u00e6s mere her.","breadcrumb":{"@id":"https:\/\/www.od.dk\/?page_id=568#breadcrumb"},"inLanguage":"da-DK","potentialAction":[{"@type":"ReadAction","target":["https:\/\/www.od.dk\/?page_id=568"]}]},{"@type":"ImageObject","inLanguage":"da-DK","@id":"https:\/\/www.od.dk\/?page_id=568#primaryimage","url":"https:\/\/www.od.dk\/wp-content\/uploads\/2022\/10\/IMG_2064-e1664795840711.jpg","contentUrl":"https:\/\/www.od.dk\/wp-content\/uploads\/2022\/10\/IMG_2064-e1664795840711.jpg","width":4032,"height":1632},{"@type":"BreadcrumbList","@id":"https:\/\/www.od.dk\/?page_id=568#breadcrumb","itemListElement":[{"@type":"ListItem","position":1,"name":"Forside","item":"https:\/\/www.od.dk\/"},{"@type":"ListItem","position":2,"name":"Meld din skole ind i Operation Dagsv\u00e6rk"}]},{"@type":"WebSite","@id":"https:\/\/www.od.dk\/#website","url":"https:\/\/www.od.dk\/","name":"Operation Dagsv\u00e6rk","description":"Oplysning, stillingtagen, handling","alternateName":"OD","potentialAction":[{"@type":"SearchAction","target":{"@type":"EntryPoint","urlTemplate":"https:\/\/www.od.dk\/?s={search_term_string}"},"query-input":"required name=search_term_string"}],"inLanguage":"da-DK"}]}},"_links":{"self":[{"href":"https:\/\/www.od.dk\/index.php?rest_route=\/wp\/v2\/pages\/568"}],"collection":[{"href":"https:\/\/www.od.dk\/index.php?rest_route=\/wp\/v2\/pages"}],"about":[{"href":"https:\/\/www.od.dk\/index.php?rest_route=\/wp\/v2\/types\/page"}],"author":[{"embeddable":true,"href":"https:\/\/www.od.dk\/index.php?rest_route=\/wp\/v2\/users\/1"}],"replies":[{"embeddable":true,"href":"https:\/\/www.od.dk\/index.php?rest_route=%2Fwp%2Fv2%2Fcomments&post=568"}],"version-history":[{"count":7,"href":"https:\/\/www.od.dk\/index.php?rest_route=\/wp\/v2\/pages\/568\/revisions"}],"predecessor-version":[{"id":2107,"href":"https:\/\/www.od.dk\/index.php?rest_route=\/wp\/v2\/pages\/568\/revisions\/2107"}],"wp:featuredmedia":[{"embeddable":true,"href":"https:\/\/www.od.dk\/index.php?rest_route=\/wp\/v2\/media\/578"}],"wp:attachment":[{"href":"https:\/\/www.od.dk\/index.php?rest_route=%2Fwp%2Fv2%2Fmedia&parent=568"}],"curies":[{"name":"wp","href":"https:\/\/api.w.org\/{rel}","templated":true}]}}