{"id":584,"date":"2022-10-03T12:45:17","date_gmt":"2022-10-03T12:45:17","guid":{"rendered":"http:\/\/www.od.dk\/?page_id=584"},"modified":"2023-02-03T13:35:31","modified_gmt":"2023-02-03T13:35:31","slug":"tips-til-dagsvaerksgrupper","status":"publish","type":"page","link":"https:\/\/www.od.dk\/?page_id=584","title":{"rendered":"Tips til Dagsv\u00e6rksgrupper"},"content":{"rendered":"\n<p>Dagsv\u00e6rksgruppen er en mulighed for at lave det, man selv synes er sjovt og meningsfuldt &#8211; og en mulighed for at bidrage til et godt socialt milj\u00f8 p\u00e5 jeres skole. Der er ikke en facitliste &#8211; i stedet er OD, hvad I selv g\u00f8r det til. <\/p>\n\n\n\n<div class=\"faktaboks\">\n  <div class=\"color-box\"><\/div>\n  <p>Vi st\u00e5r altid klar til at hj\u00e6lpe jer med udgangspunkt i, hvad I selv \u00f8nsker jeres Dagsv\u00e6rksgruppe skal v\u00e6re.<\/p>\n<p>T\u00f8v ikke med at kontakte os p\u00e5 od@od.dk eller 33 11 45 40<\/p>\n<\/div>\n\n\n\n<p>Her er et par tips til arbejdet i Dagsv\u00e6rksgrupper: <\/p>\n\n\n\n<ul><li>S\u00f8rg for at OD\u2019s sekretariat har kontaktoplysninger p\u00e5 mindst \u00e9n person fra jeres Dagsv\u00e6rksgruppe, s\u00e5 vi har mulighed for at kontakte jer med hj\u00e6lp og information.<\/li><\/ul>\n\n\n\n<ul><li>Hav fokus p\u00e5 at lave aktiviteter. I beh\u00f8ver ikke at holde mange lange m\u00f8der efter skole. Det meste kan koordineres i en beskedgruppe eller evt over en frokost i spisefrikvarteret &#8211; I kan fx m\u00f8des i kantinen i spisefrikvarteret en fast dag om ugen op til Dagsv\u00e6rkdagen.<\/li><\/ul>\n\n\n\n<ul><li>Hav det sjovt og hyggeligt sammen. Fokuser p\u00e5, hvad I synes er sjovt og meningsfuldt at lave &#8211; s\u00e5 er der sandsynlighed for at andre ogs\u00e5 synes det er sjovt og meningsfuldt. <\/li><\/ul>\n\n\n\n<ul><li>Samarbejd gerne med andre grupper og udvalg p\u00e5 skolen, fx elevr\u00e5d, klimaudvalg, caf\u00e9-udvalg, strikkeudvalg, festudvalg.<\/li><\/ul>\n\n\n\n<ul><li>Brug de aktiviteter, I laver, til b\u00e5de at f\u00e5 flere til at arbejde p\u00e5 Dagsv\u00e6rkdagen, men ogs\u00e5 til at f\u00e5 flere med i jeres Dagsv\u00e6rksgruppe. M\u00e5ske der er elever p\u00e5 jeres skole, som synes det er rigtigt fedt at lave en OD-caf\u00e9? S\u00e5 hiv dem med i planl\u00e6gningen.<\/li><\/ul>\n\n\n\n<ul><li>Sp\u00f8rg jeres gode venner p\u00e5 skolen, om de ikke har lyst til at v\u00e6re med til at lave sjove ting med Dagsv\u00e6rksgruppen. Det er okay at komme med i en Dagsv\u00e6rksgruppe, fordi man synes det er godt selskab.<\/li><\/ul>\n\n\n\n<ul><li>Flere Dagsv\u00e6rksgrupper har profiler p\u00e5 sociale medier, s\u00e5 de der kan skrive ud til eleverne p\u00e5 deres skoler og oprette event for deres arrangementer.<\/li><\/ul>\n\n\n\n<ul><li><a href=\"https:\/\/drive.google.com\/drive\/folders\/0Bx8SZB_GRnvJTDJFblNCNzl5bm8?resourcekey=0-tiea5zsR4K_z6zqenVl8-A&amp;usp=sharing\" target=\"_blank\" rel=\"noreferrer noopener\">Dagsv\u00e6rksgruppernes Ressourcemappe<\/a> &#8211; der ligger en masse brugbar information og inspiration.<\/li><\/ul>\n\n\n\n<ul><li>I <a href=\"https:\/\/drive.google.com\/drive\/folders\/0Bx8SZB_GRnvJTDJFblNCNzl5bm8?resourcekey=0-tiea5zsR4K_z6zqenVl8-A&amp;usp=sharing\">Dagsv\u00e6rksgruppernes Ressourcemappe<\/a> kan I ogs\u00e5 finde information om, hvordan I kan s\u00f8ge penge fra Dagsv\u00e6rkspuljen til at lave aktiviteter p\u00e5 jeres skole &#8211; det vil vi nemlig meget gerne st\u00f8tte \u00f8konomisk.<\/li><\/ul>\n","protected":false},"excerpt":{"rendered":"<p>Dagsv\u00e6rksgruppen er en mulighed for at lave det, man selv synes er sjovt og meningsfuldt &#8211; og en mulighed for at bidrage til et godt socialt milj\u00f8 p\u00e5 jeres skole. Der er ikke en facitliste &hellip;<\/p>\n","protected":false},"author":1,"featured_media":587,"parent":424,"menu_order":4,"comment_status":"closed","ping_status":"closed","template":"","meta":{"footnotes":""},"acf":[],"yoast_head":"<!-- This site is optimized with the Yoast SEO plugin v22.5 - https:\/\/yoast.com\/wordpress\/plugins\/seo\/ -->\n<title>Tips til Dagsv\u00e6rksgrupper - Operation Dagsv\u00e6rk<\/title>\n<meta name=\"robots\" content=\"index, follow, max-snippet:-1, max-image-preview:large, max-video-preview:-1\" \/>\n<link rel=\"canonical\" href=\"https:\/\/www.od.dk\/?page_id=584\" \/>\n<meta property=\"og:locale\" content=\"da_DK\" \/>\n<meta property=\"og:type\" content=\"article\" \/>\n<meta property=\"og:title\" content=\"Tips til Dagsv\u00e6rksgrupper - Operation Dagsv\u00e6rk\" \/>\n<meta property=\"og:description\" content=\"Dagsv\u00e6rksgruppen er en mulighed for at lave det, man selv synes er sjovt og meningsfuldt &#8211; og en mulighed for at bidrage til et godt socialt milj\u00f8 p\u00e5 jeres skole. Der er ikke en facitliste &hellip;\" \/>\n<meta property=\"og:url\" content=\"https:\/\/www.od.dk\/?page_id=584\" \/>\n<meta property=\"og:site_name\" content=\"Operation Dagsv\u00e6rk\" \/>\n<meta property=\"article:modified_time\" content=\"2023-02-03T13:35:31+00:00\" \/>\n<meta property=\"og:image\" content=\"https:\/\/www.od.dk\/wp-content\/uploads\/2022\/10\/Billede-Stormoede-2021-47-e1664801845580.jpg\" \/>\n\t<meta property=\"og:image:width\" content=\"4032\" \/>\n\t<meta property=\"og:image:height\" content=\"2056\" \/>\n\t<meta property=\"og:image:type\" content=\"image\/jpeg\" \/>\n<meta name=\"twitter:card\" content=\"summary_large_image\" \/>\n<meta name=\"twitter:label1\" content=\"Estimeret l\u00e6setid\" \/>\n\t<meta name=\"twitter:data1\" content=\"2 minutter\" \/>\n<script type=\"application\/ld+json\" class=\"yoast-schema-graph\">{\"@context\":\"https:\/\/schema.org\",\"@graph\":[{\"@type\":\"WebPage\",\"@id\":\"https:\/\/www.od.dk\/?page_id=584\",\"url\":\"https:\/\/www.od.dk\/?page_id=584\",\"name\":\"Tips til Dagsv\u00e6rksgrupper - Operation Dagsv\u00e6rk\",\"isPartOf\":{\"@id\":\"https:\/\/www.od.dk\/#website\"},\"primaryImageOfPage\":{\"@id\":\"https:\/\/www.od.dk\/?page_id=584#primaryimage\"},\"image\":{\"@id\":\"https:\/\/www.od.dk\/?page_id=584#primaryimage\"},\"thumbnailUrl\":\"https:\/\/www.od.dk\/wp-content\/uploads\/2022\/10\/Billede-Stormoede-2021-47-e1664801845580.jpg\",\"datePublished\":\"2022-10-03T12:45:17+00:00\",\"dateModified\":\"2023-02-03T13:35:31+00:00\",\"breadcrumb\":{\"@id\":\"https:\/\/www.od.dk\/?page_id=584#breadcrumb\"},\"inLanguage\":\"da-DK\",\"potentialAction\":[{\"@type\":\"ReadAction\",\"target\":[\"https:\/\/www.od.dk\/?page_id=584\"]}]},{\"@type\":\"ImageObject\",\"inLanguage\":\"da-DK\",\"@id\":\"https:\/\/www.od.dk\/?page_id=584#primaryimage\",\"url\":\"https:\/\/www.od.dk\/wp-content\/uploads\/2022\/10\/Billede-Stormoede-2021-47-e1664801845580.jpg\",\"contentUrl\":\"https:\/\/www.od.dk\/wp-content\/uploads\/2022\/10\/Billede-Stormoede-2021-47-e1664801845580.jpg\",\"width\":4032,\"height\":2056},{\"@type\":\"BreadcrumbList\",\"@id\":\"https:\/\/www.od.dk\/?page_id=584#breadcrumb\",\"itemListElement\":[{\"@type\":\"ListItem\",\"position\":1,\"name\":\"Forside\",\"item\":\"https:\/\/www.od.dk\/\"},{\"@type\":\"ListItem\",\"position\":2,\"name\":\"V\u00e6r med i Operation Dagsv\u00e6rk\",\"item\":\"https:\/\/www.od.dk\/?page_id=424\"},{\"@type\":\"ListItem\",\"position\":3,\"name\":\"Tips til Dagsv\u00e6rksgrupper\"}]},{\"@type\":\"WebSite\",\"@id\":\"https:\/\/www.od.dk\/#website\",\"url\":\"https:\/\/www.od.dk\/\",\"name\":\"Operation Dagsv\u00e6rk\",\"description\":\"Oplysning, stillingtagen, handling\",\"alternateName\":\"OD\",\"potentialAction\":[{\"@type\":\"SearchAction\",\"target\":{\"@type\":\"EntryPoint\",\"urlTemplate\":\"https:\/\/www.od.dk\/?s={search_term_string}\"},\"query-input\":\"required name=search_term_string\"}],\"inLanguage\":\"da-DK\"}]}<\/script>\n<!-- \/ Yoast SEO plugin. -->","yoast_head_json":{"title":"Tips til Dagsv\u00e6rksgrupper - Operation Dagsv\u00e6rk","robots":{"index":"index","follow":"follow","max-snippet":"max-snippet:-1","max-image-preview":"max-image-preview:large","max-video-preview":"max-video-preview:-1"},"canonical":"https:\/\/www.od.dk\/?page_id=584","og_locale":"da_DK","og_type":"article","og_title":"Tips til Dagsv\u00e6rksgrupper - Operation Dagsv\u00e6rk","og_description":"Dagsv\u00e6rksgruppen er en mulighed for at lave det, man selv synes er sjovt og meningsfuldt &#8211; og en mulighed for at bidrage til et godt socialt milj\u00f8 p\u00e5 jeres skole. Der er ikke en facitliste &hellip;","og_url":"https:\/\/www.od.dk\/?page_id=584","og_site_name":"Operation Dagsv\u00e6rk","article_modified_time":"2023-02-03T13:35:31+00:00","og_image":[{"width":4032,"height":2056,"url":"https:\/\/www.od.dk\/wp-content\/uploads\/2022\/10\/Billede-Stormoede-2021-47-e1664801845580.jpg","type":"image\/jpeg"}],"twitter_card":"summary_large_image","twitter_misc":{"Estimeret l\u00e6setid":"2 minutter"},"schema":{"@context":"https:\/\/schema.org","@graph":[{"@type":"WebPage","@id":"https:\/\/www.od.dk\/?page_id=584","url":"https:\/\/www.od.dk\/?page_id=584","name":"Tips til Dagsv\u00e6rksgrupper - Operation Dagsv\u00e6rk","isPartOf":{"@id":"https:\/\/www.od.dk\/#website"},"primaryImageOfPage":{"@id":"https:\/\/www.od.dk\/?page_id=584#primaryimage"},"image":{"@id":"https:\/\/www.od.dk\/?page_id=584#primaryimage"},"thumbnailUrl":"https:\/\/www.od.dk\/wp-content\/uploads\/2022\/10\/Billede-Stormoede-2021-47-e1664801845580.jpg","datePublished":"2022-10-03T12:45:17+00:00","dateModified":"2023-02-03T13:35:31+00:00","breadcrumb":{"@id":"https:\/\/www.od.dk\/?page_id=584#breadcrumb"},"inLanguage":"da-DK","potentialAction":[{"@type":"ReadAction","target":["https:\/\/www.od.dk\/?page_id=584"]}]},{"@type":"ImageObject","inLanguage":"da-DK","@id":"https:\/\/www.od.dk\/?page_id=584#primaryimage","url":"https:\/\/www.od.dk\/wp-content\/uploads\/2022\/10\/Billede-Stormoede-2021-47-e1664801845580.jpg","contentUrl":"https:\/\/www.od.dk\/wp-content\/uploads\/2022\/10\/Billede-Stormoede-2021-47-e1664801845580.jpg","width":4032,"height":2056},{"@type":"BreadcrumbList","@id":"https:\/\/www.od.dk\/?page_id=584#breadcrumb","itemListElement":[{"@type":"ListItem","position":1,"name":"Forside","item":"https:\/\/www.od.dk\/"},{"@type":"ListItem","position":2,"name":"V\u00e6r med i Operation Dagsv\u00e6rk","item":"https:\/\/www.od.dk\/?page_id=424"},{"@type":"ListItem","position":3,"name":"Tips til Dagsv\u00e6rksgrupper"}]},{"@type":"WebSite","@id":"https:\/\/www.od.dk\/#website","url":"https:\/\/www.od.dk\/","name":"Operation Dagsv\u00e6rk","description":"Oplysning, stillingtagen, handling","alternateName":"OD","potentialAction":[{"@type":"SearchAction","target":{"@type":"EntryPoint","urlTemplate":"https:\/\/www.od.dk\/?s={search_term_string}"},"query-input":"required name=search_term_string"}],"inLanguage":"da-DK"}]}},"_links":{"self":[{"href":"https:\/\/www.od.dk\/index.php?rest_route=\/wp\/v2\/pages\/584"}],"collection":[{"href":"https:\/\/www.od.dk\/index.php?rest_route=\/wp\/v2\/pages"}],"about":[{"href":"https:\/\/www.od.dk\/index.php?rest_route=\/wp\/v2\/types\/page"}],"author":[{"embeddable":true,"href":"https:\/\/www.od.dk\/index.php?rest_route=\/wp\/v2\/users\/1"}],"replies":[{"embeddable":true,"href":"https:\/\/www.od.dk\/index.php?rest_route=%2Fwp%2Fv2%2Fcomments&post=584"}],"version-history":[{"count":10,"href":"https:\/\/www.od.dk\/index.php?rest_route=\/wp\/v2\/pages\/584\/revisions"}],"predecessor-version":[{"id":886,"href":"https:\/\/www.od.dk\/index.php?rest_route=\/wp\/v2\/pages\/584\/revisions\/886"}],"up":[{"embeddable":true,"href":"https:\/\/www.od.dk\/index.php?rest_route=\/wp\/v2\/pages\/424"}],"wp:featuredmedia":[{"embeddable":true,"href":"https:\/\/www.od.dk\/index.php?rest_route=\/wp\/v2\/media\/587"}],"wp:attachment":[{"href":"https:\/\/www.od.dk\/index.php?rest_route=%2Fwp%2Fv2%2Fmedia&parent=584"}],"curies":[{"name":"wp","href":"https:\/\/api.w.org\/{rel}","templated":true}]}}