{"id":595,"date":"2022-10-03T13:31:37","date_gmt":"2022-10-03T13:31:37","guid":{"rendered":"http:\/\/www.od.dk\/?page_id=595"},"modified":"2023-02-03T13:36:21","modified_gmt":"2023-02-03T13:36:21","slug":"tips-til-kontaktlaerere","status":"publish","type":"page","link":"https:\/\/www.od.dk\/?page_id=595","title":{"rendered":"Tips til kontaktl\u00e6rere"},"content":{"rendered":"\n<p>Det kan kr\u00e6ve en stor indsats fra b\u00e5de l\u00e6rere, ledelse og administrativt personale at hj\u00e6lpe elever med at organisere sig i Dagsv\u00e6rksgrupper og afholde Dagsv\u00e6rkdag &#8211; det er en stor opgave at skabe plads og mulighed for, at elever kan tage initiativ, styring og ansvar, og det kan v\u00e6re et vedholdende arbejde at underst\u00f8tte deres engagement. <\/p>\n\n\n\n<p>Derfor har vi med hj\u00e6lp fra b\u00e5de l\u00e6rere og ledelser p\u00e5 flere af vores medlemsskoler udviklet en til, hvordan man som kontaktl\u00e6rer bedst muligt kan underst\u00f8tte en Dagsv\u00e6rksgruppes arbejde.<\/p>\n\n\n\n<div class=\"faktaboks\">\n  <div class=\"color-box\"><\/div>\n  <h2>Download h\u00e5ndbog her:<\/h2>\n<p><a href=\"http:\/\/www.od.dk\/wp-content\/uploads\/2022\/10\/Operation-Dagsvaerks-haandbog-til-kontaktlaerere.pdf\">Operation Dagsv\u00e6rks h\u00e5ndbog til kontaktl\u00e6rere<\/a><\/p>\n<p>&nbsp;<\/p>\n<\/div>\n\n\n\n<p>Vi er altid klar p\u00e5 at hj\u00e6lpe jer og jeres Dagsv\u00e6rksgruppe!<\/p>\n\n\n\n<p>T\u00f8v ikke med at kontakte os p\u00e5 od@od.dk eller 33 11 45 40<\/p>\n","protected":false},"excerpt":{"rendered":"<p>Det kan kr\u00e6ve en stor indsats fra b\u00e5de l\u00e6rere, ledelse og administrativt personale at hj\u00e6lpe elever med at organisere sig i Dagsv\u00e6rksgrupper og afholde Dagsv\u00e6rkdag &#8211; det er en stor opgave at skabe plads og &hellip;<\/p>\n","protected":false},"author":1,"featured_media":587,"parent":424,"menu_order":5,"comment_status":"closed","ping_status":"closed","template":"","meta":{"footnotes":""},"acf":[],"yoast_head":"<!-- This site is optimized with the Yoast SEO plugin v22.5 - https:\/\/yoast.com\/wordpress\/plugins\/seo\/ -->\n<title>Tips til kontaktl\u00e6rere - Operation Dagsv\u00e6rk<\/title>\n<meta name=\"robots\" content=\"index, follow, max-snippet:-1, max-image-preview:large, max-video-preview:-1\" \/>\n<link rel=\"canonical\" href=\"https:\/\/www.od.dk\/?page_id=595\" \/>\n<meta property=\"og:locale\" content=\"da_DK\" \/>\n<meta property=\"og:type\" content=\"article\" \/>\n<meta property=\"og:title\" content=\"Tips til kontaktl\u00e6rere - Operation Dagsv\u00e6rk\" \/>\n<meta property=\"og:description\" content=\"Det kan kr\u00e6ve en stor indsats fra b\u00e5de l\u00e6rere, ledelse og administrativt personale at hj\u00e6lpe elever med at organisere sig i Dagsv\u00e6rksgrupper og afholde Dagsv\u00e6rkdag &#8211; det er en stor opgave at skabe plads og &hellip;\" \/>\n<meta property=\"og:url\" content=\"https:\/\/www.od.dk\/?page_id=595\" \/>\n<meta property=\"og:site_name\" content=\"Operation Dagsv\u00e6rk\" \/>\n<meta property=\"article:modified_time\" content=\"2023-02-03T13:36:21+00:00\" \/>\n<meta property=\"og:image\" content=\"https:\/\/www.od.dk\/wp-content\/uploads\/2022\/10\/Billede-Stormoede-2021-47-e1664801845580.jpg\" \/>\n\t<meta property=\"og:image:width\" content=\"4032\" \/>\n\t<meta property=\"og:image:height\" content=\"2056\" \/>\n\t<meta property=\"og:image:type\" content=\"image\/jpeg\" \/>\n<meta name=\"twitter:card\" content=\"summary_large_image\" \/>\n<meta name=\"twitter:label1\" content=\"Estimeret l\u00e6setid\" \/>\n\t<meta name=\"twitter:data1\" content=\"1 minut\" \/>\n<script type=\"application\/ld+json\" class=\"yoast-schema-graph\">{\"@context\":\"https:\/\/schema.org\",\"@graph\":[{\"@type\":\"WebPage\",\"@id\":\"https:\/\/www.od.dk\/?page_id=595\",\"url\":\"https:\/\/www.od.dk\/?page_id=595\",\"name\":\"Tips til kontaktl\u00e6rere - Operation Dagsv\u00e6rk\",\"isPartOf\":{\"@id\":\"https:\/\/www.od.dk\/#website\"},\"primaryImageOfPage\":{\"@id\":\"https:\/\/www.od.dk\/?page_id=595#primaryimage\"},\"image\":{\"@id\":\"https:\/\/www.od.dk\/?page_id=595#primaryimage\"},\"thumbnailUrl\":\"https:\/\/www.od.dk\/wp-content\/uploads\/2022\/10\/Billede-Stormoede-2021-47-e1664801845580.jpg\",\"datePublished\":\"2022-10-03T13:31:37+00:00\",\"dateModified\":\"2023-02-03T13:36:21+00:00\",\"breadcrumb\":{\"@id\":\"https:\/\/www.od.dk\/?page_id=595#breadcrumb\"},\"inLanguage\":\"da-DK\",\"potentialAction\":[{\"@type\":\"ReadAction\",\"target\":[\"https:\/\/www.od.dk\/?page_id=595\"]}]},{\"@type\":\"ImageObject\",\"inLanguage\":\"da-DK\",\"@id\":\"https:\/\/www.od.dk\/?page_id=595#primaryimage\",\"url\":\"https:\/\/www.od.dk\/wp-content\/uploads\/2022\/10\/Billede-Stormoede-2021-47-e1664801845580.jpg\",\"contentUrl\":\"https:\/\/www.od.dk\/wp-content\/uploads\/2022\/10\/Billede-Stormoede-2021-47-e1664801845580.jpg\",\"width\":4032,\"height\":2056},{\"@type\":\"BreadcrumbList\",\"@id\":\"https:\/\/www.od.dk\/?page_id=595#breadcrumb\",\"itemListElement\":[{\"@type\":\"ListItem\",\"position\":1,\"name\":\"Forside\",\"item\":\"https:\/\/www.od.dk\/\"},{\"@type\":\"ListItem\",\"position\":2,\"name\":\"V\u00e6r med i Operation Dagsv\u00e6rk\",\"item\":\"https:\/\/www.od.dk\/?page_id=424\"},{\"@type\":\"ListItem\",\"position\":3,\"name\":\"Tips til kontaktl\u00e6rere\"}]},{\"@type\":\"WebSite\",\"@id\":\"https:\/\/www.od.dk\/#website\",\"url\":\"https:\/\/www.od.dk\/\",\"name\":\"Operation Dagsv\u00e6rk\",\"description\":\"Oplysning, stillingtagen, handling\",\"alternateName\":\"OD\",\"potentialAction\":[{\"@type\":\"SearchAction\",\"target\":{\"@type\":\"EntryPoint\",\"urlTemplate\":\"https:\/\/www.od.dk\/?s={search_term_string}\"},\"query-input\":\"required name=search_term_string\"}],\"inLanguage\":\"da-DK\"}]}<\/script>\n<!-- \/ Yoast SEO plugin. -->","yoast_head_json":{"title":"Tips til kontaktl\u00e6rere - Operation Dagsv\u00e6rk","robots":{"index":"index","follow":"follow","max-snippet":"max-snippet:-1","max-image-preview":"max-image-preview:large","max-video-preview":"max-video-preview:-1"},"canonical":"https:\/\/www.od.dk\/?page_id=595","og_locale":"da_DK","og_type":"article","og_title":"Tips til kontaktl\u00e6rere - Operation Dagsv\u00e6rk","og_description":"Det kan kr\u00e6ve en stor indsats fra b\u00e5de l\u00e6rere, ledelse og administrativt personale at hj\u00e6lpe elever med at organisere sig i Dagsv\u00e6rksgrupper og afholde Dagsv\u00e6rkdag &#8211; det er en stor opgave at skabe plads og &hellip;","og_url":"https:\/\/www.od.dk\/?page_id=595","og_site_name":"Operation Dagsv\u00e6rk","article_modified_time":"2023-02-03T13:36:21+00:00","og_image":[{"width":4032,"height":2056,"url":"https:\/\/www.od.dk\/wp-content\/uploads\/2022\/10\/Billede-Stormoede-2021-47-e1664801845580.jpg","type":"image\/jpeg"}],"twitter_card":"summary_large_image","twitter_misc":{"Estimeret l\u00e6setid":"1 minut"},"schema":{"@context":"https:\/\/schema.org","@graph":[{"@type":"WebPage","@id":"https:\/\/www.od.dk\/?page_id=595","url":"https:\/\/www.od.dk\/?page_id=595","name":"Tips til kontaktl\u00e6rere - Operation Dagsv\u00e6rk","isPartOf":{"@id":"https:\/\/www.od.dk\/#website"},"primaryImageOfPage":{"@id":"https:\/\/www.od.dk\/?page_id=595#primaryimage"},"image":{"@id":"https:\/\/www.od.dk\/?page_id=595#primaryimage"},"thumbnailUrl":"https:\/\/www.od.dk\/wp-content\/uploads\/2022\/10\/Billede-Stormoede-2021-47-e1664801845580.jpg","datePublished":"2022-10-03T13:31:37+00:00","dateModified":"2023-02-03T13:36:21+00:00","breadcrumb":{"@id":"https:\/\/www.od.dk\/?page_id=595#breadcrumb"},"inLanguage":"da-DK","potentialAction":[{"@type":"ReadAction","target":["https:\/\/www.od.dk\/?page_id=595"]}]},{"@type":"ImageObject","inLanguage":"da-DK","@id":"https:\/\/www.od.dk\/?page_id=595#primaryimage","url":"https:\/\/www.od.dk\/wp-content\/uploads\/2022\/10\/Billede-Stormoede-2021-47-e1664801845580.jpg","contentUrl":"https:\/\/www.od.dk\/wp-content\/uploads\/2022\/10\/Billede-Stormoede-2021-47-e1664801845580.jpg","width":4032,"height":2056},{"@type":"BreadcrumbList","@id":"https:\/\/www.od.dk\/?page_id=595#breadcrumb","itemListElement":[{"@type":"ListItem","position":1,"name":"Forside","item":"https:\/\/www.od.dk\/"},{"@type":"ListItem","position":2,"name":"V\u00e6r med i Operation Dagsv\u00e6rk","item":"https:\/\/www.od.dk\/?page_id=424"},{"@type":"ListItem","position":3,"name":"Tips til kontaktl\u00e6rere"}]},{"@type":"WebSite","@id":"https:\/\/www.od.dk\/#website","url":"https:\/\/www.od.dk\/","name":"Operation Dagsv\u00e6rk","description":"Oplysning, stillingtagen, handling","alternateName":"OD","potentialAction":[{"@type":"SearchAction","target":{"@type":"EntryPoint","urlTemplate":"https:\/\/www.od.dk\/?s={search_term_string}"},"query-input":"required name=search_term_string"}],"inLanguage":"da-DK"}]}},"_links":{"self":[{"href":"https:\/\/www.od.dk\/index.php?rest_route=\/wp\/v2\/pages\/595"}],"collection":[{"href":"https:\/\/www.od.dk\/index.php?rest_route=\/wp\/v2\/pages"}],"about":[{"href":"https:\/\/www.od.dk\/index.php?rest_route=\/wp\/v2\/types\/page"}],"author":[{"embeddable":true,"href":"https:\/\/www.od.dk\/index.php?rest_route=\/wp\/v2\/users\/1"}],"replies":[{"embeddable":true,"href":"https:\/\/www.od.dk\/index.php?rest_route=%2Fwp%2Fv2%2Fcomments&post=595"}],"version-history":[{"count":11,"href":"https:\/\/www.od.dk\/index.php?rest_route=\/wp\/v2\/pages\/595\/revisions"}],"predecessor-version":[{"id":887,"href":"https:\/\/www.od.dk\/index.php?rest_route=\/wp\/v2\/pages\/595\/revisions\/887"}],"up":[{"embeddable":true,"href":"https:\/\/www.od.dk\/index.php?rest_route=\/wp\/v2\/pages\/424"}],"wp:featuredmedia":[{"embeddable":true,"href":"https:\/\/www.od.dk\/index.php?rest_route=\/wp\/v2\/media\/587"}],"wp:attachment":[{"href":"https:\/\/www.od.dk\/index.php?rest_route=%2Fwp%2Fv2%2Fmedia&parent=595"}],"curies":[{"name":"wp","href":"https:\/\/api.w.org\/{rel}","templated":true}]}}