{"id":653,"date":"2022-10-03T16:43:33","date_gmt":"2022-10-03T16:43:33","guid":{"rendered":"http:\/\/www.od.dk\/?page_id=653"},"modified":"2026-01-28T15:13:48","modified_gmt":"2026-01-28T14:13:48","slug":"om-operation-dagsvaerk","status":"publish","type":"page","link":"https:\/\/www.od.dk\/?page_id=653","title":{"rendered":"Om Operation Dagsv\u00e6rk"},"content":{"rendered":"\n<p><\/p>\n\n\n\n<h4 class=\"wp-block-heading\"><strong>Operation Dagsv\u00e6rk er af unge, med unge og for unge<\/strong><\/h4>\n\n\n\n<p><\/p>\n\n\n\n<p><strong>Operation Dagsv\u00e6rk er Danmarks eneste globale elevbev\u00e6gelse. Vi st\u00e5r bag den \u00e5rlige og unikke Dagsv\u00e6rkdag, og vi har bundet b\u00e5nd hvert \u00e5r siden 1985 mellem unge i Danmark og unge ude i verden. Unge er drivkraften i alt, hvad vi g\u00f8r \u2013 kort sagt er Operation Dagsv\u00e6rk af unge, med unge og for unge.&nbsp;<\/strong><\/p>\n\n\n\n<h2 class=\"wp-block-heading\">Dagsv\u00e6rkdag siden 1985<\/h2>\n\n\n\n<p>Vi er i alle lag af organisationen drevet af unge \u2013 udover en lille gruppe af ansatte best\u00e5r Operation Dagsv\u00e6rk af unge, der engagerer sig i alt lige fra bestyrelsesarbejde til aktivisme, frivilligt laver kampagner, organiserer events og motiverer elever ude p\u00e5 landets mange skoler.<\/p>\n\n\n\n<p>Operation Dagsv\u00e6rk st\u00e5r bag den \u00e5rlige Dagsv\u00e6rkdag, som altid ligger i november. Her v\u00e6lger tusindvis af elever p\u00e5 ungdomsuddannelser og efterskoler i hele Danmark hvert \u00e5r at bruge en dag p\u00e5 at arbejde fremfor at g\u00e5 i skole og at give deres l\u00f8n til et projekt, der st\u00f8tter unge i andre dele af verden. Dagsv\u00e6rkdagen er unik, og grunden til, at den har fundet sted i Danmark lige siden 1985, er, at nye generationer af unge hvert \u00e5r har st\u00e5et klar til at drive arbejdet videre.<\/p>\n\n\n\n<h2 class=\"wp-block-heading\">Unge, der g\u00f8r en forskel<\/h2>\n\n\n\n<p>Hvert \u00e5r samarbejder vi med en organisation om at st\u00f8tte et projekt med fokus p\u00e5 at styrke andre unge ude i verden \u2013 og det er altid danske elever, der v\u00e6lger, hvilket projekt vi st\u00f8tter, gennem det \u00e5rlige projektvalg ude p\u00e5 skolerne. Operation Dagsv\u00e6rk har blandt andet st\u00f8ttet unge oprindelige folks klimaaktivisme i Thailand og Malaysia, styrket social forandring hos unge i Gr\u00f8nland og bek\u00e6mpet diskrimination af LGBTQIA+-personer i Kenya.<\/p>\n\n\n\n<p>Det er ungdomsdemokratiet, der i sidste ende bestemmer, hvilke projekter, der skal st\u00f8ttes p\u00e5 Dagsv\u00e6rkdagen, n\u00e5r der er projektvalg p\u00e5 vores medlemsskoler. Det er vigtigt &#8211; for som en elev fra 1.G sagde, da hun arbejdede p\u00e5 Dagsv\u00e6rkdagen: \u201cAlt, der omhandler, at os unge g\u00f8r en forskel, er skidemotiverende.\u201d<\/p>\n\n\n\n<p>Det er hun ikke den eneste, der synes. \u00c5r efter \u00e5r tilbyder virksomheder og privatpersoner arbejde p\u00e5 Dagsv\u00e6rkdagen, fordi der er tiltro til os som organisation og til ungdommen. Som en kvinde, der havde hyret 10 Dagsv\u00e6rkere til at rydde op i et lager p\u00e5 Dagsv\u00e6rkdagen, sagde: \u201cVi vil jo gerne st\u00f8tte de unge mennesker, som r\u00e6kker h\u00e5nden op og vil deltage i f\u00e6llesskabet.\u201d<\/p>\n\n\n\n<h2 class=\"wp-block-heading\">F\u00e6llesskaber p\u00e5 tv\u00e6rs af verden<\/h2>\n\n\n\n<p>Hvert \u00e5r rejser vores frivillige p\u00e5 tur til \u00e5rets projektland og indsamler information og viden, som de videreformidler til andre unge hjemme i Danmark gennem kampagner og undervisningsmateriale. Det sker i t\u00e6t samarbejde med de lokale unge. Derfor bliver der knyttet f\u00e6llesskaber p\u00e5 tv\u00e6rs af landegr\u00e6nser gennem Operation Dagsv\u00e6rks arbejde. Vi kalder vores tilgang for ung-til-ung-til-ung.<\/p>\n\n\n\n<p>Der findes mange organisationer, man kan st\u00f8tte med pengedonationer, men i Operation Dagsv\u00e6rk f\u00e5r unge mulighed for at bidrage med d\u00e9t, de har mest af \u2013 nemlig deres arbejdskraft. Det er b\u00e5de p\u00e5 Dagsv\u00e6rkdagen, hvor deres l\u00f8n g\u00e5r direkte til \u00e5rets projekt, men ogs\u00e5 resten af \u00e5ret, hvor de engagerer sig som frivillige, bestyrelsesmedlemmer og aktivister. Her engagerer de sig, fordi de g\u00e5r op i verden omkring dem, og til geng\u00e6ld f\u00e5r de livslange f\u00e6llesskaber p\u00e5 tv\u00e6rs af \u00e5rgange, skoler og landegr\u00e6nser.<\/p>\n\n\n\n<p>Ungdommen er fyldt med g\u00e5p\u00e5mod, engagement og lyst til f\u00e6llesskab. Vi tror p\u00e5, at de kan g\u00f8re en forskel i hele verden.<\/p>\n\n\n\n<div class=\"faktaboks\">\n  <div class=\"color-box\"><\/div>\n  <h2>Bliv klogere p\u00e5 Operation Dagsv\u00e6rks holdninger og arbejde<\/h2>\n<p>&nbsp;<\/p>\n<ul>\n<li><a href=\"http:\/\/www.od.dk\/wp-content\/uploads\/2022\/10\/1.-Principper-for-ODs-arbejde.pdf\">Principper for ODs arbejde<\/a><\/li>\n<li><a href=\"http:\/\/www.od.dk\/wp-content\/uploads\/2025\/12\/Princippapir-for-ODs-holdninger-og-krav-til-projekter-og-projektstillere-vedtaget-2025.pdf\">Princippapir for OD&#8217;s holdninger og krav til projekter<\/a><\/li>\n<li><a href=\"http:\/\/www.od.dk\/wp-content\/uploads\/2022\/10\/4.-Operation-Dagsvaerk-strategi-2026.pdf\">Operation Dagsv\u00e6rk strategi for 2026<\/a><\/li>\n<li><a href=\"http:\/\/www.od.dk\/wp-content\/uploads\/2022\/10\/7.-Princippair-for-holdning-til-Ligestilling-mellem-koennene.pdf\">Princippair for holdning til Ligestilling mellem k\u00f8nnene<\/a><\/li>\n<li><a href=\"http:\/\/www.od.dk\/wp-content\/uploads\/2025\/12\/Princippapir-for-holdning-til-klima.pdf\">Princippapir for holdning til Klima<\/a><\/li>\n<li><a href=\"http:\/\/www.od.dk\/wp-content\/uploads\/2022\/10\/6.-Princippapir-for-holdning-til-Uddannelse.pdf\">Princippapir for holdning til Uddannelse<\/a><\/li>\n<li><a href=\"http:\/\/www.od.dk\/wp-content\/uploads\/2025\/12\/Princippapir-for-holdning-til-unges-mentale-sundhed.pdf\">Princippapir for holdning til Unges Mentale Sundhed<\/a><\/li>\n<li><a href=\"http:\/\/www.od.dk\/wp-content\/uploads\/2025\/12\/Princippapir-for-holdning-til-ligevaerd.pdf\">Princippapir for holdning til Ligev\u00e6rd<\/a><\/li>\n<li><a href=\"http:\/\/www.od.dk\/wp-content\/uploads\/2025\/12\/Princippapir-for-holdning-til-Oprindlige-folk.pdf\">Princippapir for holdning til Oprindelige Folk<\/a><\/li>\n<li><a href=\"http:\/\/www.od.dk\/wp-content\/uploads\/2025\/12\/Vedtaegter-2025-1.pdf\">Vedt\u00e6gter, vedtaget Storm\u00f8de 2025<\/a><\/li>\n<li><a href=\"http:\/\/www.od.dk\/wp-content\/uploads\/2025\/12\/Aarsregnskab-2024.pdf\">\u00c5rsregnskab 2024<\/a><\/li>\n<li><a href=\"http:\/\/www.od.dk\/wp-content\/uploads\/2023\/08\/Operation-Dagsvaerks-Organiseringsstrategi.pdf\">Operation Dagsv\u00e6rks Organiseringsstrategi<\/a><\/li>\n<\/ul>\n<\/div>\n\n\n\n<p><\/p>\n","protected":false},"excerpt":{"rendered":"<p>Operation Dagsv\u00e6rk er af unge, med unge og for unge Operation Dagsv\u00e6rk er Danmarks eneste globale elevbev\u00e6gelse. Vi st\u00e5r bag den \u00e5rlige og unikke Dagsv\u00e6rkdag, og vi har bundet b\u00e5nd hvert \u00e5r siden 1985 mellem &hellip;<\/p>\n","protected":false},"author":1,"featured_media":0,"parent":0,"menu_order":0,"comment_status":"closed","ping_status":"closed","template":"","meta":{"footnotes":""},"acf":[],"yoast_head":"<!-- This site is optimized with the Yoast SEO plugin v22.5 - https:\/\/yoast.com\/wordpress\/plugins\/seo\/ -->\n<title>Om Operation Dagsv\u00e6rk - Operation Dagsv\u00e6rk<\/title>\n<meta name=\"description\" content=\"Operation Dagsv\u00e6rk er Danmarks eneste globale elevbev\u00e6gelse. Vi har siden 1985 st\u00e5et bag den \u00e5rlige og unikke Dagsv\u00e6rkdag.\" \/>\n<meta name=\"robots\" content=\"index, follow, max-snippet:-1, max-image-preview:large, max-video-preview:-1\" \/>\n<link rel=\"canonical\" href=\"https:\/\/www.od.dk\/?page_id=653\" \/>\n<meta property=\"og:locale\" content=\"da_DK\" \/>\n<meta property=\"og:type\" content=\"article\" \/>\n<meta property=\"og:title\" content=\"Om Operation Dagsv\u00e6rk - Operation Dagsv\u00e6rk\" \/>\n<meta property=\"og:description\" content=\"Operation Dagsv\u00e6rk er Danmarks eneste globale elevbev\u00e6gelse. Vi har siden 1985 st\u00e5et bag den \u00e5rlige og unikke Dagsv\u00e6rkdag.\" \/>\n<meta property=\"og:url\" content=\"https:\/\/www.od.dk\/?page_id=653\" \/>\n<meta property=\"og:site_name\" content=\"Operation Dagsv\u00e6rk\" \/>\n<meta property=\"article:modified_time\" content=\"2026-01-28T14:13:48+00:00\" \/>\n<meta name=\"twitter:card\" content=\"summary_large_image\" \/>\n<meta name=\"twitter:label1\" content=\"Estimeret l\u00e6setid\" \/>\n\t<meta name=\"twitter:data1\" content=\"3 minutter\" \/>\n<script type=\"application\/ld+json\" class=\"yoast-schema-graph\">{\"@context\":\"https:\/\/schema.org\",\"@graph\":[{\"@type\":\"WebPage\",\"@id\":\"https:\/\/www.od.dk\/?page_id=653\",\"url\":\"https:\/\/www.od.dk\/?page_id=653\",\"name\":\"Om Operation Dagsv\u00e6rk - Operation Dagsv\u00e6rk\",\"isPartOf\":{\"@id\":\"https:\/\/www.od.dk\/#website\"},\"datePublished\":\"2022-10-03T16:43:33+00:00\",\"dateModified\":\"2026-01-28T14:13:48+00:00\",\"description\":\"Operation Dagsv\u00e6rk er Danmarks eneste globale elevbev\u00e6gelse. Vi har siden 1985 st\u00e5et bag den \u00e5rlige og unikke Dagsv\u00e6rkdag.\",\"breadcrumb\":{\"@id\":\"https:\/\/www.od.dk\/?page_id=653#breadcrumb\"},\"inLanguage\":\"da-DK\",\"potentialAction\":[{\"@type\":\"ReadAction\",\"target\":[\"https:\/\/www.od.dk\/?page_id=653\"]}]},{\"@type\":\"BreadcrumbList\",\"@id\":\"https:\/\/www.od.dk\/?page_id=653#breadcrumb\",\"itemListElement\":[{\"@type\":\"ListItem\",\"position\":1,\"name\":\"Forside\",\"item\":\"https:\/\/www.od.dk\/\"},{\"@type\":\"ListItem\",\"position\":2,\"name\":\"Om Operation Dagsv\u00e6rk\"}]},{\"@type\":\"WebSite\",\"@id\":\"https:\/\/www.od.dk\/#website\",\"url\":\"https:\/\/www.od.dk\/\",\"name\":\"Operation Dagsv\u00e6rk\",\"description\":\"Oplysning, stillingtagen, handling\",\"alternateName\":\"OD\",\"potentialAction\":[{\"@type\":\"SearchAction\",\"target\":{\"@type\":\"EntryPoint\",\"urlTemplate\":\"https:\/\/www.od.dk\/?s={search_term_string}\"},\"query-input\":\"required name=search_term_string\"}],\"inLanguage\":\"da-DK\"}]}<\/script>\n<!-- \/ Yoast SEO plugin. -->","yoast_head_json":{"title":"Om Operation Dagsv\u00e6rk - Operation Dagsv\u00e6rk","description":"Operation Dagsv\u00e6rk er Danmarks eneste globale elevbev\u00e6gelse. Vi har siden 1985 st\u00e5et bag den \u00e5rlige og unikke Dagsv\u00e6rkdag.","robots":{"index":"index","follow":"follow","max-snippet":"max-snippet:-1","max-image-preview":"max-image-preview:large","max-video-preview":"max-video-preview:-1"},"canonical":"https:\/\/www.od.dk\/?page_id=653","og_locale":"da_DK","og_type":"article","og_title":"Om Operation Dagsv\u00e6rk - Operation Dagsv\u00e6rk","og_description":"Operation Dagsv\u00e6rk er Danmarks eneste globale elevbev\u00e6gelse. Vi har siden 1985 st\u00e5et bag den \u00e5rlige og unikke Dagsv\u00e6rkdag.","og_url":"https:\/\/www.od.dk\/?page_id=653","og_site_name":"Operation Dagsv\u00e6rk","article_modified_time":"2026-01-28T14:13:48+00:00","twitter_card":"summary_large_image","twitter_misc":{"Estimeret l\u00e6setid":"3 minutter"},"schema":{"@context":"https:\/\/schema.org","@graph":[{"@type":"WebPage","@id":"https:\/\/www.od.dk\/?page_id=653","url":"https:\/\/www.od.dk\/?page_id=653","name":"Om Operation Dagsv\u00e6rk - Operation Dagsv\u00e6rk","isPartOf":{"@id":"https:\/\/www.od.dk\/#website"},"datePublished":"2022-10-03T16:43:33+00:00","dateModified":"2026-01-28T14:13:48+00:00","description":"Operation Dagsv\u00e6rk er Danmarks eneste globale elevbev\u00e6gelse. Vi har siden 1985 st\u00e5et bag den \u00e5rlige og unikke Dagsv\u00e6rkdag.","breadcrumb":{"@id":"https:\/\/www.od.dk\/?page_id=653#breadcrumb"},"inLanguage":"da-DK","potentialAction":[{"@type":"ReadAction","target":["https:\/\/www.od.dk\/?page_id=653"]}]},{"@type":"BreadcrumbList","@id":"https:\/\/www.od.dk\/?page_id=653#breadcrumb","itemListElement":[{"@type":"ListItem","position":1,"name":"Forside","item":"https:\/\/www.od.dk\/"},{"@type":"ListItem","position":2,"name":"Om Operation Dagsv\u00e6rk"}]},{"@type":"WebSite","@id":"https:\/\/www.od.dk\/#website","url":"https:\/\/www.od.dk\/","name":"Operation Dagsv\u00e6rk","description":"Oplysning, stillingtagen, handling","alternateName":"OD","potentialAction":[{"@type":"SearchAction","target":{"@type":"EntryPoint","urlTemplate":"https:\/\/www.od.dk\/?s={search_term_string}"},"query-input":"required name=search_term_string"}],"inLanguage":"da-DK"}]}},"_links":{"self":[{"href":"https:\/\/www.od.dk\/index.php?rest_route=\/wp\/v2\/pages\/653"}],"collection":[{"href":"https:\/\/www.od.dk\/index.php?rest_route=\/wp\/v2\/pages"}],"about":[{"href":"https:\/\/www.od.dk\/index.php?rest_route=\/wp\/v2\/types\/page"}],"author":[{"embeddable":true,"href":"https:\/\/www.od.dk\/index.php?rest_route=\/wp\/v2\/users\/1"}],"replies":[{"embeddable":true,"href":"https:\/\/www.od.dk\/index.php?rest_route=%2Fwp%2Fv2%2Fcomments&post=653"}],"version-history":[{"count":19,"href":"https:\/\/www.od.dk\/index.php?rest_route=\/wp\/v2\/pages\/653\/revisions"}],"predecessor-version":[{"id":2051,"href":"https:\/\/www.od.dk\/index.php?rest_route=\/wp\/v2\/pages\/653\/revisions\/2051"}],"wp:attachment":[{"href":"https:\/\/www.od.dk\/index.php?rest_route=%2Fwp%2Fv2%2Fmedia&parent=653"}],"curies":[{"name":"wp","href":"https:\/\/api.w.org\/{rel}","templated":true}]}}