{"id":838,"date":"2022-11-03T11:29:27","date_gmt":"2022-11-03T11:29:27","guid":{"rendered":"https:\/\/www.od.dk\/?page_id=838"},"modified":"2026-02-11T14:19:34","modified_gmt":"2026-02-11T13:19:34","slug":"ledige-stillinger","status":"publish","type":"page","link":"https:\/\/www.od.dk\/?page_id=838","title":{"rendered":"Ledige stillinger"},"content":{"rendered":"\n<p>I menuen til h\u00f8jre kan du se aktuelle ledige stillinger<\/p>\n\n\n\n<p><\/p>\n\n\n\n<p>Vi er en lille organisation med begr\u00e6nset \u00f8konomi, s\u00e5 vi kan som udgangspunkt kun ans\u00e6tte i opsl\u00e5ede stillinger. Du er dog altid velkommen til at tage kontakt, s\u00e5 skal vi se, hvad vi kan g\u00f8re.<\/p>\n\n\n\n<p><\/p>\n\n\n\n<p>Vi har l\u00f8bende universitets-, 9.klasses-, dagpenge- og kontanthj\u00e6lpspraktikanter. Har du en god id\u00e9 eller viden, kompetencer eller \u00f8nsker, som kunne v\u00e6re relevante at samarbejde med os om, er du meget velkommen til at kontakte os. <\/p>\n","protected":false},"excerpt":{"rendered":"<p>I menuen til h\u00f8jre kan du se aktuelle ledige stillinger Vi er en lille organisation med begr\u00e6nset \u00f8konomi, s\u00e5 vi kan som udgangspunkt kun ans\u00e6tte i opsl\u00e5ede stillinger. Du er dog altid velkommen til at &hellip;<\/p>\n","protected":false},"author":1,"featured_media":0,"parent":0,"menu_order":0,"comment_status":"closed","ping_status":"closed","template":"","meta":{"footnotes":""},"acf":[],"yoast_head":"<!-- This site is optimized with the Yoast SEO plugin v22.5 - https:\/\/yoast.com\/wordpress\/plugins\/seo\/ -->\n<title>Ledige stillinger - Operation Dagsv\u00e6rk<\/title>\n<meta name=\"description\" content=\"Se Operation Dagsv\u00e6rks ledige stillinger p\u00e5 denne side.\" \/>\n<meta name=\"robots\" content=\"index, follow, max-snippet:-1, max-image-preview:large, max-video-preview:-1\" \/>\n<link rel=\"canonical\" href=\"https:\/\/www.od.dk\/?page_id=838\" \/>\n<meta property=\"og:locale\" content=\"da_DK\" \/>\n<meta property=\"og:type\" content=\"article\" \/>\n<meta property=\"og:title\" content=\"Ledige stillinger - Operation Dagsv\u00e6rk\" \/>\n<meta property=\"og:description\" content=\"Se Operation Dagsv\u00e6rks ledige stillinger p\u00e5 denne side.\" \/>\n<meta property=\"og:url\" content=\"https:\/\/www.od.dk\/?page_id=838\" \/>\n<meta property=\"og:site_name\" content=\"Operation Dagsv\u00e6rk\" \/>\n<meta property=\"article:modified_time\" content=\"2026-02-11T13:19:34+00:00\" \/>\n<meta name=\"twitter:card\" content=\"summary_large_image\" \/>\n<meta name=\"twitter:label1\" content=\"Estimeret l\u00e6setid\" \/>\n\t<meta name=\"twitter:data1\" content=\"1 minut\" \/>\n<script type=\"application\/ld+json\" class=\"yoast-schema-graph\">{\"@context\":\"https:\/\/schema.org\",\"@graph\":[{\"@type\":\"WebPage\",\"@id\":\"https:\/\/www.od.dk\/?page_id=838\",\"url\":\"https:\/\/www.od.dk\/?page_id=838\",\"name\":\"Ledige stillinger - Operation Dagsv\u00e6rk\",\"isPartOf\":{\"@id\":\"https:\/\/www.od.dk\/#website\"},\"datePublished\":\"2022-11-03T11:29:27+00:00\",\"dateModified\":\"2026-02-11T13:19:34+00:00\",\"description\":\"Se Operation Dagsv\u00e6rks ledige stillinger p\u00e5 denne side.\",\"breadcrumb\":{\"@id\":\"https:\/\/www.od.dk\/?page_id=838#breadcrumb\"},\"inLanguage\":\"da-DK\",\"potentialAction\":[{\"@type\":\"ReadAction\",\"target\":[\"https:\/\/www.od.dk\/?page_id=838\"]}]},{\"@type\":\"BreadcrumbList\",\"@id\":\"https:\/\/www.od.dk\/?page_id=838#breadcrumb\",\"itemListElement\":[{\"@type\":\"ListItem\",\"position\":1,\"name\":\"Forside\",\"item\":\"https:\/\/www.od.dk\/\"},{\"@type\":\"ListItem\",\"position\":2,\"name\":\"Ledige stillinger\"}]},{\"@type\":\"WebSite\",\"@id\":\"https:\/\/www.od.dk\/#website\",\"url\":\"https:\/\/www.od.dk\/\",\"name\":\"Operation Dagsv\u00e6rk\",\"description\":\"Oplysning, stillingtagen, handling\",\"alternateName\":\"OD\",\"potentialAction\":[{\"@type\":\"SearchAction\",\"target\":{\"@type\":\"EntryPoint\",\"urlTemplate\":\"https:\/\/www.od.dk\/?s={search_term_string}\"},\"query-input\":\"required name=search_term_string\"}],\"inLanguage\":\"da-DK\"}]}<\/script>\n<!-- \/ Yoast SEO plugin. -->","yoast_head_json":{"title":"Ledige stillinger - Operation Dagsv\u00e6rk","description":"Se Operation Dagsv\u00e6rks ledige stillinger p\u00e5 denne side.","robots":{"index":"index","follow":"follow","max-snippet":"max-snippet:-1","max-image-preview":"max-image-preview:large","max-video-preview":"max-video-preview:-1"},"canonical":"https:\/\/www.od.dk\/?page_id=838","og_locale":"da_DK","og_type":"article","og_title":"Ledige stillinger - Operation Dagsv\u00e6rk","og_description":"Se Operation Dagsv\u00e6rks ledige stillinger p\u00e5 denne side.","og_url":"https:\/\/www.od.dk\/?page_id=838","og_site_name":"Operation Dagsv\u00e6rk","article_modified_time":"2026-02-11T13:19:34+00:00","twitter_card":"summary_large_image","twitter_misc":{"Estimeret l\u00e6setid":"1 minut"},"schema":{"@context":"https:\/\/schema.org","@graph":[{"@type":"WebPage","@id":"https:\/\/www.od.dk\/?page_id=838","url":"https:\/\/www.od.dk\/?page_id=838","name":"Ledige stillinger - Operation Dagsv\u00e6rk","isPartOf":{"@id":"https:\/\/www.od.dk\/#website"},"datePublished":"2022-11-03T11:29:27+00:00","dateModified":"2026-02-11T13:19:34+00:00","description":"Se Operation Dagsv\u00e6rks ledige stillinger p\u00e5 denne side.","breadcrumb":{"@id":"https:\/\/www.od.dk\/?page_id=838#breadcrumb"},"inLanguage":"da-DK","potentialAction":[{"@type":"ReadAction","target":["https:\/\/www.od.dk\/?page_id=838"]}]},{"@type":"BreadcrumbList","@id":"https:\/\/www.od.dk\/?page_id=838#breadcrumb","itemListElement":[{"@type":"ListItem","position":1,"name":"Forside","item":"https:\/\/www.od.dk\/"},{"@type":"ListItem","position":2,"name":"Ledige stillinger"}]},{"@type":"WebSite","@id":"https:\/\/www.od.dk\/#website","url":"https:\/\/www.od.dk\/","name":"Operation Dagsv\u00e6rk","description":"Oplysning, stillingtagen, handling","alternateName":"OD","potentialAction":[{"@type":"SearchAction","target":{"@type":"EntryPoint","urlTemplate":"https:\/\/www.od.dk\/?s={search_term_string}"},"query-input":"required name=search_term_string"}],"inLanguage":"da-DK"}]}},"_links":{"self":[{"href":"https:\/\/www.od.dk\/index.php?rest_route=\/wp\/v2\/pages\/838"}],"collection":[{"href":"https:\/\/www.od.dk\/index.php?rest_route=\/wp\/v2\/pages"}],"about":[{"href":"https:\/\/www.od.dk\/index.php?rest_route=\/wp\/v2\/types\/page"}],"author":[{"embeddable":true,"href":"https:\/\/www.od.dk\/index.php?rest_route=\/wp\/v2\/users\/1"}],"replies":[{"embeddable":true,"href":"https:\/\/www.od.dk\/index.php?rest_route=%2Fwp%2Fv2%2Fcomments&post=838"}],"version-history":[{"count":1,"href":"https:\/\/www.od.dk\/index.php?rest_route=\/wp\/v2\/pages\/838\/revisions"}],"predecessor-version":[{"id":839,"href":"https:\/\/www.od.dk\/index.php?rest_route=\/wp\/v2\/pages\/838\/revisions\/839"}],"wp:attachment":[{"href":"https:\/\/www.od.dk\/index.php?rest_route=%2Fwp%2Fv2%2Fmedia&parent=838"}],"curies":[{"name":"wp","href":"https:\/\/api.w.org\/{rel}","templated":true}]}}